{"id":15797,"date":"2021-11-20T00:08:20","date_gmt":"2021-11-19T23:08:20","guid":{"rendered":"https:\/\/metropolevsech.eu\/?page_id=15797"},"modified":"2022-03-21T07:09:49","modified_gmt":"2022-03-21T06:09:49","slug":"ministerstvo-zahranicnich-veci-mzv","status":"publish","type":"page","link":"https:\/\/metropolevsech.eu\/en\/kontakty\/ministerstvo-zahranicnich-veci-mzv\/","title":{"rendered":"(\u010ce\u0161tina) Ministerstvo zahrani\u010dn\u00edch v\u011bc\u00ed (MZV)"},"content":{"rendered":"<p class=\"qtranxs-available-languages-message qtranxs-available-languages-message-en\">Sorry, this entry is only available in <a href=\"https:\/\/metropolevsech.eu\/cs\/wp-json\/wp\/v2\/pages\/15797\" class=\"qtranxs-available-language-link qtranxs-available-language-link-cs\" title=\"\u010ce\u0161tina\">Czech<\/a>.<\/p>","protected":false},"excerpt":{"rendered":"<p>Sorry, this entry is only available in Czech.<\/p>\n<a class=\"more-block\" href=\"https:\/\/metropolevsech.eu\/en\/kontakty\/ministerstvo-zahranicnich-veci-mzv\/\">Read more<\/a>","protected":false},"author":12,"featured_media":0,"parent":895,"menu_order":7,"comment_status":"closed","ping_status":"closed","template":"","meta":[],"acf":[],"_links":{"self":[{"href":"https:\/\/metropolevsech.eu\/en\/wp-json\/wp\/v2\/pages\/15797"}],"collection":[{"href":"https:\/\/metropolevsech.eu\/en\/wp-json\/wp\/v2\/pages"}],"about":[{"href":"https:\/\/metropolevsech.eu\/en\/wp-json\/wp\/v2\/types\/page"}],"author":[{"embeddable":true,"href":"https:\/\/metropolevsech.eu\/en\/wp-json\/wp\/v2\/users\/12"}],"replies":[{"embeddable":true,"href":"https:\/\/metropolevsech.eu\/en\/wp-json\/wp\/v2\/comments?post=15797"}],"version-history":[{"count":3,"href":"https:\/\/metropolevsech.eu\/en\/wp-json\/wp\/v2\/pages\/15797\/revisions"}],"predecessor-version":[{"id":16764,"href":"https:\/\/metropolevsech.eu\/en\/wp-json\/wp\/v2\/pages\/15797\/revisions\/16764"}],"up":[{"embeddable":true,"href":"https:\/\/metropolevsech.eu\/en\/wp-json\/wp\/v2\/pages\/895"}],"wp:attachment":[{"href":"https:\/\/metropolevsech.eu\/en\/wp-json\/wp\/v2\/media?parent=15797"}],"curies":[{"name":"wp","href":"https:\/\/api.w.org\/{rel}","templated":true}]}}