{"id":16934,"date":"2022-06-01T23:45:31","date_gmt":"2022-06-01T21:45:31","guid":{"rendered":"https:\/\/metropolevsech.eu\/?page_id=16934"},"modified":"2022-06-11T22:43:42","modified_gmt":"2022-06-11T20:43:42","slug":"politicke-organy-a-administrativa","status":"publish","type":"page","link":"https:\/\/metropolevsech.eu\/en\/o-nas\/hlavni-mesto-praha-a-integrace\/politicke-organy-a-administrativa\/","title":{"rendered":"(\u010ce\u0161tina) Politick\u00e9 org\u00e1ny a administrativa"},"content":{"rendered":"<p class=\"qtranxs-available-languages-message qtranxs-available-languages-message-en\">Sorry, this entry is only available in <a href=\"https:\/\/metropolevsech.eu\/cs\/wp-json\/wp\/v2\/pages\/16934\" class=\"qtranxs-available-language-link qtranxs-available-language-link-cs\" title=\"\u010ce\u0161tina\">Czech<\/a>.<\/p>","protected":false},"excerpt":{"rendered":"<p>Sorry, this entry is only available in Czech.<\/p>\n<a class=\"more-block\" href=\"https:\/\/metropolevsech.eu\/en\/o-nas\/hlavni-mesto-praha-a-integrace\/politicke-organy-a-administrativa\/\">Read more<\/a>","protected":false},"author":12,"featured_media":0,"parent":16975,"menu_order":2,"comment_status":"closed","ping_status":"closed","template":"","meta":[],"acf":[],"_links":{"self":[{"href":"https:\/\/metropolevsech.eu\/en\/wp-json\/wp\/v2\/pages\/16934"}],"collection":[{"href":"https:\/\/metropolevsech.eu\/en\/wp-json\/wp\/v2\/pages"}],"about":[{"href":"https:\/\/metropolevsech.eu\/en\/wp-json\/wp\/v2\/types\/page"}],"author":[{"embeddable":true,"href":"https:\/\/metropolevsech.eu\/en\/wp-json\/wp\/v2\/users\/12"}],"replies":[{"embeddable":true,"href":"https:\/\/metropolevsech.eu\/en\/wp-json\/wp\/v2\/comments?post=16934"}],"version-history":[{"count":2,"href":"https:\/\/metropolevsech.eu\/en\/wp-json\/wp\/v2\/pages\/16934\/revisions"}],"predecessor-version":[{"id":17160,"href":"https:\/\/metropolevsech.eu\/en\/wp-json\/wp\/v2\/pages\/16934\/revisions\/17160"}],"up":[{"embeddable":true,"href":"https:\/\/metropolevsech.eu\/en\/wp-json\/wp\/v2\/pages\/16975"}],"wp:attachment":[{"href":"https:\/\/metropolevsech.eu\/en\/wp-json\/wp\/v2\/media?parent=16934"}],"curies":[{"name":"wp","href":"https:\/\/api.w.org\/{rel}","templated":true}]}}