{"id":16948,"date":"2022-06-01T23:47:36","date_gmt":"2022-06-01T21:47:36","guid":{"rendered":"https:\/\/metropolevsech.eu\/?page_id=16948"},"modified":"2025-03-04T11:45:38","modified_gmt":"2025-03-04T10:45:38","slug":"financovani-integrace-cizincu","status":"publish","type":"page","link":"https:\/\/metropolevsech.eu\/en\/o-nas\/hlavni-mesto-praha-a-integrace\/financovani-integrace-cizincu\/","title":{"rendered":"(\u010ce\u0161tina) Financov\u00e1n\u00ed integrace cizinc\u016f"},"content":{"rendered":"<p class=\"qtranxs-available-languages-message qtranxs-available-languages-message-en\">Sorry, this entry is only available in <a href=\"https:\/\/metropolevsech.eu\/cs\/wp-json\/wp\/v2\/pages\/16948\" class=\"qtranxs-available-language-link qtranxs-available-language-link-cs\" title=\"\u010ce\u0161tina\">Czech<\/a>.<\/p>","protected":false},"excerpt":{"rendered":"<p>Sorry, this entry is only available in Czech.<\/p>\n<a class=\"more-block\" href=\"https:\/\/metropolevsech.eu\/en\/o-nas\/hlavni-mesto-praha-a-integrace\/financovani-integrace-cizincu\/\">Read more<\/a>","protected":false},"author":12,"featured_media":0,"parent":16975,"menu_order":5,"comment_status":"closed","ping_status":"closed","template":"","meta":[],"acf":[],"_links":{"self":[{"href":"https:\/\/metropolevsech.eu\/en\/wp-json\/wp\/v2\/pages\/16948"}],"collection":[{"href":"https:\/\/metropolevsech.eu\/en\/wp-json\/wp\/v2\/pages"}],"about":[{"href":"https:\/\/metropolevsech.eu\/en\/wp-json\/wp\/v2\/types\/page"}],"author":[{"embeddable":true,"href":"https:\/\/metropolevsech.eu\/en\/wp-json\/wp\/v2\/users\/12"}],"replies":[{"embeddable":true,"href":"https:\/\/metropolevsech.eu\/en\/wp-json\/wp\/v2\/comments?post=16948"}],"version-history":[{"count":9,"href":"https:\/\/metropolevsech.eu\/en\/wp-json\/wp\/v2\/pages\/16948\/revisions"}],"predecessor-version":[{"id":21981,"href":"https:\/\/metropolevsech.eu\/en\/wp-json\/wp\/v2\/pages\/16948\/revisions\/21981"}],"up":[{"embeddable":true,"href":"https:\/\/metropolevsech.eu\/en\/wp-json\/wp\/v2\/pages\/16975"}],"wp:attachment":[{"href":"https:\/\/metropolevsech.eu\/en\/wp-json\/wp\/v2\/media?parent=16948"}],"curies":[{"name":"wp","href":"https:\/\/api.w.org\/{rel}","templated":true}]}}