{"id":16982,"date":"2022-06-02T19:47:50","date_gmt":"2022-06-02T17:47:50","guid":{"rendered":"https:\/\/metropolevsech.eu\/?page_id=16982"},"modified":"2022-08-02T21:40:47","modified_gmt":"2022-08-02T19:40:47","slug":"strategicke-dokumenty-a-analyzy","status":"publish","type":"page","link":"https:\/\/metropolevsech.eu\/en\/o-nas\/strategicke-dokumenty-a-analyzy\/","title":{"rendered":"(\u010ce\u0161tina) Strategick\u00e9 dokumenty a anal\u00fdzy"},"content":{"rendered":"<p class=\"qtranxs-available-languages-message qtranxs-available-languages-message-en\">Sorry, this entry is only available in <a href=\"https:\/\/metropolevsech.eu\/cs\/wp-json\/wp\/v2\/pages\/16982\" class=\"qtranxs-available-language-link qtranxs-available-language-link-cs\" title=\"\u010ce\u0161tina\">Czech<\/a>.<\/p>","protected":false},"excerpt":{"rendered":"<p>Sorry, this entry is only available in Czech.<\/p>\n<a class=\"more-block\" href=\"https:\/\/metropolevsech.eu\/en\/o-nas\/strategicke-dokumenty-a-analyzy\/\">Read more<\/a>","protected":false},"author":12,"featured_media":0,"parent":8,"menu_order":2,"comment_status":"closed","ping_status":"closed","template":"","meta":[],"acf":[],"_links":{"self":[{"href":"https:\/\/metropolevsech.eu\/en\/wp-json\/wp\/v2\/pages\/16982"}],"collection":[{"href":"https:\/\/metropolevsech.eu\/en\/wp-json\/wp\/v2\/pages"}],"about":[{"href":"https:\/\/metropolevsech.eu\/en\/wp-json\/wp\/v2\/types\/page"}],"author":[{"embeddable":true,"href":"https:\/\/metropolevsech.eu\/en\/wp-json\/wp\/v2\/users\/12"}],"replies":[{"embeddable":true,"href":"https:\/\/metropolevsech.eu\/en\/wp-json\/wp\/v2\/comments?post=16982"}],"version-history":[{"count":3,"href":"https:\/\/metropolevsech.eu\/en\/wp-json\/wp\/v2\/pages\/16982\/revisions"}],"predecessor-version":[{"id":17048,"href":"https:\/\/metropolevsech.eu\/en\/wp-json\/wp\/v2\/pages\/16982\/revisions\/17048"}],"up":[{"embeddable":true,"href":"https:\/\/metropolevsech.eu\/en\/wp-json\/wp\/v2\/pages\/8"}],"wp:attachment":[{"href":"https:\/\/metropolevsech.eu\/en\/wp-json\/wp\/v2\/media?parent=16982"}],"curies":[{"name":"wp","href":"https:\/\/api.w.org\/{rel}","templated":true}]}}