{"id":16985,"date":"2022-06-02T19:53:00","date_gmt":"2022-06-02T17:53:00","guid":{"rendered":"https:\/\/metropolevsech.eu\/?page_id=16985"},"modified":"2024-03-07T15:33:16","modified_gmt":"2024-03-07T14:33:16","slug":"strategicke-dokumenty","status":"publish","type":"page","link":"https:\/\/metropolevsech.eu\/en\/o-nas\/strategicke-dokumenty-a-analyzy\/strategicke-dokumenty\/","title":{"rendered":"(\u010ce\u0161tina) Koncepce HMP a ak\u010dn\u00ed pl\u00e1ny"},"content":{"rendered":"<p class=\"qtranxs-available-languages-message qtranxs-available-languages-message-en\">Sorry, this entry is only available in <a href=\"https:\/\/metropolevsech.eu\/cs\/wp-json\/wp\/v2\/pages\/16985\" class=\"qtranxs-available-language-link qtranxs-available-language-link-cs\" title=\"\u010ce\u0161tina\">Czech<\/a>.<\/p>","protected":false},"excerpt":{"rendered":"<p>Sorry, this entry is only available in Czech.<\/p>\n<a class=\"more-block\" href=\"https:\/\/metropolevsech.eu\/en\/o-nas\/strategicke-dokumenty-a-analyzy\/strategicke-dokumenty\/\">Read more<\/a>","protected":false},"author":12,"featured_media":0,"parent":16982,"menu_order":0,"comment_status":"closed","ping_status":"closed","template":"","meta":[],"acf":[],"_links":{"self":[{"href":"https:\/\/metropolevsech.eu\/en\/wp-json\/wp\/v2\/pages\/16985"}],"collection":[{"href":"https:\/\/metropolevsech.eu\/en\/wp-json\/wp\/v2\/pages"}],"about":[{"href":"https:\/\/metropolevsech.eu\/en\/wp-json\/wp\/v2\/types\/page"}],"author":[{"embeddable":true,"href":"https:\/\/metropolevsech.eu\/en\/wp-json\/wp\/v2\/users\/12"}],"replies":[{"embeddable":true,"href":"https:\/\/metropolevsech.eu\/en\/wp-json\/wp\/v2\/comments?post=16985"}],"version-history":[{"count":19,"href":"https:\/\/metropolevsech.eu\/en\/wp-json\/wp\/v2\/pages\/16985\/revisions"}],"predecessor-version":[{"id":20171,"href":"https:\/\/metropolevsech.eu\/en\/wp-json\/wp\/v2\/pages\/16985\/revisions\/20171"}],"up":[{"embeddable":true,"href":"https:\/\/metropolevsech.eu\/en\/wp-json\/wp\/v2\/pages\/16982"}],"wp:attachment":[{"href":"https:\/\/metropolevsech.eu\/en\/wp-json\/wp\/v2\/media?parent=16985"}],"curies":[{"name":"wp","href":"https:\/\/api.w.org\/{rel}","templated":true}]}}