{"id":17003,"date":"2022-06-02T20:24:10","date_gmt":"2022-06-02T18:24:10","guid":{"rendered":"https:\/\/metropolevsech.eu\/?page_id=17003"},"modified":"2025-11-26T14:34:32","modified_gmt":"2025-11-26T13:34:32","slug":"analyzy","status":"publish","type":"page","link":"https:\/\/metropolevsech.eu\/en\/o-nas\/strategicke-dokumenty-a-analyzy\/analyzy\/","title":{"rendered":"(\u010ce\u0161tina) Anal\u00fdzy"},"content":{"rendered":"<p class=\"qtranxs-available-languages-message qtranxs-available-languages-message-en\">Sorry, this entry is only available in <a href=\"https:\/\/metropolevsech.eu\/cs\/wp-json\/wp\/v2\/pages\/17003\" class=\"qtranxs-available-language-link qtranxs-available-language-link-cs\" title=\"\u010ce\u0161tina\">Czech<\/a>.<\/p>","protected":false},"excerpt":{"rendered":"<p>Sorry, this entry is only available in Czech.<\/p>\n<a class=\"more-block\" href=\"https:\/\/metropolevsech.eu\/en\/o-nas\/strategicke-dokumenty-a-analyzy\/analyzy\/\">Read more<\/a>","protected":false},"author":12,"featured_media":0,"parent":16982,"menu_order":2,"comment_status":"closed","ping_status":"closed","template":"","meta":[],"acf":[],"_links":{"self":[{"href":"https:\/\/metropolevsech.eu\/en\/wp-json\/wp\/v2\/pages\/17003"}],"collection":[{"href":"https:\/\/metropolevsech.eu\/en\/wp-json\/wp\/v2\/pages"}],"about":[{"href":"https:\/\/metropolevsech.eu\/en\/wp-json\/wp\/v2\/types\/page"}],"author":[{"embeddable":true,"href":"https:\/\/metropolevsech.eu\/en\/wp-json\/wp\/v2\/users\/12"}],"replies":[{"embeddable":true,"href":"https:\/\/metropolevsech.eu\/en\/wp-json\/wp\/v2\/comments?post=17003"}],"version-history":[{"count":24,"href":"https:\/\/metropolevsech.eu\/en\/wp-json\/wp\/v2\/pages\/17003\/revisions"}],"predecessor-version":[{"id":24107,"href":"https:\/\/metropolevsech.eu\/en\/wp-json\/wp\/v2\/pages\/17003\/revisions\/24107"}],"up":[{"embeddable":true,"href":"https:\/\/metropolevsech.eu\/en\/wp-json\/wp\/v2\/pages\/16982"}],"wp:attachment":[{"href":"https:\/\/metropolevsech.eu\/en\/wp-json\/wp\/v2\/media?parent=17003"}],"curies":[{"name":"wp","href":"https:\/\/api.w.org\/{rel}","templated":true}]}}