{"id":17161,"date":"2022-06-11T23:04:00","date_gmt":"2022-06-11T21:04:00","guid":{"rendered":"https:\/\/metropolevsech.eu\/?page_id=17161"},"modified":"2022-06-21T16:24:21","modified_gmt":"2022-06-21T14:24:21","slug":"dobra-praxe-vzdelavani-pracovniku","status":"publish","type":"page","link":"https:\/\/metropolevsech.eu\/en\/o-nas\/dobra-praxe-vzdelavani-pracovniku\/","title":{"rendered":"(\u010ce\u0161tina) Dobr\u00e1 praxe, vzd\u011bl\u00e1v\u00e1n\u00ed pracovn\u00edk\u016f"},"content":{"rendered":"<p class=\"qtranxs-available-languages-message qtranxs-available-languages-message-en\">Sorry, this entry is only available in <a href=\"https:\/\/metropolevsech.eu\/cs\/wp-json\/wp\/v2\/pages\/17161\" class=\"qtranxs-available-language-link qtranxs-available-language-link-cs\" title=\"\u010ce\u0161tina\">Czech<\/a>.<\/p>","protected":false},"excerpt":{"rendered":"<p>Sorry, this entry is only available in Czech.<\/p>\n<a class=\"more-block\" href=\"https:\/\/metropolevsech.eu\/en\/o-nas\/dobra-praxe-vzdelavani-pracovniku\/\">Read more<\/a>","protected":false},"author":12,"featured_media":0,"parent":8,"menu_order":3,"comment_status":"closed","ping_status":"closed","template":"","meta":[],"acf":[],"_links":{"self":[{"href":"https:\/\/metropolevsech.eu\/en\/wp-json\/wp\/v2\/pages\/17161"}],"collection":[{"href":"https:\/\/metropolevsech.eu\/en\/wp-json\/wp\/v2\/pages"}],"about":[{"href":"https:\/\/metropolevsech.eu\/en\/wp-json\/wp\/v2\/types\/page"}],"author":[{"embeddable":true,"href":"https:\/\/metropolevsech.eu\/en\/wp-json\/wp\/v2\/users\/12"}],"replies":[{"embeddable":true,"href":"https:\/\/metropolevsech.eu\/en\/wp-json\/wp\/v2\/comments?post=17161"}],"version-history":[{"count":54,"href":"https:\/\/metropolevsech.eu\/en\/wp-json\/wp\/v2\/pages\/17161\/revisions"}],"predecessor-version":[{"id":17320,"href":"https:\/\/metropolevsech.eu\/en\/wp-json\/wp\/v2\/pages\/17161\/revisions\/17320"}],"up":[{"embeddable":true,"href":"https:\/\/metropolevsech.eu\/en\/wp-json\/wp\/v2\/pages\/8"}],"wp:attachment":[{"href":"https:\/\/metropolevsech.eu\/en\/wp-json\/wp\/v2\/media?parent=17161"}],"curies":[{"name":"wp","href":"https:\/\/api.w.org\/{rel}","templated":true}]}}