{"id":17240,"date":"2022-06-14T17:11:15","date_gmt":"2022-06-14T15:11:15","guid":{"rendered":"https:\/\/metropolevsech.eu\/?page_id=17240"},"modified":"2022-06-14T17:11:29","modified_gmt":"2022-06-14T15:11:29","slug":"lokalni-integrace","status":"publish","type":"page","link":"https:\/\/metropolevsech.eu\/en\/o-nas\/dobra-praxe-vzdelavani-pracovniku\/lokalni-integrace\/","title":{"rendered":"(\u010ce\u0161tina) Lok\u00e1ln\u00ed integrace"},"content":{"rendered":"<p class=\"qtranxs-available-languages-message qtranxs-available-languages-message-en\">Sorry, this entry is only available in <a href=\"https:\/\/metropolevsech.eu\/cs\/wp-json\/wp\/v2\/pages\/17240\" class=\"qtranxs-available-language-link qtranxs-available-language-link-cs\" title=\"\u010ce\u0161tina\">Czech<\/a>.<\/p>","protected":false},"excerpt":{"rendered":"<p>Sorry, this entry is only available in Czech.<\/p>\n<a class=\"more-block\" href=\"https:\/\/metropolevsech.eu\/en\/o-nas\/dobra-praxe-vzdelavani-pracovniku\/lokalni-integrace\/\">Read more<\/a>","protected":false},"author":12,"featured_media":0,"parent":17161,"menu_order":0,"comment_status":"closed","ping_status":"closed","template":"","meta":[],"acf":[],"_links":{"self":[{"href":"https:\/\/metropolevsech.eu\/en\/wp-json\/wp\/v2\/pages\/17240"}],"collection":[{"href":"https:\/\/metropolevsech.eu\/en\/wp-json\/wp\/v2\/pages"}],"about":[{"href":"https:\/\/metropolevsech.eu\/en\/wp-json\/wp\/v2\/types\/page"}],"author":[{"embeddable":true,"href":"https:\/\/metropolevsech.eu\/en\/wp-json\/wp\/v2\/users\/12"}],"replies":[{"embeddable":true,"href":"https:\/\/metropolevsech.eu\/en\/wp-json\/wp\/v2\/comments?post=17240"}],"version-history":[{"count":2,"href":"https:\/\/metropolevsech.eu\/en\/wp-json\/wp\/v2\/pages\/17240\/revisions"}],"predecessor-version":[{"id":17242,"href":"https:\/\/metropolevsech.eu\/en\/wp-json\/wp\/v2\/pages\/17240\/revisions\/17242"}],"up":[{"embeddable":true,"href":"https:\/\/metropolevsech.eu\/en\/wp-json\/wp\/v2\/pages\/17161"}],"wp:attachment":[{"href":"https:\/\/metropolevsech.eu\/en\/wp-json\/wp\/v2\/media?parent=17240"}],"curies":[{"name":"wp","href":"https:\/\/api.w.org\/{rel}","templated":true}]}}