{"id":17246,"date":"2022-06-14T17:14:13","date_gmt":"2022-06-14T15:14:13","guid":{"rendered":"https:\/\/metropolevsech.eu\/?page_id=17246"},"modified":"2022-06-14T17:14:13","modified_gmt":"2022-06-14T15:14:13","slug":"sluzby-socialni-a-zamestnanosti","status":"publish","type":"page","link":"https:\/\/metropolevsech.eu\/en\/o-nas\/dobra-praxe-vzdelavani-pracovniku\/sluzby-socialni-a-zamestnanosti\/","title":{"rendered":"(\u010ce\u0161tina) Slu\u017eby soci\u00e1ln\u00ed a zam\u011bstnanosti"},"content":{"rendered":"<p class=\"qtranxs-available-languages-message qtranxs-available-languages-message-en\">Sorry, this entry is only available in <a href=\"https:\/\/metropolevsech.eu\/cs\/wp-json\/wp\/v2\/pages\/17246\" class=\"qtranxs-available-language-link qtranxs-available-language-link-cs\" title=\"\u010ce\u0161tina\">Czech<\/a>.<\/p>","protected":false},"excerpt":{"rendered":"<p>Sorry, this entry is only available in Czech.<\/p>\n<a class=\"more-block\" href=\"https:\/\/metropolevsech.eu\/en\/o-nas\/dobra-praxe-vzdelavani-pracovniku\/sluzby-socialni-a-zamestnanosti\/\">Read more<\/a>","protected":false},"author":12,"featured_media":0,"parent":17161,"menu_order":2,"comment_status":"closed","ping_status":"closed","template":"","meta":[],"acf":[],"_links":{"self":[{"href":"https:\/\/metropolevsech.eu\/en\/wp-json\/wp\/v2\/pages\/17246"}],"collection":[{"href":"https:\/\/metropolevsech.eu\/en\/wp-json\/wp\/v2\/pages"}],"about":[{"href":"https:\/\/metropolevsech.eu\/en\/wp-json\/wp\/v2\/types\/page"}],"author":[{"embeddable":true,"href":"https:\/\/metropolevsech.eu\/en\/wp-json\/wp\/v2\/users\/12"}],"replies":[{"embeddable":true,"href":"https:\/\/metropolevsech.eu\/en\/wp-json\/wp\/v2\/comments?post=17246"}],"version-history":[{"count":1,"href":"https:\/\/metropolevsech.eu\/en\/wp-json\/wp\/v2\/pages\/17246\/revisions"}],"predecessor-version":[{"id":17247,"href":"https:\/\/metropolevsech.eu\/en\/wp-json\/wp\/v2\/pages\/17246\/revisions\/17247"}],"up":[{"embeddable":true,"href":"https:\/\/metropolevsech.eu\/en\/wp-json\/wp\/v2\/pages\/17161"}],"wp:attachment":[{"href":"https:\/\/metropolevsech.eu\/en\/wp-json\/wp\/v2\/media?parent=17246"}],"curies":[{"name":"wp","href":"https:\/\/api.w.org\/{rel}","templated":true}]}}