{"id":17250,"date":"2022-06-14T17:16:47","date_gmt":"2022-06-14T15:16:47","guid":{"rendered":"https:\/\/metropolevsech.eu\/?page_id=17250"},"modified":"2022-06-21T15:47:14","modified_gmt":"2022-06-21T13:47:14","slug":"souziti-a-vzajemna-komunikace-s-cizinci","status":"publish","type":"page","link":"https:\/\/metropolevsech.eu\/en\/o-nas\/dobra-praxe-vzdelavani-pracovniku\/souziti-a-vzajemna-komunikace-s-cizinci\/","title":{"rendered":"(\u010ce\u0161tina) Sou\u017eit\u00ed a vz\u00e1jemn\u00e1 komunikace s cizinci"},"content":{"rendered":"<p class=\"qtranxs-available-languages-message qtranxs-available-languages-message-en\">Sorry, this entry is only available in <a href=\"https:\/\/metropolevsech.eu\/cs\/wp-json\/wp\/v2\/pages\/17250\" class=\"qtranxs-available-language-link qtranxs-available-language-link-cs\" title=\"\u010ce\u0161tina\">Czech<\/a>.<\/p>","protected":false},"excerpt":{"rendered":"<p>Sorry, this entry is only available in Czech.<\/p>\n<a class=\"more-block\" href=\"https:\/\/metropolevsech.eu\/en\/o-nas\/dobra-praxe-vzdelavani-pracovniku\/souziti-a-vzajemna-komunikace-s-cizinci\/\">Read more<\/a>","protected":false},"author":12,"featured_media":0,"parent":17161,"menu_order":4,"comment_status":"closed","ping_status":"closed","template":"","meta":[],"acf":[],"_links":{"self":[{"href":"https:\/\/metropolevsech.eu\/en\/wp-json\/wp\/v2\/pages\/17250"}],"collection":[{"href":"https:\/\/metropolevsech.eu\/en\/wp-json\/wp\/v2\/pages"}],"about":[{"href":"https:\/\/metropolevsech.eu\/en\/wp-json\/wp\/v2\/types\/page"}],"author":[{"embeddable":true,"href":"https:\/\/metropolevsech.eu\/en\/wp-json\/wp\/v2\/users\/12"}],"replies":[{"embeddable":true,"href":"https:\/\/metropolevsech.eu\/en\/wp-json\/wp\/v2\/comments?post=17250"}],"version-history":[{"count":12,"href":"https:\/\/metropolevsech.eu\/en\/wp-json\/wp\/v2\/pages\/17250\/revisions"}],"predecessor-version":[{"id":17313,"href":"https:\/\/metropolevsech.eu\/en\/wp-json\/wp\/v2\/pages\/17250\/revisions\/17313"}],"up":[{"embeddable":true,"href":"https:\/\/metropolevsech.eu\/en\/wp-json\/wp\/v2\/pages\/17161"}],"wp:attachment":[{"href":"https:\/\/metropolevsech.eu\/en\/wp-json\/wp\/v2\/media?parent=17250"}],"curies":[{"name":"wp","href":"https:\/\/api.w.org\/{rel}","templated":true}]}}