{"id":17311,"date":"2022-06-21T15:47:04","date_gmt":"2022-06-21T13:47:04","guid":{"rendered":"https:\/\/metropolevsech.eu\/?page_id=17311"},"modified":"2022-06-21T15:47:04","modified_gmt":"2022-06-21T13:47:04","slug":"myty-a-fakta-komunikace-s-verejnosti","status":"publish","type":"page","link":"https:\/\/metropolevsech.eu\/en\/o-nas\/dobra-praxe-vzdelavani-pracovniku\/myty-a-fakta-komunikace-s-verejnosti\/","title":{"rendered":"(\u010ce\u0161tina) M\u00fdty a fakta, komunikace s ve\u0159ejnost\u00ed"},"content":{"rendered":"<p class=\"qtranxs-available-languages-message qtranxs-available-languages-message-en\">Sorry, this entry is only available in <a href=\"https:\/\/metropolevsech.eu\/cs\/wp-json\/wp\/v2\/pages\/17311\" class=\"qtranxs-available-language-link qtranxs-available-language-link-cs\" title=\"\u010ce\u0161tina\">Czech<\/a>.<\/p>","protected":false},"excerpt":{"rendered":"<p>Sorry, this entry is only available in Czech.<\/p>\n<a class=\"more-block\" href=\"https:\/\/metropolevsech.eu\/en\/o-nas\/dobra-praxe-vzdelavani-pracovniku\/myty-a-fakta-komunikace-s-verejnosti\/\">Read more<\/a>","protected":false},"author":12,"featured_media":0,"parent":17161,"menu_order":6,"comment_status":"closed","ping_status":"closed","template":"","meta":[],"acf":[],"_links":{"self":[{"href":"https:\/\/metropolevsech.eu\/en\/wp-json\/wp\/v2\/pages\/17311"}],"collection":[{"href":"https:\/\/metropolevsech.eu\/en\/wp-json\/wp\/v2\/pages"}],"about":[{"href":"https:\/\/metropolevsech.eu\/en\/wp-json\/wp\/v2\/types\/page"}],"author":[{"embeddable":true,"href":"https:\/\/metropolevsech.eu\/en\/wp-json\/wp\/v2\/users\/12"}],"replies":[{"embeddable":true,"href":"https:\/\/metropolevsech.eu\/en\/wp-json\/wp\/v2\/comments?post=17311"}],"version-history":[{"count":1,"href":"https:\/\/metropolevsech.eu\/en\/wp-json\/wp\/v2\/pages\/17311\/revisions"}],"predecessor-version":[{"id":17312,"href":"https:\/\/metropolevsech.eu\/en\/wp-json\/wp\/v2\/pages\/17311\/revisions\/17312"}],"up":[{"embeddable":true,"href":"https:\/\/metropolevsech.eu\/en\/wp-json\/wp\/v2\/pages\/17161"}],"wp:attachment":[{"href":"https:\/\/metropolevsech.eu\/en\/wp-json\/wp\/v2\/media?parent=17311"}],"curies":[{"name":"wp","href":"https:\/\/api.w.org\/{rel}","templated":true}]}}