{"id":17505,"date":"2022-08-02T21:31:13","date_gmt":"2022-08-02T19:31:13","guid":{"rendered":"https:\/\/metropolevsech.eu\/?page_id=17505"},"modified":"2022-12-12T10:35:30","modified_gmt":"2022-12-12T09:35:30","slug":"projekty-a-spoluprace-s-hmp","status":"publish","type":"page","link":"https:\/\/metropolevsech.eu\/en\/o-nas\/projekty-a-spoluprace-s-hmp\/","title":{"rendered":"(\u010ce\u0161tina) Projekty a spolupr\u00e1ce s HMP"},"content":{"rendered":"<p class=\"qtranxs-available-languages-message qtranxs-available-languages-message-en\">Sorry, this entry is only available in <a href=\"https:\/\/metropolevsech.eu\/cs\/wp-json\/wp\/v2\/pages\/17505\" class=\"qtranxs-available-language-link qtranxs-available-language-link-cs\" title=\"\u010ce\u0161tina\">Czech<\/a>.<\/p>","protected":false},"excerpt":{"rendered":"<p>Sorry, this entry is only available in Czech.<\/p>\n<a class=\"more-block\" href=\"https:\/\/metropolevsech.eu\/en\/o-nas\/projekty-a-spoluprace-s-hmp\/\">Read more<\/a>","protected":false},"author":12,"featured_media":0,"parent":8,"menu_order":1,"comment_status":"closed","ping_status":"closed","template":"","meta":[],"acf":[],"_links":{"self":[{"href":"https:\/\/metropolevsech.eu\/en\/wp-json\/wp\/v2\/pages\/17505"}],"collection":[{"href":"https:\/\/metropolevsech.eu\/en\/wp-json\/wp\/v2\/pages"}],"about":[{"href":"https:\/\/metropolevsech.eu\/en\/wp-json\/wp\/v2\/types\/page"}],"author":[{"embeddable":true,"href":"https:\/\/metropolevsech.eu\/en\/wp-json\/wp\/v2\/users\/12"}],"replies":[{"embeddable":true,"href":"https:\/\/metropolevsech.eu\/en\/wp-json\/wp\/v2\/comments?post=17505"}],"version-history":[{"count":5,"href":"https:\/\/metropolevsech.eu\/en\/wp-json\/wp\/v2\/pages\/17505\/revisions"}],"predecessor-version":[{"id":18218,"href":"https:\/\/metropolevsech.eu\/en\/wp-json\/wp\/v2\/pages\/17505\/revisions\/18218"}],"up":[{"embeddable":true,"href":"https:\/\/metropolevsech.eu\/en\/wp-json\/wp\/v2\/pages\/8"}],"wp:attachment":[{"href":"https:\/\/metropolevsech.eu\/en\/wp-json\/wp\/v2\/media?parent=17505"}],"curies":[{"name":"wp","href":"https:\/\/api.w.org\/{rel}","templated":true}]}}