{"id":20935,"date":"2024-11-04T15:07:08","date_gmt":"2024-11-04T14:07:08","guid":{"rendered":"https:\/\/metropolevsech.eu\/?page_id=20935"},"modified":"2026-01-23T18:08:26","modified_gmt":"2026-01-23T17:08:26","slug":"nemocnice-v-praze-specializovane-na-peci-o-cizince","status":"publish","type":"page","link":"https:\/\/metropolevsech.eu\/en\/potrebuji-resit\/zdravotnictvi-zdravotni-a-socialni-pojisteni\/lekari-a-pohotovost\/nemocnice-v-praze-specializovane-na-peci-o-cizince\/","title":{"rendered":"Prague Hospitals"},"content":{"rendered":"<p>The following hospitals and medical facilities specialize in providing health care to foreigners:<\/p>\n<p>&nbsp;<\/p>\n<h4><strong>Motol University Hospital \u2013 Department of Primary Care<\/strong><\/h4>\n<p>V \u00davalu 84, 150 06 Prague 5<\/p>\n<p>+420 224 431 111 \u00a0<a href=\"mailto:cizinecke@fnmotol.cz\">cizinecke@fnmotol.cz<\/a><\/p>\n<ul>\n<li>On their <a href=\"https:\/\/www.fnmotol.cz\/en\/oddeleni-pece-o-samoplatce-en\/zdravotni-pece-pro-cizince\/\">website<\/a> you can find useful information on providing health care services for migrants.<\/li>\n<\/ul>\n<p><span style=\"font-weight: 400;\">Reception desk for children of foreigners: +420 224 433 690<\/span><\/p>\n<p><span style=\"font-weight: 400;\">Reception desk for adult foreigners: +420 224 433 682<\/span><\/p>\n<p><strong>\u00a0<\/strong><\/p>\n<h4><strong>Na Homolce Hospital \u2013 Department of Foreign Nationals<\/strong><\/h4>\n<p>Roentgenova 2\/37, 150 30 Prague 5<br \/>\n+420 257 271 111<\/p>\n<p><a href=\"mailto:hospital@homolka.cz\">hospital@homolka.cz<\/a><\/p>\n<p><a href=\"https:\/\/www.homolka.cz\/en\/\"><span style=\"font-weight: 400;\">www.homolka.cz<\/span><\/a><\/p>\n<p><span style=\"font-weight: 400;\">Further information<\/span><\/p>\n<p><span style=\"font-weight: 400;\">+420 257 273 289<\/span><\/p>\n<p><span style=\"font-weight: 400;\">+420 257 272 144<\/span><\/p>\n<p>&nbsp;<\/p>\n<h4><b>Na Bulovce Hospital<\/b><\/h4>\n<p><span style=\"font-weight: 400;\">Bud\u00ednova 67\/2, 280 00 Prague 8, Libe\u0148<\/span><\/p>\n<p><span style=\"font-weight: 400;\">+420 266 081 111<\/span><\/p>\n<p><a href=\"https:\/\/www.bulovka.cz\/\"><span style=\"font-weight: 400;\">www.bulovka.cz<\/span><\/a><\/p>\n<p>&nbsp;<\/p>\n<h4><strong>Thomayer Hospital\u00a0<\/strong><\/h4>\n<p><span style=\"font-weight: 400;\">V\u00edde\u0148sk\u00e1, 140 00 Prague 4<\/span><\/p>\n<p><span style=\"font-weight: 400;\">+420 261 081 111<\/span><\/p>\n<p><a href=\"https:\/\/www.ftn.cz\/en\/\"><span style=\"font-weight: 400;\">www.ftn.cz<\/span><\/a><\/p>\n<p>&nbsp;<\/p>\n<h4><strong>Na Franti\u0161ku Hospital<\/strong><\/h4>\n<p><span style=\"font-weight: 400;\">Na Franti\u0161ku 847\/8, 110 00 Prague 1, Old Town<\/span><\/p>\n<p><span style=\"font-weight: 400;\">+420 222 801 111<\/span><\/p>\n<p><a href=\"https:\/\/www.nnfp.cz\/\"><span style=\"font-weight: 400;\">www.nnfp.cz<\/span><\/a><\/p>\n<p style=\"text-align: right;\"><em>Last update: 4 March 2025<\/em><\/p>\n<p><\/p>","protected":false},"excerpt":{"rendered":"<p>The following hospitals and medical facilities specialize in providing health care to foreigners: &nbsp; Motol University Hospital \u2013 Department of Primary Care V \u00davalu 84, 150 06 Prague 5 +420 224 431 111 \u00a0cizinecke@fnmotol.cz On their website you can find&#8230;<\/p>\n<a class=\"more-block\" href=\"https:\/\/metropolevsech.eu\/en\/potrebuji-resit\/zdravotnictvi-zdravotni-a-socialni-pojisteni\/lekari-a-pohotovost\/nemocnice-v-praze-specializovane-na-peci-o-cizince\/\">Read more<\/a>","protected":false},"author":7,"featured_media":0,"parent":648,"menu_order":0,"comment_status":"closed","ping_status":"closed","template":"","meta":[],"acf":[],"_links":{"self":[{"href":"https:\/\/metropolevsech.eu\/en\/wp-json\/wp\/v2\/pages\/20935"}],"collection":[{"href":"https:\/\/metropolevsech.eu\/en\/wp-json\/wp\/v2\/pages"}],"about":[{"href":"https:\/\/metropolevsech.eu\/en\/wp-json\/wp\/v2\/types\/page"}],"author":[{"embeddable":true,"href":"https:\/\/metropolevsech.eu\/en\/wp-json\/wp\/v2\/users\/7"}],"replies":[{"embeddable":true,"href":"https:\/\/metropolevsech.eu\/en\/wp-json\/wp\/v2\/comments?post=20935"}],"version-history":[{"count":17,"href":"https:\/\/metropolevsech.eu\/en\/wp-json\/wp\/v2\/pages\/20935\/revisions"}],"predecessor-version":[{"id":24553,"href":"https:\/\/metropolevsech.eu\/en\/wp-json\/wp\/v2\/pages\/20935\/revisions\/24553"}],"up":[{"embeddable":true,"href":"https:\/\/metropolevsech.eu\/en\/wp-json\/wp\/v2\/pages\/648"}],"wp:attachment":[{"href":"https:\/\/metropolevsech.eu\/en\/wp-json\/wp\/v2\/media?parent=20935"}],"curies":[{"name":"wp","href":"https:\/\/api.w.org\/{rel}","templated":true}]}}