{"id":21338,"date":"2024-12-16T20:43:08","date_gmt":"2024-12-16T19:43:08","guid":{"rendered":"https:\/\/metropolevsech.eu\/?page_id=21338"},"modified":"2024-12-16T20:43:08","modified_gmt":"2024-12-16T19:43:08","slug":"integra-integrace-cizincu-ze-tretich-zemi-skrze-partnerstvi-na-urovni-mest","status":"publish","type":"page","link":"https:\/\/metropolevsech.eu\/en\/o-nas\/projekty-a-spoluprace-s-hmp\/zahranicni-spoluprace\/integra-integrace-cizincu-ze-tretich-zemi-skrze-partnerstvi-na-urovni-mest\/","title":{"rendered":"(\u010ce\u0161tina) INTEGRA \u2013 Integrace cizinc\u016f ze t\u0159et\u00edch zem\u00ed skrze partnerstv\u00ed na \u00farovni m\u011bst"},"content":{"rendered":"<p class=\"qtranxs-available-languages-message qtranxs-available-languages-message-en\">Sorry, this entry is only available in <a href=\"https:\/\/metropolevsech.eu\/cs\/wp-json\/wp\/v2\/pages\/21338\" class=\"qtranxs-available-language-link qtranxs-available-language-link-cs\" title=\"\u010ce\u0161tina\">Czech<\/a>.<\/p>","protected":false},"excerpt":{"rendered":"<p>Sorry, this entry is only available in Czech.<\/p>\n<a class=\"more-block\" href=\"https:\/\/metropolevsech.eu\/en\/o-nas\/projekty-a-spoluprace-s-hmp\/zahranicni-spoluprace\/integra-integrace-cizincu-ze-tretich-zemi-skrze-partnerstvi-na-urovni-mest\/\">Read more<\/a>","protected":false},"author":7,"featured_media":0,"parent":17534,"menu_order":2,"comment_status":"closed","ping_status":"closed","template":"","meta":[],"acf":[],"_links":{"self":[{"href":"https:\/\/metropolevsech.eu\/en\/wp-json\/wp\/v2\/pages\/21338"}],"collection":[{"href":"https:\/\/metropolevsech.eu\/en\/wp-json\/wp\/v2\/pages"}],"about":[{"href":"https:\/\/metropolevsech.eu\/en\/wp-json\/wp\/v2\/types\/page"}],"author":[{"embeddable":true,"href":"https:\/\/metropolevsech.eu\/en\/wp-json\/wp\/v2\/users\/7"}],"replies":[{"embeddable":true,"href":"https:\/\/metropolevsech.eu\/en\/wp-json\/wp\/v2\/comments?post=21338"}],"version-history":[{"count":1,"href":"https:\/\/metropolevsech.eu\/en\/wp-json\/wp\/v2\/pages\/21338\/revisions"}],"predecessor-version":[{"id":21339,"href":"https:\/\/metropolevsech.eu\/en\/wp-json\/wp\/v2\/pages\/21338\/revisions\/21339"}],"up":[{"embeddable":true,"href":"https:\/\/metropolevsech.eu\/en\/wp-json\/wp\/v2\/pages\/17534"}],"wp:attachment":[{"href":"https:\/\/metropolevsech.eu\/en\/wp-json\/wp\/v2\/media?parent=21338"}],"curies":[{"name":"wp","href":"https:\/\/api.w.org\/{rel}","templated":true}]}}