{"id":2188,"date":"2017-02-19T08:18:41","date_gmt":"2017-02-19T07:18:41","guid":{"rendered":"https:\/\/metropolevsech.eu\/?page_id=2188"},"modified":"2026-02-12T15:05:34","modified_gmt":"2026-02-12T14:05:34","slug":"nevladni-neziskove-organizace","status":"publish","type":"page","link":"https:\/\/metropolevsech.eu\/en\/kontakty\/nevladni-neziskove-organizace\/","title":{"rendered":"Non-Governmental Non-Profit Organisations"},"content":{"rendered":"<p><em>In Prague there is a lot of NGOs which focus on migration and offer various services to migrants. Most services are provided free of charge or only for a symbolic fee. In these organisations you can also use your mother tongue if you are not confident in Czech.<\/em><\/p>\n<ul class=\"bullet\">\n<li><a href=\"#cic\">Centre for Integration of Foreigners (CIC)<\/a><\/li>\n<li><a href=\"#inbaze\">InBaze<\/a><\/li>\n<li><a href=\"#meta\">META<\/a><\/li>\n<li><a href=\"#MigAct, z.s.\">MigAct<\/a><\/li>\n<li><a href=\"#mkcpraha\">Multicultural Centre of Prague<\/a><\/li>\n<li><a href=\"#novaskola\">Nov\u00e1 \u0161kola<\/a><\/li>\n<li><a href=\"#opu\">Organization for Aid to Refugees<\/a><\/li>\n<li><a href=\"#ppi\">Counselling Centre for Integration<\/a><\/li>\n<li><a href=\"#simi\">Association for Integration and Migration<\/a><\/li>\n<li><a href=\"#slovo21\">Slovo 21<\/a><\/li>\n<li><a href=\"#Svitlo Community Centre and Infopoint\">Svitlo Community Centre and Infopoint<\/a><\/li>\n<li><a href=\"#tichysvet\">Tich\u00fd sv\u011bt<\/a><\/li>\n<li><a href=\"#friendshipprague\">Friendship Prague<\/a><\/li>\n<\/ul>\n<h3 id=\"cic\">Centre for Integration of Foreigners (CIC)<\/h3>\n<p>Mission and motto of the CIC: \u201cWe help immigrants become our fellow citizens<em>.<\/em>\u201c<\/p>\n<p>The aim of the CIC (abbreviation based on the Czech name of the institution) is to help immigrants with the process of integration into Czech society by providing social services, education and other activities and by developing these services according to the needs of the immigrants. The Centre for Integration of Foreigners strives to influence the social and legislative environment to make it more open and fair to immigrants and in order to gain more support towards their social participation and integration.<\/p>\n<p>The CIC Prague provides social and employment counselling, assistance with re-integration in the labour market during times of unemployment and Czech language courses, including online courses and e-learning. You can also become a volunteer of the CIC.<\/p>\n<h4><strong>Contacts<\/strong>:<\/h4>\n<p><strong>Centrum pro integraci cizinc\u016f, o. p. s.<\/strong><\/p>\n<p><strong>Address:<\/strong> Pernerova 10\/32, 186 00 Prague 8<br \/>\n<strong>Email:<\/strong> <b>\u00a0<\/b><a href=\"mailto:info@cicops.cz\"><b>info@cico<\/b><b>ps.cz<\/b><\/a><\/p>\n<p><strong>Website: <a href=\"http:\/\/www.cico\"><b>www.cico<\/b><\/a><a href=\"http:\/\/ps.cz\"><b>ps.cz<\/b><\/a><\/strong><\/p>\n<p><strong>Facebook:<\/strong> <a href=\"\/\/www.facebook.com\/centrumprointegracicizincu\">www.facebook.com\/centrumprointegracicizincu<\/a><\/p>\n<h4><\/h4>\n<p><strong>Social counselling<\/strong><\/p>\n<p><b>Contact:<\/b>\u00a0+420 704 600 700;\u00a0<a href=\"mailto:info@cicops.cz\">info@cicops.cz<\/a><br \/>\n<strong>Perspektiva (\u201cPerspective\u201d) \u2013 social rehabilitation and employment counselling<\/strong><\/p>\n<p><b>Contact: <\/b>+420 702 150 630; <a href=\"mailto:prace@cicops.cz\">prace@cicops.cz<\/a><\/p>\n<h4><\/h4>\n<p><strong>Czech for foreigners<\/strong><\/p>\n<p><b>Contact: <\/b>+420 735 173 738; <a href=\"mailto:npk@cicops.cz\">npk@cicops.cz<\/a><\/p>\n<h4><\/h4>\n<h4>Volunteer programme <strong>\u2013 clubs and activities<\/strong><\/h4>\n<p><b>Contact: <\/b>+420 737 293 359; <a href=\"mailto:dobrovolnici@cicops.cz\">dobrovolnici@cicops.cz<\/a><\/p>\n<h3 id=\"inbaze\"><strong>InBaze<\/strong><\/h3>\n<p>InBaze, which has been active since 2001, helps migrants to integrate into Czech society and raises awareness about migration.\u00a0This organisation offers comprehensive counselling services for migrants\u00a0 (social, legal, labour and psychological), and assistance at offices and schools, including arrangement of interpreting. It also organises a whole range of leisure activities for children and adults (clubs, trips, camps), after-school lessons and mentoring. Schools can make use of InBaze&#8217;s multicultural education activities (Story Boxes, debates, cooking lessons, seminars for teachers). InBaze organises various community, educative and cultural activities. One of them is an\u00a0intercultural festival called RefuFest. It also runs a social enterprise called Ethnocatering.<\/p>\n<h4><strong>Contact<\/strong>:<\/h4>\n<p><strong>Address:\u00a0<\/strong>Legerova 357\/50, 120 00, Prague 2 &#8211; Vinohrady<\/p>\n<p><strong>Email:<\/strong> <a href=\"mailto:info@inbaze.cz\">info@inbaze.cz<\/a><\/p>\n<p><strong>Website:\u00a0<\/strong><a href=\"\/\/www.inbaze.cz\/jazyky\/english\">www.inbaze.cz\/english<\/a><\/p>\n<p><strong>Facebook: <\/strong><a href=\"\/\/www.facebook.com\/InBaze\/\">www.facebook.com\/InBaze<\/a><\/p>\n<h4><\/h4>\n<h4><strong>Links:<\/strong><\/h4>\n<ul>\n<li><a href=\"https:\/\/inbaze.cz\/en\/programs-for-children-and-youth\/\">Programs for children and youth<\/a><\/li>\n<\/ul>\n<ul>\n<li><a href=\"\/\/www.inbaze.cz\/inbaze-praha\/multikulturni-skupiny-kruhy\/\">KRUHY multicultural groups<\/a>\u00a0\u2013 regular meetings of parents with children and meetings of seniors; regular conversation meetings for women<\/li>\n<\/ul>\n<h3 id=\"meta\"><strong>META<\/strong><\/h3>\n<p>Since 2004, META has been promoting equal access to education and work integration. At the same time, they offer support to teachers and schools that deal with the specific needs of children and students with a different mother tongue (meaning other than Czech). Apart from their direct work with migrants and teachers, META tries to promote and contribute to the creation of an education system, which would be able to conceptually, continuously and to a sufficient extent react to the education needs of all students and develop their potential. META offers a wide range of activities for the public and thus supports the development of an open dialog and understanding between migrants and the native population.<\/p>\n<h4><strong>Contact<\/strong>:<\/h4>\n<p><strong>Management, services for teachers \u2013 address:<\/strong> \u017derot\u00ednova 1124\/35, 130 00, Prague 3<\/p>\n<p><strong>Services for migrants \u2013 address:<\/strong> \u017derot\u00ednova 1124\/35, 130 00 Prague 3<\/p>\n<p><strong>Website:<\/strong> <a href=\"\/\/meta-ops.cz\/\">www.meta-ops.cz<\/a><\/p>\n<p><strong>Facebok:<\/strong> <a href=\"https:\/\/www.facebook.com\/metavzdelavani\">https:\/\/www.facebook.com\/metavzdelavani<\/a><\/p>\n<p>&nbsp;<\/p>\n<h3>MigAct<\/h3>\n<p>MigAct strives towards an inclusive and diverse civil society. MigAct brings together active people, local civic initiatives and NGOs that work towards positive change in our society. It serves as a place for sharing experience and knowledge, mutual support and networking. We focus on capacity building and empowering individuals so that they can be active in society, believe in themselves, and realize their potential.<\/p>\n<h4><strong>Contact<\/strong>:<\/h4>\n<p><strong>Address:<\/strong>Sv\u011btova 523\/1, Prague 8<\/p>\n<p><strong>Website:<\/strong> <a href=\"https:\/\/migact.net\/\">https:\/\/migact.net\/<\/a><\/p>\n<p><strong>Facebok: <\/strong><a href=\"https:\/\/www.facebook.com\/migactinitiative\">https:\/\/www.facebook.com\/migactinitiative<\/a><\/p>\n<p><strong>Email:<\/strong> <a target=\"_blank\" href=\"mailto:contact@migact.net\" rel=\"noopener\">contact@migact.net,<\/a><\/p>\n<p><strong>Phone:<\/strong> +420 774 324 035.<\/p>\n<p>&nbsp;<\/p>\n<h3 id=\"mkcpraha\"><strong>Multicultural Centre of Prague<\/strong><\/h3>\n<p>The Multicultural Centre of Prague (MCP) is a civic association interested in the coexistence of people of various cultures in the Czech Republic and other parts of the world. Since its establishment in 1999, the MCP has been providing more and more educational, cultural and informational activities. They organise workshops, courses, international seminars, discussions, film and book evenings, Internet websites about migration or multicultural librarianship for children, students, teachers, librarians as well as the general public. They also have a public library available for people interested in multicultural topics.<\/p>\n<p>The MCP runs the website www.migraceonline.cz(proklik). This portal systematically chronicles research on migration, legislation in the area of migration and asylum policies and activities of governmental and non-governmental organisations and institutions. Their readers are often experts and representatives of the academic sphere, public administration, NGOs, the media as well as the general public.<\/p>\n<h4><strong>Contact<\/strong>:<\/h4>\n<p><strong>Address:\u00a0<\/strong>N\u00e1plavn\u00ed 1, 120 00, Prague 2<\/p>\n<p><strong>Website:<\/strong> <a href=\"\/\/www.mkc.cz\/en\/home.html\">www.mkc.cz\/en\/home.html<\/a><\/p>\n<p><strong>Facebok: <\/strong><a href=\"\/\/www.facebook.com\/MKCPraha\">www.facebook.com\/MKCPraha<\/a><\/p>\n<h4><\/h4>\n<h4><strong>Links:<\/strong><\/h4>\n<ul class=\"bullet-links\">\n<li><a href=\"\/\/migrationonline.cz\/\">migrationonline.cz<\/a><\/li>\n<li><a href=\"\/\/www.facebook.com\/MigraceOnlinecz\">www.facebook.com\/MigraceOnlinecz<\/a>\u00a0(Czech)<\/li>\n<\/ul>\n<h3 id=\"novaskola\"><strong>Nov\u00e1 \u0161kola<\/strong><\/h3>\n<p>Since 1996, Nov\u00e1 \u0161kola (&#8220;New School&#8221;) has been promoting the inclusive education of minorities, migrants and children and young people from other socially and culturally disadvantaged groups. Nov\u00e1 \u0161kola is based in Prague but it is active across the whole of the Czech Republic. The aim is to create an open and friendly environment without prejudice and to ensure equal opportunities for everyone. Nov\u00e1 \u0161kola also organises training sessions, seminars and conferences and cooperates with migrants as well as professionals from various areas (e.g. teachers).<\/p>\n<h4><strong>Contact<\/strong>:<\/h4>\n<p><strong>Address:\u00a0<\/strong>K\u0159i\u017e\u00edkova 344\/6, Prague 8, 186 00<\/p>\n<p><strong>Email:<\/strong> novaskola@novaskolaops.cz<\/p>\n<p><strong>Website: <\/strong><a href=\"\/\/www.novaskolaops.cz\/\">www.novaskolaops.cz<\/a><\/p>\n<p><strong>Facebok: <\/strong><a href=\"https:\/\/www.facebook.com\/metavzdelavani\">https:\/\/www.facebook.com\/metavzdelavani<\/a><\/p>\n<h3 id=\"opu\"><strong>Organization for Aid to Refugees (OPU)<\/strong><\/h3>\n<p>OPU has been helping migrants to integrate into Czech society for 25 years. It is one of the oldest NGOs in the Czech Republic. They also actively fight against xenophobia, racism and intolerance of the nationalities and for migrants\u2019 rights. OPU provides social and legal counselling, Czech language courses and also leisure activities for children and adults.<\/p>\n<h4><strong>Contact<\/strong>:<\/h4>\n<p><strong>Address:\u00a0<\/strong>Kov\u00e1\u0159sk\u00e1 4, Prague 9, 190 00<\/p>\n<p><strong>Email:<\/strong>\u00a0<a href=\"mailto:opu@opu.cz\">opu@opu.cz<\/a><\/p>\n<p><strong>Website:<\/strong> <a href=\"\/\/www.opu.cz\/cs\/\">www.opu.cz<\/a><\/p>\n<p><strong>Social department <\/strong><\/p>\n<p><strong>Telephone:<\/strong>\u00a0+420 730 158 779, +420 739 413 983<\/p>\n<p><strong>Legal department<\/strong><\/p>\n<p><strong>Telephone:\u00a0<\/strong>+420 730 158 779, +420 730 158 781<\/p>\n<p><strong>Email:<\/strong>\u00a0<a href=\"mailto:pravni@opu.cz\">pravni@opu.cz<\/a><\/p>\n<h4><\/h4>\n<h3 id=\"ppi\"><strong>Counselling Centre for Integration, z. s. (PPI)<\/strong><\/h3>\n<p>The PPI was founded in 1997 and since then they have been helping migrants integrate into Czech society. The office in Prague provides services to clients from Prague as well as other regions. In \u00dast\u00ed nad Labem, the PPI implements a project of the integration centre for the \u00dast\u00ed nad Labem region. Every year in September, there is a multicultural festival called Barevn\u00e1 planeta (Colourful Planet) organised in \u00dast\u00ed nad Labem. The PPI provides free social and legal counselling, Czech language courses and leisure activities for children and adults.<\/p>\n<h4><strong>Contact<\/strong>:<\/h4>\n<p><strong>Address:<\/strong> Opletalova 921\/6, 110 00, Prague 1<\/p>\n<p><strong>Telephone:<\/strong> +420 603 281 269<\/p>\n<p><strong>Email:<\/strong> praha@p-p-i.cz<\/p>\n<p><strong>Website: <\/strong><a href=\"\/\/www.slovo21.cz\">www.<\/a><a href=\"\/\/p-p-i.cz\/en\">p-p-i.cz\/en<\/a><\/p>\n<p><strong>Facebok: <\/strong><a href=\"https:\/\/www.facebook.com\/PoradnaprointegraciPraha\">https:\/\/www.facebook.com\/PoradnaprointegraciPraha<\/a><\/p>\n<p>The PPI is also a founder of the CZECH IN language school. They focus on teaching Czech but there are also other courses on offer. To learn more,\u00a0see their <a href=\"\/\/czechinskola.cz\/en\">website<\/a>.<\/p>\n<h3 id=\"simi\"><strong>Association for Integration and Migration (SIMI)<\/strong><\/h3>\n<p>SIMI is a human rights NGO which has been defending rights of migrants and refugees in the Czech Republic since 1992. Their activities consist of free legal, social and psychosocial counselling, which is provided to all migrants, regardless of their residence status. Apart from direct work with clients, SIMI also engages in a lot of advocative, conceptual, analytical and lobbying activities to help improve the status of migrants in the CR. It is an organisation which offers a wide range of educational and awareness activities through which they wish to influence Czech society, support tolerance and solidarity and fight xenophobia and racism. SIMI also organises or participates in the organisation of various national and international campaigns, they are involved in a network of organisations specialised in the issue of migration, fighting racism and promoting the rights of refugees and migrants in the CR and Europe.<\/p>\n<p>Within the area of integration, migration and asylum, SIMI focuses on the topics of gender equality, domestic violence, support of elderly migrants and increasing the inclusiveness of cities and municipalities. To learn more about SIMI, have a look at their <a href=\"\/\/www.migrace.com\/en\/\">website<\/a>.<\/p>\n<h4><strong>Contact<\/strong>:<\/h4>\n<p><strong>Address:\u00a0<\/strong>Baranova 33, 130 00, Prague 3<\/p>\n<p><strong>Email:<\/strong> <a href=\"mailto:poradna@migrace.com\">poradna@migrace.com<\/a><\/p>\n<p><strong>Telephone:<\/strong> +420 224 224 379<\/p>\n<p><strong>Website: <\/strong><a href=\"\/\/www.migrace.com\/en\">www.migrace.com\/en<\/a><\/p>\n<p><strong>Facebok: <\/strong><a href=\"\/\/www.facebook.com\/SIMIporadna\/\">www.facebook.com\/SIMIporadna<\/a><\/p>\n<h3><strong>Slovo 21, z. s.\u00a0<\/strong><\/h3>\n<p>Slovo 21 (&#8220;Word 21&#8221;) is an NGO which was founded in 1999 by migrants themselves. The beginnings of this organisation are primarily associated with the Khamoro World Roma Festival. The best known integration project which gives Czech and migrant families an opportunity to meet informally is probably the Next Door Family project. Slovo 21 issues a bulletin for and about foreigners called Slovo. They also organise adaptation-integration courses called V\u00edtejte v \u010cR (\u201cWelcome to the Czech Republic\u201d) which provide migrants with all the necessary information and advice upon their arrival to the Czech Republic. For more information about these courses, have a look <a href=\"\/\/www.vitejtevcr.cz\/en\">here<\/a>.<\/p>\n<p><span style=\"font-weight: 400;\">Slovo 21 has been established as an organisation whose aim is to promote building of a multicultural society and to contribute to better cohabitation of cultures in the Czech Republic and the whole of Europe. Slovo 21 does not provide legal and social services. They fight racism and xenophobia, safeguard and advocate the observation of human rights, and try to improve the image of minorities and migrants in the media.<\/span><\/p>\n<p><span style=\"font-weight: 400;\">Since autumn 2018, Slovo 21 has also been organising integration seminars for beneficiaries of international protection. More information is available <a href=\"\/\/www.novy-domov.cz\">here<\/a>.<\/span><\/p>\n<h4><strong>Contact<\/strong>:<\/h4>\n<p><strong>Address: <\/strong>T\u00e1borsk\u00e1 979\/5, 140 00 Praha 4<\/p>\n<p><strong>Email:<\/strong> <a href=\"mailto:info@slovo21.cz\">info@slovo21.cz<\/a><\/p>\n<p><strong>Websites:\u00a0<\/strong><a href=\"\/\/www.slovo21.cz\">www.slovo21.cz<\/a>, <a href=\"\/\/www.vitejtevcr.cz\">www.vitejtevcr.cz<\/a>, <a href=\"\/\/www.novy-domov.cz\/\"><span style=\"font-weight: 400;\">www.novy-domov.cz<\/span><\/a><span style=\"font-weight: 400;\">, <\/span><a href=\"\/\/www.khamoro.cz\/\"><span style=\"font-weight: 400;\">www.khamoro.cz<\/span><\/a><\/p>\n<p><strong>Telephone:<\/strong> +<span style=\"font-weight: 400;\">420 604 242 363<\/span><\/p>\n<p><strong>Facebook: <\/strong><a href=\"\/\/www.facebook.com\/slovo21\">www.facebook.com\/slovo21<\/a>, <a href=\"\/\/www.facebook.com\/vitejtevcr\">www.facebook.com\/vitejtevcr<\/a>, <a href=\"\/\/www.facebook.com\/festivalkhamoro\/\"><span style=\"font-weight: 400;\">www.facebook.com\/festivalkhamoro<\/span><\/a><\/p>\n<p>&nbsp;<\/p>\n<h3 id=\"Svitlo Community Centre and Infopoint\"><strong>Svitlo Community Centre and Infopoint<\/strong><\/h3>\n<p>The Svitlo community centre operates an Infopoint that assists newly arrived refugees from Ukraine who are unfamiliar with the Czech environment yet. The Infopoint&#8217;s intercultural professionals provide guidance on Czech laws and available support from\u00a0the state and NGOs. They also focus on vulnerable groups such as the elderly, mothers with small children, and young people without family background. Additionally, they offer help to individuals whose circumstances have changed during their stay in the Czech Republic.<\/p>\n<p>Consultations are available in person, by phone, and by email. Svitlo&#8217;s goal is to reduce barriers to accessing information that may be caused by language difficulties, limited digital literacy or the complexity of available resources.<\/p>\n<p><strong>Address:<\/strong> Old Town Square 4\/1, 11000 Prague 1 \u2013 Old Town, 2<sup>nd <\/sup>floor<\/p>\n<p><strong>Website:<\/strong> <a href=\"http:\/\/www.skautskyinstitut.cz\/svitlo-cz\">www.skautskyinstitut.cz\/svitlo-cz<\/a><\/p>\n<p><strong>Facebook:<\/strong> <a href=\"https:\/\/www.facebook.com\/groups\/svitlopraha\">https:\/\/www.facebook.com\/groups\/svitlopraha<\/a><\/p>\n<p><strong>Telegram:<\/strong> <a href=\"https:\/\/t.me\/svitlopraha\">https:\/\/t.me\/svitlopraha<\/a><\/p>\n<p>&nbsp;<\/p>\n<h3 id=\"tichysvet\"><strong>Tich\u00fd sv\u011bt, o. p. s.<\/strong><\/h3>\n<p>The mission of the Social Rehabilitation Service provided by the Tich\u00fd sv\u011bt (&#8220;Silent World&#8221;) organisation is to enhance social habits and skills of clients with hearing impairment and multiple disabilities, leading into their integration into the majority hearing society.<\/p>\n<p>The mission of the Expert Social Counselling service is support people with hearing and multiple disabilities in adverse life situations and to advocate for their rights. Thanks to this support, clients are able to cope with difficult life situations and to find strategies for its improvement.<\/p>\n<p>The mission of the Interpreting and Transcription Service is to enable barrier-free communication for persons with hearing impairments and persons with multiple disabilities who use Czech Sign Language or communicate through written Czech language.<\/p>\n<p>We offer our social services to refugees from Ukraine with hearing impairment. Our services are also available to hearing-impaired foreigners from other countries who use Czech Sign Language or Czech.<\/p>\n<p><strong>Address:<\/strong>\u00a0Na Str\u017ei 1683\/40, 140 00\u00a0Prague 4<\/p>\n<p><strong>Email:<\/strong>\u00a0<a href=\"mailto:info@tichysvet.cz\">info@tichysvet.cz<\/a><\/p>\n<p><strong>Website:\u00a0<\/strong><a href=\"http:\/\/www.tichysvet.cz\">www.tichysvet.cz<\/a><\/p>\n<p><strong>Facebook:<\/strong> <a href=\"https:\/\/www.facebook.com\/konzultantky.tichysvet.praha\">https:\/\/www.facebook.com\/konzultantky.tichysvet.praha<\/a><\/p>\n<h3 id=\"friendshipprague\"><\/h3>\n<h3><strong>FriendShip Prague<\/strong><\/h3>\n<p><span style=\"font-weight: 400;\">FriendShip Prague is an English-speaking network of Czechs and Expats which exists to provide support and friendship to people in need in Prague. Their history is connected to the Help Prague`s Homeless group, where we first meet and volunteered since January 2018. In 2021, we have expanded to a bigger \u201cship\u201d in order to support more of our homeless friends, registering FriendShip as a formal registered non-profit.<\/span><\/p>\n<p><span style=\"font-weight: 400;\">Driven by our values of community and cooperation, FriendShip Prague communicates in English so that non-Czech speakers can be given opportunities to learn more and work together to serve those in need.<\/span><\/p>\n<h4><b>Contacts:<\/b><\/h4>\n<p><b>Address: <\/b><span style=\"font-weight: 400;\">Prague 8, Chlumova 515\/11, 130 00\u00a0<\/span><\/p>\n<p><b>E-mail:<\/b> <a href=\"https:\/\/www.friendshipprague.com\/contact\/\"><span style=\"font-weight: 400;\">send a message<\/span><\/a><\/p>\n<p><b>Web page:<\/b> <a href=\"http:\/\/www.friendshipprague.com\"><span style=\"font-weight: 400;\">https:\/\/www.friendshipprague.com\/<\/span><\/a><\/p>\n<p><a href=\"https:\/\/www.facebook.com\/FriendShipPrague\/\">Facebook<\/a><\/p>\n<p><a href=\"https:\/\/www.instagram.com\/friendship.prague\/\"><span style=\"font-weight: 400;\">Instagram<\/span><\/a><\/p>","protected":false},"excerpt":{"rendered":"<p>In Prague there is a lot of NGOs which focus on migration and offer various services to migrants. Most services are provided free of charge or only for a symbolic fee. In these organisations you can also use your mother&#8230;<\/p>\n<a class=\"more-block\" href=\"https:\/\/metropolevsech.eu\/en\/kontakty\/nevladni-neziskove-organizace\/\">Read more<\/a>","protected":false},"author":7,"featured_media":0,"parent":895,"menu_order":3,"comment_status":"closed","ping_status":"closed","template":"","meta":[],"acf":[],"_links":{"self":[{"href":"https:\/\/metropolevsech.eu\/en\/wp-json\/wp\/v2\/pages\/2188"}],"collection":[{"href":"https:\/\/metropolevsech.eu\/en\/wp-json\/wp\/v2\/pages"}],"about":[{"href":"https:\/\/metropolevsech.eu\/en\/wp-json\/wp\/v2\/types\/page"}],"author":[{"embeddable":true,"href":"https:\/\/metropolevsech.eu\/en\/wp-json\/wp\/v2\/users\/7"}],"replies":[{"embeddable":true,"href":"https:\/\/metropolevsech.eu\/en\/wp-json\/wp\/v2\/comments?post=2188"}],"version-history":[{"count":69,"href":"https:\/\/metropolevsech.eu\/en\/wp-json\/wp\/v2\/pages\/2188\/revisions"}],"predecessor-version":[{"id":24925,"href":"https:\/\/metropolevsech.eu\/en\/wp-json\/wp\/v2\/pages\/2188\/revisions\/24925"}],"up":[{"embeddable":true,"href":"https:\/\/metropolevsech.eu\/en\/wp-json\/wp\/v2\/pages\/895"}],"wp:attachment":[{"href":"https:\/\/metropolevsech.eu\/en\/wp-json\/wp\/v2\/media?parent=2188"}],"curies":[{"name":"wp","href":"https:\/\/api.w.org\/{rel}","templated":true}]}}