{"id":22295,"date":"2025-03-26T11:58:03","date_gmt":"2025-03-26T10:58:03","guid":{"rendered":"https:\/\/metropolevsech.eu\/?page_id=22295"},"modified":"2025-03-26T11:58:03","modified_gmt":"2025-03-26T10:58:03","slug":"namesti","status":"publish","type":"page","link":"https:\/\/metropolevsech.eu\/en\/namesti\/","title":{"rendered":"Squares"},"content":{"rendered":"<p><\/p>\n<h4>Old Town Square<\/h4>\n<img loading=\"lazy\" class=\"alignnone wp-image-7880 size-content-image article-img\" src=\"\/\/metropolevsech.eu\/wp-content\/uploads\/2018\/12\/F5A9894-670x161.jpg\" alt=\"\" width=\"670\" height=\"161\" srcset=\"https:\/\/metropolevsech.eu\/wp-content\/uploads\/2018\/12\/F5A9894-670x161.jpg 670w, https:\/\/metropolevsech.eu\/wp-content\/uploads\/2018\/12\/F5A9894-300x72.jpg 300w, https:\/\/metropolevsech.eu\/wp-content\/uploads\/2018\/12\/F5A9894-768x185.jpg 768w, https:\/\/metropolevsech.eu\/wp-content\/uploads\/2018\/12\/F5A9894.jpg 1040w\" sizes=\"(max-width: 670px) 100vw, 670px\" \/>\n<p style=\"text-align: justify;\">The Old Town Square, formerly also known as the Great Square and today colloquially called \u201cStarom\u00e1k\u201d is situated in the centre of the Prague Old Town. Several significant historical objects are located there. What is definitely not to be missed are the <strong>Old Town Hall<\/strong> with the <strong>Prague Astronomical Clock<\/strong> and the <strong>T\u00fdn Church<\/strong>. The Prague Astronomical Clock is a medieval masterpiece with beautifully carved figures of Death, an angel and twelve apostles, announcing every hour. Throughout its history it has become a popular venue for civil wedding ceremonies.<\/p>\n<p>Learn more at\u00a0<a href=\"\/\/www.prague.eu\/en\/object\/places\/183\/old-town-square-staromestske-namesti?back=1\">Prague.eu, the Official Tourist Website for Prague<\/a>.<\/p>\n<h4>Malostransk\u00e9\u00a0Square<\/h4>\n<div id=\"attachment_9203\" style=\"width: 680px\" class=\"wp-caption alignnone\"><img aria-describedby=\"caption-attachment-9203\" loading=\"lazy\" class=\"wp-image-9203 size-content-image article-img\" src=\"\/\/metropolevsech.eu\/wp-content\/uploads\/2019\/04\/malostransk\u00e9-n\u00e1m\u011bst\u00ed-670x503.jpg\" alt=\"\" width=\"670\" height=\"503\" srcset=\"https:\/\/metropolevsech.eu\/wp-content\/uploads\/2019\/04\/malostransk\u00e9-n\u00e1m\u011bst\u00ed-670x503.jpg 670w, https:\/\/metropolevsech.eu\/wp-content\/uploads\/2019\/04\/malostransk\u00e9-n\u00e1m\u011bst\u00ed-300x225.jpg 300w, https:\/\/metropolevsech.eu\/wp-content\/uploads\/2019\/04\/malostransk\u00e9-n\u00e1m\u011bst\u00ed-768x576.jpg 768w, https:\/\/metropolevsech.eu\/wp-content\/uploads\/2019\/04\/malostransk\u00e9-n\u00e1m\u011bst\u00ed-1040x780.jpg 1040w\" sizes=\"(max-width: 670px) 100vw, 670px\" \/><p id=\"caption-attachment-9203\" class=\"wp-caption-text\">foto \u00a9 Prague.eu<\/p><\/div>\n<p>The square is located under the Prague Castle and features many historical builduings dominated by the Baroque church of St Nicholas. It is a\u00a0part of the Royal Route and it is frequently visited. Since 2016, there have been held meetings, gatherings, projections and exhibitions. There is also the Church of St. Nicholas, the\u00a0most famous Baroque church in Prague and one of the most valuable Baroque buildings north of the Alps. The dome has an impressive diameter of 20 m and the interior height to the top of the lantern is 49 m, which makes the church the highest interior in Prague. It is also a great example of high Baroque decoration. The historic organ from the 18<sup>th<\/sup> century is used for year-round concerts.<\/p>\n<p>Learn more at\u00a0<a href=\"\/\/www.prague.eu\/en\/object\/places\/2740\/malostranske-square\">Prague.eu, the Official Tourist Website for Prague<\/a>.<\/p>","protected":false},"excerpt":{"rendered":"<p>Old Town Square The Old Town Square, formerly also known as the Great Square and today colloquially called \u201cStarom\u00e1k\u201d is situated in the centre of the Prague Old Town. Several significant historical objects are located there. What is definitely not&#8230;<\/p>\n<a class=\"more-block\" href=\"https:\/\/metropolevsech.eu\/en\/namesti\/\">Read more<\/a>","protected":false},"author":7,"featured_media":0,"parent":0,"menu_order":0,"comment_status":"closed","ping_status":"closed","template":"","meta":[],"acf":[],"_links":{"self":[{"href":"https:\/\/metropolevsech.eu\/en\/wp-json\/wp\/v2\/pages\/22295"}],"collection":[{"href":"https:\/\/metropolevsech.eu\/en\/wp-json\/wp\/v2\/pages"}],"about":[{"href":"https:\/\/metropolevsech.eu\/en\/wp-json\/wp\/v2\/types\/page"}],"author":[{"embeddable":true,"href":"https:\/\/metropolevsech.eu\/en\/wp-json\/wp\/v2\/users\/7"}],"replies":[{"embeddable":true,"href":"https:\/\/metropolevsech.eu\/en\/wp-json\/wp\/v2\/comments?post=22295"}],"version-history":[{"count":1,"href":"https:\/\/metropolevsech.eu\/en\/wp-json\/wp\/v2\/pages\/22295\/revisions"}],"predecessor-version":[{"id":22298,"href":"https:\/\/metropolevsech.eu\/en\/wp-json\/wp\/v2\/pages\/22295\/revisions\/22298"}],"wp:attachment":[{"href":"https:\/\/metropolevsech.eu\/en\/wp-json\/wp\/v2\/media?parent=22295"}],"curies":[{"name":"wp","href":"https:\/\/api.w.org\/{rel}","templated":true}]}}