{"id":22299,"date":"2025-03-26T12:02:31","date_gmt":"2025-03-26T11:02:31","guid":{"rendered":"https:\/\/metropolevsech.eu\/?page_id=22299"},"modified":"2025-03-26T12:03:38","modified_gmt":"2025-03-26T11:03:38","slug":"kostely","status":"publish","type":"page","link":"https:\/\/metropolevsech.eu\/en\/kostely\/","title":{"rendered":"Churches"},"content":{"rendered":"<p><\/p>\n<h4>St. Nicholas Curch &#8211; Lesser Town<\/h4>\n<img loading=\"lazy\" class=\"alignnone wp-image-9204 size-content-image article-img\" src=\"\/\/metropolevsech.eu\/wp-content\/uploads\/2019\/04\/kostel-svat\u00e9ho-mikul\u00e1\u0161e-prague-city-tourism-670x447.jpg\" alt=\"\" width=\"670\" height=\"447\" srcset=\"https:\/\/metropolevsech.eu\/wp-content\/uploads\/2019\/04\/kostel-svat\u00e9ho-mikul\u00e1\u0161e-prague-city-tourism-670x447.jpg 670w, https:\/\/metropolevsech.eu\/wp-content\/uploads\/2019\/04\/kostel-svat\u00e9ho-mikul\u00e1\u0161e-prague-city-tourism-300x200.jpg 300w, https:\/\/metropolevsech.eu\/wp-content\/uploads\/2019\/04\/kostel-svat\u00e9ho-mikul\u00e1\u0161e-prague-city-tourism-768x512.jpg 768w, https:\/\/metropolevsech.eu\/wp-content\/uploads\/2019\/04\/kostel-svat\u00e9ho-mikul\u00e1\u0161e-prague-city-tourism-1040x693.jpg 1040w\" sizes=\"(max-width: 670px) 100vw, 670px\" \/>\n<p><em>foto \u00a9 Prague City Tourism<\/em><\/p>\n<p>The most famous Baroque church in Prague is one of the most valuable Baroque buildings north of the Alps. The dome has an impressive diameter of 20 m and the interior height to the top of the lantern is 49 m, which makes the church the highest interior in Prague. It is also a great example of high Baroque decoration. The historic organ from the 18<sup>th<\/sup> century is used for year-round concerts.<\/p>\n<p>Learn more at <a href=\"\/\/www.prague.eu\/en\/object\/places\/166\/st-nicholas-church-at-mala-strana-kostel-sv-mikulase-mala-strana?back=1\">Prague.eu, the Official Tourist Website for Prague<\/a>.<\/p>","protected":false},"excerpt":{"rendered":"<p>St. Nicholas Curch &#8211; Lesser Town foto \u00a9 Prague City Tourism The most famous Baroque church in Prague is one of the most valuable Baroque buildings north of the Alps. The dome has an impressive diameter of 20 m and&#8230;<\/p>\n<a class=\"more-block\" href=\"https:\/\/metropolevsech.eu\/en\/kostely\/\">Read more<\/a>","protected":false},"author":7,"featured_media":0,"parent":0,"menu_order":0,"comment_status":"closed","ping_status":"closed","template":"","meta":[],"acf":[],"_links":{"self":[{"href":"https:\/\/metropolevsech.eu\/en\/wp-json\/wp\/v2\/pages\/22299"}],"collection":[{"href":"https:\/\/metropolevsech.eu\/en\/wp-json\/wp\/v2\/pages"}],"about":[{"href":"https:\/\/metropolevsech.eu\/en\/wp-json\/wp\/v2\/types\/page"}],"author":[{"embeddable":true,"href":"https:\/\/metropolevsech.eu\/en\/wp-json\/wp\/v2\/users\/7"}],"replies":[{"embeddable":true,"href":"https:\/\/metropolevsech.eu\/en\/wp-json\/wp\/v2\/comments?post=22299"}],"version-history":[{"count":1,"href":"https:\/\/metropolevsech.eu\/en\/wp-json\/wp\/v2\/pages\/22299\/revisions"}],"predecessor-version":[{"id":22302,"href":"https:\/\/metropolevsech.eu\/en\/wp-json\/wp\/v2\/pages\/22299\/revisions\/22302"}],"wp:attachment":[{"href":"https:\/\/metropolevsech.eu\/en\/wp-json\/wp\/v2\/media?parent=22299"}],"curies":[{"name":"wp","href":"https:\/\/api.w.org\/{rel}","templated":true}]}}