{"id":22303,"date":"2025-03-26T12:11:28","date_gmt":"2025-03-26T11:11:28","guid":{"rendered":"https:\/\/metropolevsech.eu\/?page_id=22303"},"modified":"2025-03-26T12:11:28","modified_gmt":"2025-03-26T11:11:28","slug":"domy","status":"publish","type":"page","link":"https:\/\/metropolevsech.eu\/en\/domy\/","title":{"rendered":"Houses"},"content":{"rendered":"<p><\/p>\n<h4>National Theatre<\/h4>\n<img loading=\"lazy\" class=\"alignnone wp-image-9206 size-content-image article-img\" src=\"\/\/metropolevsech.eu\/wp-content\/uploads\/2019\/04\/narodni-divadlo-motiv-Prague-city-tourism-670x209.jpg\" alt=\"\" width=\"670\" height=\"209\" srcset=\"https:\/\/metropolevsech.eu\/wp-content\/uploads\/2019\/04\/narodni-divadlo-motiv-Prague-city-tourism-670x209.jpg 670w, https:\/\/metropolevsech.eu\/wp-content\/uploads\/2019\/04\/narodni-divadlo-motiv-Prague-city-tourism-300x94.jpg 300w, https:\/\/metropolevsech.eu\/wp-content\/uploads\/2019\/04\/narodni-divadlo-motiv-Prague-city-tourism-768x240.jpg 768w, https:\/\/metropolevsech.eu\/wp-content\/uploads\/2019\/04\/narodni-divadlo-motiv-Prague-city-tourism-1040x325.jpg 1040w, https:\/\/metropolevsech.eu\/wp-content\/uploads\/2019\/04\/narodni-divadlo-motiv-Prague-city-tourism.jpg 1920w\" sizes=\"(max-width: 670px) 100vw, 670px\" \/>\n<p><em>foto \u00a9 Prague City Tourism<\/em><\/p>\n<p>The National Theatre is the Czech Republic&#8217;s representative stage. Built with funds from nationwide collections, it was first opened in 1881 and then in 1883 for the second time after a\u00a0devastating fire. The spectacular exterior and interior decoration, richly embellished with gold, consists of masterpieces of 19<sup>th<\/sup> century Czech painters &#8211; Ale\u0161, \u017deni\u0161ek, Hynais, Myslbek, and others. Seeing a drama, opera or ballet performance here together with the beautiful spaces of the theatre is an unforgettable experience.<\/p>\n<p>Learn more at <a href=\"\/\/www.prague.eu\/en\/object\/places\/202\/national-theatre-narodni-divadlo?back=1\">Prague.eu, the Official Tourist Website for Prague<\/a>.<\/p>\n<h4>Municipal House<\/h4>\n<img loading=\"lazy\" class=\"alignnone wp-image-7885 size-content-image article-img\" src=\"\/\/metropolevsech.eu\/wp-content\/uploads\/2018\/12\/F5A9917-670x161.jpg\" alt=\"\" width=\"670\" height=\"161\" srcset=\"https:\/\/metropolevsech.eu\/wp-content\/uploads\/2018\/12\/F5A9917-670x161.jpg 670w, https:\/\/metropolevsech.eu\/wp-content\/uploads\/2018\/12\/F5A9917-300x72.jpg 300w, https:\/\/metropolevsech.eu\/wp-content\/uploads\/2018\/12\/F5A9917-768x185.jpg 768w, https:\/\/metropolevsech.eu\/wp-content\/uploads\/2018\/12\/F5A9917.jpg 1040w\" sizes=\"(max-width: 670px) 100vw, 670px\" \/>\n<p>This Art Nouveau building, built from 1905 to 1911, is proof of unprecedented artistic and craft skills and quality. The caf\u00e9, the French and the Pilsner restaurants, the American bar, the Lord Mayor\u2019s Salon and the Smetana Hall are all examples of perfectly executed Art Nouveau interiors, decorated by leading artists and sculptors such as Alfons Mucha, Jan Preisler, Ladislav \u0160aloun, and others. Lovers of Art Nouveau can take a\u00a0guided tour of the whole building.<\/p>\n<p>Learn more at <a href=\"\/\/www.prague.eu\/en\/object\/places\/417\/municipal-house-obecni-dum?back=1\">Prague.eu, the Official Tourist Website for Prague<\/a>.<\/p>","protected":false},"excerpt":{"rendered":"<p>National Theatre foto \u00a9 Prague City Tourism The National Theatre is the Czech Republic&#8217;s representative stage. Built with funds from nationwide collections, it was first opened in 1881 and then in 1883 for the second time after a\u00a0devastating fire. The&#8230;<\/p>\n<a class=\"more-block\" href=\"https:\/\/metropolevsech.eu\/en\/domy\/\">Read more<\/a>","protected":false},"author":7,"featured_media":0,"parent":0,"menu_order":0,"comment_status":"closed","ping_status":"closed","template":"","meta":[],"acf":[],"_links":{"self":[{"href":"https:\/\/metropolevsech.eu\/en\/wp-json\/wp\/v2\/pages\/22303"}],"collection":[{"href":"https:\/\/metropolevsech.eu\/en\/wp-json\/wp\/v2\/pages"}],"about":[{"href":"https:\/\/metropolevsech.eu\/en\/wp-json\/wp\/v2\/types\/page"}],"author":[{"embeddable":true,"href":"https:\/\/metropolevsech.eu\/en\/wp-json\/wp\/v2\/users\/7"}],"replies":[{"embeddable":true,"href":"https:\/\/metropolevsech.eu\/en\/wp-json\/wp\/v2\/comments?post=22303"}],"version-history":[{"count":1,"href":"https:\/\/metropolevsech.eu\/en\/wp-json\/wp\/v2\/pages\/22303\/revisions"}],"predecessor-version":[{"id":22306,"href":"https:\/\/metropolevsech.eu\/en\/wp-json\/wp\/v2\/pages\/22303\/revisions\/22306"}],"wp:attachment":[{"href":"https:\/\/metropolevsech.eu\/en\/wp-json\/wp\/v2\/media?parent=22303"}],"curies":[{"name":"wp","href":"https:\/\/api.w.org\/{rel}","templated":true}]}}