{"id":22536,"date":"2025-04-22T08:06:46","date_gmt":"2025-04-22T06:06:46","guid":{"rendered":"https:\/\/metropolevsech.eu\/?page_id=22536"},"modified":"2026-03-11T17:18:28","modified_gmt":"2026-03-11T16:18:28","slug":"prevence-a-screeningova-vysetreni-zachranuji-zivoty","status":"publish","type":"page","link":"https:\/\/metropolevsech.eu\/en\/zdravotni-informace-pro-drzitele-docasne-ochrany\/prevence-a-screeningova-vysetreni-zachranuji-zivoty\/","title":{"rendered":"(\u010ce\u0161tina) Prevence a screeningov\u00e1 vy\u0161et\u0159en\u00ed zachra\u0148uj\u00ed \u017eivoty"},"content":{"rendered":"<p class=\"qtranxs-available-languages-message qtranxs-available-languages-message-en\">Sorry, this entry is only available in <a href=\"https:\/\/metropolevsech.eu\/cs\/wp-json\/wp\/v2\/pages\/22536\" class=\"qtranxs-available-language-link qtranxs-available-language-link-cs\" title=\"\u010ce\u0161tina\">Czech<\/a> and <a href=\"https:\/\/metropolevsech.eu\/ua\/wp-json\/wp\/v2\/pages\/22536\" class=\"qtranxs-available-language-link qtranxs-available-language-link-ua\" title=\"\u0423\u043a\u0440\u0430\u0457\u043d\u0441\u044c\u043a\u0430\">\u0423\u043a\u0440\u0430\u0457\u043d\u0441\u044c\u043a\u0430<\/a>.<\/p>","protected":false},"excerpt":{"rendered":"<p>Sorry, this entry is only available in Czech and \u0423\u043a\u0440\u0430\u0457\u043d\u0441\u044c\u043a\u0430.<\/p>\n<a class=\"more-block\" href=\"https:\/\/metropolevsech.eu\/en\/zdravotni-informace-pro-drzitele-docasne-ochrany\/prevence-a-screeningova-vysetreni-zachranuji-zivoty\/\">Read more<\/a>","protected":false},"author":7,"featured_media":0,"parent":19936,"menu_order":4,"comment_status":"closed","ping_status":"closed","template":"","meta":[],"acf":[],"_links":{"self":[{"href":"https:\/\/metropolevsech.eu\/en\/wp-json\/wp\/v2\/pages\/22536"}],"collection":[{"href":"https:\/\/metropolevsech.eu\/en\/wp-json\/wp\/v2\/pages"}],"about":[{"href":"https:\/\/metropolevsech.eu\/en\/wp-json\/wp\/v2\/types\/page"}],"author":[{"embeddable":true,"href":"https:\/\/metropolevsech.eu\/en\/wp-json\/wp\/v2\/users\/7"}],"replies":[{"embeddable":true,"href":"https:\/\/metropolevsech.eu\/en\/wp-json\/wp\/v2\/comments?post=22536"}],"version-history":[{"count":13,"href":"https:\/\/metropolevsech.eu\/en\/wp-json\/wp\/v2\/pages\/22536\/revisions"}],"predecessor-version":[{"id":25065,"href":"https:\/\/metropolevsech.eu\/en\/wp-json\/wp\/v2\/pages\/22536\/revisions\/25065"}],"up":[{"embeddable":true,"href":"https:\/\/metropolevsech.eu\/en\/wp-json\/wp\/v2\/pages\/19936"}],"wp:attachment":[{"href":"https:\/\/metropolevsech.eu\/en\/wp-json\/wp\/v2\/media?parent=22536"}],"curies":[{"name":"wp","href":"https:\/\/api.w.org\/{rel}","templated":true}]}}