{"id":22827,"date":"2025-05-13T13:06:19","date_gmt":"2025-05-13T11:06:19","guid":{"rendered":"https:\/\/metropolevsech.eu\/?page_id=22827"},"modified":"2025-05-25T13:37:20","modified_gmt":"2025-05-25T11:37:20","slug":"projekty-a-aktuality-z-magistratu-hl-m-prahy","status":"publish","type":"page","link":"https:\/\/metropolevsech.eu\/en\/praha-pro-ukrajinu\/projekty-a-aktuality-z-magistratu-hl-m-prahy\/","title":{"rendered":"(\u010ce\u0161tina) Projekty a aktuality z Magistr\u00e1tu hl. m. Prahy"},"content":{"rendered":"<p class=\"qtranxs-available-languages-message qtranxs-available-languages-message-en\">Sorry, this entry is only available in <a href=\"https:\/\/metropolevsech.eu\/cs\/wp-json\/wp\/v2\/pages\/22827\" class=\"qtranxs-available-language-link qtranxs-available-language-link-cs\" title=\"\u010ce\u0161tina\">Czech<\/a> and <a href=\"https:\/\/metropolevsech.eu\/ua\/wp-json\/wp\/v2\/pages\/22827\" class=\"qtranxs-available-language-link qtranxs-available-language-link-ua\" title=\"\u0423\u043a\u0440\u0430\u0457\u043d\u0441\u044c\u043a\u0430\">\u0423\u043a\u0440\u0430\u0457\u043d\u0441\u044c\u043a\u0430<\/a>.<\/p>","protected":false},"excerpt":{"rendered":"<p>Sorry, this entry is only available in Czech and \u0423\u043a\u0440\u0430\u0457\u043d\u0441\u044c\u043a\u0430.<\/p>\n<a class=\"more-block\" href=\"https:\/\/metropolevsech.eu\/en\/praha-pro-ukrajinu\/projekty-a-aktuality-z-magistratu-hl-m-prahy\/\">Read more<\/a>","protected":false},"author":7,"featured_media":0,"parent":22582,"menu_order":4,"comment_status":"closed","ping_status":"closed","template":"","meta":[],"acf":[],"_links":{"self":[{"href":"https:\/\/metropolevsech.eu\/en\/wp-json\/wp\/v2\/pages\/22827"}],"collection":[{"href":"https:\/\/metropolevsech.eu\/en\/wp-json\/wp\/v2\/pages"}],"about":[{"href":"https:\/\/metropolevsech.eu\/en\/wp-json\/wp\/v2\/types\/page"}],"author":[{"embeddable":true,"href":"https:\/\/metropolevsech.eu\/en\/wp-json\/wp\/v2\/users\/7"}],"replies":[{"embeddable":true,"href":"https:\/\/metropolevsech.eu\/en\/wp-json\/wp\/v2\/comments?post=22827"}],"version-history":[{"count":6,"href":"https:\/\/metropolevsech.eu\/en\/wp-json\/wp\/v2\/pages\/22827\/revisions"}],"predecessor-version":[{"id":22935,"href":"https:\/\/metropolevsech.eu\/en\/wp-json\/wp\/v2\/pages\/22827\/revisions\/22935"}],"up":[{"embeddable":true,"href":"https:\/\/metropolevsech.eu\/en\/wp-json\/wp\/v2\/pages\/22582"}],"wp:attachment":[{"href":"https:\/\/metropolevsech.eu\/en\/wp-json\/wp\/v2\/media?parent=22827"}],"curies":[{"name":"wp","href":"https:\/\/api.w.org\/{rel}","templated":true}]}}