{"id":23639,"date":"2025-10-20T17:37:08","date_gmt":"2025-10-20T15:37:08","guid":{"rendered":"https:\/\/metropolevsech.eu\/?page_id=23639"},"modified":"2025-11-07T16:37:19","modified_gmt":"2025-11-07T15:37:19","slug":"prevence-a-sebepece","status":"publish","type":"page","link":"https:\/\/metropolevsech.eu\/en\/zdravotni-informace-pro-drzitele-docasne-ochrany\/pece-o-dusevni-zdravi\/prevence-a-sebepece\/","title":{"rendered":"(\u010ce\u0161tina) Prevence a sebep\u00e9\u010de"},"content":{"rendered":"<p class=\"qtranxs-available-languages-message qtranxs-available-languages-message-en\">Sorry, this entry is only available in <a href=\"https:\/\/metropolevsech.eu\/cs\/wp-json\/wp\/v2\/pages\/23639\" class=\"qtranxs-available-language-link qtranxs-available-language-link-cs\" title=\"\u010ce\u0161tina\">Czech<\/a> and <a href=\"https:\/\/metropolevsech.eu\/ua\/wp-json\/wp\/v2\/pages\/23639\" class=\"qtranxs-available-language-link qtranxs-available-language-link-ua\" title=\"\u0423\u043a\u0440\u0430\u0457\u043d\u0441\u044c\u043a\u0430\">\u0423\u043a\u0440\u0430\u0457\u043d\u0441\u044c\u043a\u0430<\/a>.<\/p>","protected":false},"excerpt":{"rendered":"<p>Sorry, this entry is only available in Czech and \u0423\u043a\u0440\u0430\u0457\u043d\u0441\u044c\u043a\u0430.<\/p>\n<a class=\"more-block\" href=\"https:\/\/metropolevsech.eu\/en\/zdravotni-informace-pro-drzitele-docasne-ochrany\/pece-o-dusevni-zdravi\/prevence-a-sebepece\/\">Read more<\/a>","protected":false},"author":7,"featured_media":0,"parent":23617,"menu_order":1,"comment_status":"closed","ping_status":"closed","template":"","meta":[],"acf":[],"_links":{"self":[{"href":"https:\/\/metropolevsech.eu\/en\/wp-json\/wp\/v2\/pages\/23639"}],"collection":[{"href":"https:\/\/metropolevsech.eu\/en\/wp-json\/wp\/v2\/pages"}],"about":[{"href":"https:\/\/metropolevsech.eu\/en\/wp-json\/wp\/v2\/types\/page"}],"author":[{"embeddable":true,"href":"https:\/\/metropolevsech.eu\/en\/wp-json\/wp\/v2\/users\/7"}],"replies":[{"embeddable":true,"href":"https:\/\/metropolevsech.eu\/en\/wp-json\/wp\/v2\/comments?post=23639"}],"version-history":[{"count":8,"href":"https:\/\/metropolevsech.eu\/en\/wp-json\/wp\/v2\/pages\/23639\/revisions"}],"predecessor-version":[{"id":23966,"href":"https:\/\/metropolevsech.eu\/en\/wp-json\/wp\/v2\/pages\/23639\/revisions\/23966"}],"up":[{"embeddable":true,"href":"https:\/\/metropolevsech.eu\/en\/wp-json\/wp\/v2\/pages\/23617"}],"wp:attachment":[{"href":"https:\/\/metropolevsech.eu\/en\/wp-json\/wp\/v2\/media?parent=23639"}],"curies":[{"name":"wp","href":"https:\/\/api.w.org\/{rel}","templated":true}]}}