{"id":23677,"date":"2025-10-20T19:36:29","date_gmt":"2025-10-20T17:36:29","guid":{"rendered":"https:\/\/metropolevsech.eu\/?page_id=23677"},"modified":"2026-03-11T18:38:18","modified_gmt":"2026-03-11T17:38:18","slug":"dalsi-rozcestniky-adresare-a-mapy","status":"publish","type":"page","link":"https:\/\/metropolevsech.eu\/en\/zdravotni-informace-pro-drzitele-docasne-ochrany\/pece-o-dusevni-zdravi\/dalsi-rozcestniky-adresare-a-mapy\/","title":{"rendered":"(\u010ce\u0161tina) Rozcestn\u00edky, adres\u00e1\u0159e a mapy"},"content":{"rendered":"<p class=\"qtranxs-available-languages-message qtranxs-available-languages-message-en\">Sorry, this entry is only available in <a href=\"https:\/\/metropolevsech.eu\/cs\/wp-json\/wp\/v2\/pages\/23677\" class=\"qtranxs-available-language-link qtranxs-available-language-link-cs\" title=\"\u010ce\u0161tina\">Czech<\/a> and <a href=\"https:\/\/metropolevsech.eu\/ua\/wp-json\/wp\/v2\/pages\/23677\" class=\"qtranxs-available-language-link qtranxs-available-language-link-ua\" title=\"\u0423\u043a\u0440\u0430\u0457\u043d\u0441\u044c\u043a\u0430\">\u0423\u043a\u0440\u0430\u0457\u043d\u0441\u044c\u043a\u0430<\/a>.<\/p>","protected":false},"excerpt":{"rendered":"<p>Sorry, this entry is only available in Czech and \u0423\u043a\u0440\u0430\u0457\u043d\u0441\u044c\u043a\u0430.<\/p>\n<a class=\"more-block\" href=\"https:\/\/metropolevsech.eu\/en\/zdravotni-informace-pro-drzitele-docasne-ochrany\/pece-o-dusevni-zdravi\/dalsi-rozcestniky-adresare-a-mapy\/\">Read more<\/a>","protected":false},"author":7,"featured_media":0,"parent":23617,"menu_order":5,"comment_status":"closed","ping_status":"closed","template":"","meta":[],"acf":[],"_links":{"self":[{"href":"https:\/\/metropolevsech.eu\/en\/wp-json\/wp\/v2\/pages\/23677"}],"collection":[{"href":"https:\/\/metropolevsech.eu\/en\/wp-json\/wp\/v2\/pages"}],"about":[{"href":"https:\/\/metropolevsech.eu\/en\/wp-json\/wp\/v2\/types\/page"}],"author":[{"embeddable":true,"href":"https:\/\/metropolevsech.eu\/en\/wp-json\/wp\/v2\/users\/7"}],"replies":[{"embeddable":true,"href":"https:\/\/metropolevsech.eu\/en\/wp-json\/wp\/v2\/comments?post=23677"}],"version-history":[{"count":14,"href":"https:\/\/metropolevsech.eu\/en\/wp-json\/wp\/v2\/pages\/23677\/revisions"}],"predecessor-version":[{"id":25084,"href":"https:\/\/metropolevsech.eu\/en\/wp-json\/wp\/v2\/pages\/23677\/revisions\/25084"}],"up":[{"embeddable":true,"href":"https:\/\/metropolevsech.eu\/en\/wp-json\/wp\/v2\/pages\/23617"}],"wp:attachment":[{"href":"https:\/\/metropolevsech.eu\/en\/wp-json\/wp\/v2\/media?parent=23677"}],"curies":[{"name":"wp","href":"https:\/\/api.w.org\/{rel}","templated":true}]}}