{"id":23745,"date":"2025-10-22T13:25:54","date_gmt":"2025-10-22T11:25:54","guid":{"rendered":"https:\/\/metropolevsech.eu\/?page_id=23745"},"modified":"2026-03-24T16:28:26","modified_gmt":"2026-03-24T15:28:26","slug":"dalsi-zarizeni-v-praze-dostupna-pro-krizovou-nebo-vcasnou-peci","status":"publish","type":"page","link":"https:\/\/metropolevsech.eu\/en\/zdravotni-informace-pro-drzitele-docasne-ochrany\/pece-o-dusevni-zdravi\/kdy-a-kde-vyhledat-pomoc\/dalsi-zarizeni-v-praze-dostupna-pro-krizovou-nebo-vcasnou-peci\/","title":{"rendered":"(\u010ce\u0161tina) Dal\u0161\u00ed za\u0159\u00edzen\u00ed v Praze dostupn\u00e1 pro krizovou nebo v\u010dasnou p\u00e9\u010di"},"content":{"rendered":"<p class=\"qtranxs-available-languages-message qtranxs-available-languages-message-en\">Sorry, this entry is only available in <a href=\"https:\/\/metropolevsech.eu\/cs\/wp-json\/wp\/v2\/pages\/23745\" class=\"qtranxs-available-language-link qtranxs-available-language-link-cs\" title=\"\u010ce\u0161tina\">Czech<\/a> and <a href=\"https:\/\/metropolevsech.eu\/ua\/wp-json\/wp\/v2\/pages\/23745\" class=\"qtranxs-available-language-link qtranxs-available-language-link-ua\" title=\"\u0423\u043a\u0440\u0430\u0457\u043d\u0441\u044c\u043a\u0430\">\u0423\u043a\u0440\u0430\u0457\u043d\u0441\u044c\u043a\u0430<\/a>.<\/p>","protected":false},"excerpt":{"rendered":"<p>Sorry, this entry is only available in Czech and \u0423\u043a\u0440\u0430\u0457\u043d\u0441\u044c\u043a\u0430.<\/p>\n<a class=\"more-block\" href=\"https:\/\/metropolevsech.eu\/en\/zdravotni-informace-pro-drzitele-docasne-ochrany\/pece-o-dusevni-zdravi\/kdy-a-kde-vyhledat-pomoc\/dalsi-zarizeni-v-praze-dostupna-pro-krizovou-nebo-vcasnou-peci\/\">Read more<\/a>","protected":false},"author":12,"featured_media":0,"parent":23652,"menu_order":2,"comment_status":"closed","ping_status":"closed","template":"","meta":[],"acf":[],"_links":{"self":[{"href":"https:\/\/metropolevsech.eu\/en\/wp-json\/wp\/v2\/pages\/23745"}],"collection":[{"href":"https:\/\/metropolevsech.eu\/en\/wp-json\/wp\/v2\/pages"}],"about":[{"href":"https:\/\/metropolevsech.eu\/en\/wp-json\/wp\/v2\/types\/page"}],"author":[{"embeddable":true,"href":"https:\/\/metropolevsech.eu\/en\/wp-json\/wp\/v2\/users\/12"}],"replies":[{"embeddable":true,"href":"https:\/\/metropolevsech.eu\/en\/wp-json\/wp\/v2\/comments?post=23745"}],"version-history":[{"count":17,"href":"https:\/\/metropolevsech.eu\/en\/wp-json\/wp\/v2\/pages\/23745\/revisions"}],"predecessor-version":[{"id":25150,"href":"https:\/\/metropolevsech.eu\/en\/wp-json\/wp\/v2\/pages\/23745\/revisions\/25150"}],"up":[{"embeddable":true,"href":"https:\/\/metropolevsech.eu\/en\/wp-json\/wp\/v2\/pages\/23652"}],"wp:attachment":[{"href":"https:\/\/metropolevsech.eu\/en\/wp-json\/wp\/v2\/media?parent=23745"}],"curies":[{"name":"wp","href":"https:\/\/api.w.org\/{rel}","templated":true}]}}