{"id":23748,"date":"2025-10-22T13:31:17","date_gmt":"2025-10-22T11:31:17","guid":{"rendered":"https:\/\/metropolevsech.eu\/?page_id=23748"},"modified":"2026-03-11T18:33:32","modified_gmt":"2026-03-11T17:33:32","slug":"krizove-linky","status":"publish","type":"page","link":"https:\/\/metropolevsech.eu\/en\/zdravotni-informace-pro-drzitele-docasne-ochrany\/pece-o-dusevni-zdravi\/kdy-a-kde-vyhledat-pomoc\/krizove-linky\/","title":{"rendered":"(\u010ce\u0161tina) Krizov\u00e9 linky"},"content":{"rendered":"<p class=\"qtranxs-available-languages-message qtranxs-available-languages-message-en\">Sorry, this entry is only available in <a href=\"https:\/\/metropolevsech.eu\/cs\/wp-json\/wp\/v2\/pages\/23748\" class=\"qtranxs-available-language-link qtranxs-available-language-link-cs\" title=\"\u010ce\u0161tina\">Czech<\/a> and <a href=\"https:\/\/metropolevsech.eu\/ua\/wp-json\/wp\/v2\/pages\/23748\" class=\"qtranxs-available-language-link qtranxs-available-language-link-ua\" title=\"\u0423\u043a\u0440\u0430\u0457\u043d\u0441\u044c\u043a\u0430\">\u0423\u043a\u0440\u0430\u0457\u043d\u0441\u044c\u043a\u0430<\/a>.<\/p>","protected":false},"excerpt":{"rendered":"<p>Sorry, this entry is only available in Czech and \u0423\u043a\u0440\u0430\u0457\u043d\u0441\u044c\u043a\u0430.<\/p>\n<a class=\"more-block\" href=\"https:\/\/metropolevsech.eu\/en\/zdravotni-informace-pro-drzitele-docasne-ochrany\/pece-o-dusevni-zdravi\/kdy-a-kde-vyhledat-pomoc\/krizove-linky\/\">Read more<\/a>","protected":false},"author":12,"featured_media":0,"parent":23652,"menu_order":3,"comment_status":"closed","ping_status":"closed","template":"","meta":[],"acf":[],"_links":{"self":[{"href":"https:\/\/metropolevsech.eu\/en\/wp-json\/wp\/v2\/pages\/23748"}],"collection":[{"href":"https:\/\/metropolevsech.eu\/en\/wp-json\/wp\/v2\/pages"}],"about":[{"href":"https:\/\/metropolevsech.eu\/en\/wp-json\/wp\/v2\/types\/page"}],"author":[{"embeddable":true,"href":"https:\/\/metropolevsech.eu\/en\/wp-json\/wp\/v2\/users\/12"}],"replies":[{"embeddable":true,"href":"https:\/\/metropolevsech.eu\/en\/wp-json\/wp\/v2\/comments?post=23748"}],"version-history":[{"count":64,"href":"https:\/\/metropolevsech.eu\/en\/wp-json\/wp\/v2\/pages\/23748\/revisions"}],"predecessor-version":[{"id":25080,"href":"https:\/\/metropolevsech.eu\/en\/wp-json\/wp\/v2\/pages\/23748\/revisions\/25080"}],"up":[{"embeddable":true,"href":"https:\/\/metropolevsech.eu\/en\/wp-json\/wp\/v2\/pages\/23652"}],"wp:attachment":[{"href":"https:\/\/metropolevsech.eu\/en\/wp-json\/wp\/v2\/media?parent=23748"}],"curies":[{"name":"wp","href":"https:\/\/api.w.org\/{rel}","templated":true}]}}