{"id":23849,"date":"2025-10-23T00:32:21","date_gmt":"2025-10-22T22:32:21","guid":{"rendered":"https:\/\/metropolevsech.eu\/?page_id=23849"},"modified":"2026-02-14T11:42:00","modified_gmt":"2026-02-14T10:42:00","slug":"prehled-sluzeb-psychosocialni-podpory-v-praze","status":"publish","type":"page","link":"https:\/\/metropolevsech.eu\/en\/zdravotni-informace-pro-drzitele-docasne-ochrany\/pece-o-dusevni-zdravi\/prehled-sluzeb-psychosocialni-podpory-v-praze\/","title":{"rendered":"(\u010ce\u0161tina) P\u0159ehled slu\u017eeb psychosoci\u00e1ln\u00ed podpory v Praze"},"content":{"rendered":"<p class=\"qtranxs-available-languages-message qtranxs-available-languages-message-en\">Sorry, this entry is only available in <a href=\"https:\/\/metropolevsech.eu\/cs\/wp-json\/wp\/v2\/pages\/23849\" class=\"qtranxs-available-language-link qtranxs-available-language-link-cs\" title=\"\u010ce\u0161tina\">Czech<\/a>, <a href=\"https:\/\/metropolevsech.eu\/ru\/wp-json\/wp\/v2\/pages\/23849\" class=\"qtranxs-available-language-link qtranxs-available-language-link-ru\" title=\"\u0420\u0443\u0441\u0441\u043a\u0438\u0439\">Russian<\/a> and <a href=\"https:\/\/metropolevsech.eu\/ua\/wp-json\/wp\/v2\/pages\/23849\" class=\"qtranxs-available-language-link qtranxs-available-language-link-ua\" title=\"\u0423\u043a\u0440\u0430\u0457\u043d\u0441\u044c\u043a\u0430\">\u0423\u043a\u0440\u0430\u0457\u043d\u0441\u044c\u043a\u0430<\/a>.<\/p>","protected":false},"excerpt":{"rendered":"<p>Sorry, this entry is only available in Czech, Russian and \u0423\u043a\u0440\u0430\u0457\u043d\u0441\u044c\u043a\u0430.<\/p>\n<a class=\"more-block\" href=\"https:\/\/metropolevsech.eu\/en\/zdravotni-informace-pro-drzitele-docasne-ochrany\/pece-o-dusevni-zdravi\/prehled-sluzeb-psychosocialni-podpory-v-praze\/\">Read more<\/a>","protected":false},"author":12,"featured_media":0,"parent":23617,"menu_order":6,"comment_status":"closed","ping_status":"closed","template":"","meta":[],"acf":[],"_links":{"self":[{"href":"https:\/\/metropolevsech.eu\/en\/wp-json\/wp\/v2\/pages\/23849"}],"collection":[{"href":"https:\/\/metropolevsech.eu\/en\/wp-json\/wp\/v2\/pages"}],"about":[{"href":"https:\/\/metropolevsech.eu\/en\/wp-json\/wp\/v2\/types\/page"}],"author":[{"embeddable":true,"href":"https:\/\/metropolevsech.eu\/en\/wp-json\/wp\/v2\/users\/12"}],"replies":[{"embeddable":true,"href":"https:\/\/metropolevsech.eu\/en\/wp-json\/wp\/v2\/comments?post=23849"}],"version-history":[{"count":77,"href":"https:\/\/metropolevsech.eu\/en\/wp-json\/wp\/v2\/pages\/23849\/revisions"}],"predecessor-version":[{"id":24931,"href":"https:\/\/metropolevsech.eu\/en\/wp-json\/wp\/v2\/pages\/23849\/revisions\/24931"}],"up":[{"embeddable":true,"href":"https:\/\/metropolevsech.eu\/en\/wp-json\/wp\/v2\/pages\/23617"}],"wp:attachment":[{"href":"https:\/\/metropolevsech.eu\/en\/wp-json\/wp\/v2\/media?parent=23849"}],"curies":[{"name":"wp","href":"https:\/\/api.w.org\/{rel}","templated":true}]}}