{"id":3391,"date":"2017-05-14T20:39:36","date_gmt":"2017-05-14T18:39:36","guid":{"rendered":"https:\/\/metropolevsech.eu\/?page_id=3391"},"modified":"2025-02-11T12:07:21","modified_gmt":"2025-02-11T11:07:21","slug":"mestska-cast-praha-1","status":"publish","type":"page","link":"https:\/\/metropolevsech.eu\/en\/kontakty\/urady-v-praze\/mestske-casti\/jednotlive-mestske-casti\/mestska-cast-praha-1\/","title":{"rendered":"Prague 1 City District"},"content":{"rendered":"<p><\/p>\n<h3 style=\"text-align: justify;\"><strong>PRAGUE 1 CITY DISTRICT OFFICE<\/strong><\/h3>\n<p>&nbsp;<\/p>\n<p style=\"text-align: justify;\"><strong>Address:<\/strong> Vodi\u010dkova 18, 115 68 Prague 1<\/p>\n<p style=\"text-align: justify;\"><strong>Switchboard tel.:<\/strong> 221 097 111, <strong>fax<\/strong>: 222 231 646<\/p>\n<p style=\"text-align: justify;\"><strong>Information centre tel.:<\/strong> 221 097 300, 221 097 311, 221 097 280, 221 097 315 (verification)<\/p>\n<p style=\"text-align: justify;\"><strong>Email:<\/strong> posta@praha1.cz<\/p>\n<p style=\"text-align: justify;\"><strong>Website:\u00a0<\/strong><a href=\"http:\/\/www.praha1.cz\/\">www.praha1.cz<\/a><\/p>\n<p style=\"text-align: justify;\">The Prague 1 City District, which is situated in the middle of the metropolis, on both banks of the Vltava River is the most interesting part of Prague for tourists and is also the administrative centre of the Czech Republic. The President, the parliaments and the government have their seat here<\/p>\n<div class=\"box-ok\"><em>In the building of the Prague 1 City District Office you can find a\u00a0<a href=\"https:\/\/metropolevsech.eu\/cs\/potrebuji-resit\/podnikani\/jednotne-kontaktni-misto\/\">Point of Single Contact<\/a>, where you can get all necessary information about running a business.<\/em><\/p>\n<h4><\/h4>\n<h4><strong><em>Link:<\/em><\/strong><\/h4>\n<ul class=\"bullet-links\" style=\"text-align: justify;\">\n<li><a href=\"https:\/\/www.praha1.cz\/odbory-a-oddeleni\/zio_jkm\/\">Point of Single Contact<\/a><\/li>\n<\/ul>\n<p style=\"text-align: justify;\"><\/div>\n<h3><strong>Other Offices:<\/strong><\/h3>\n<h4>Labour Office Branch<\/h4>\n<p><a href=\"https:\/\/www.uradprace.cz\/praha-2\">Prague 2<\/a> Contact Point (for Prague 1 and 2)<\/p>\n<p style=\"text-align: justify;\"><a href=\"https:\/\/www.uradprace.cz\/praha-2\">Offices and Contacts<\/a>,\u00a0<a href=\"https:\/\/www.uradprace.cz\/web\/cz\/volna-mista-v-cr\">Job Vacancies<\/a><\/p>\n<p>&nbsp;<\/p>\n<h4><strong>Prague Social Security Administration (PSSA)<\/strong><\/h4>\n<div class=\"box-ok\"><\/p>\n<p><em>The territorial jurisdiction of the office is not limited. You can choose any local office regardless your place of residence or headquarters.<\/em><\/p>\n<p><em><a href=\"http:\/\/www.cssz.cz\/cz\/kontakty\/krajska-a-okresni-pracoviste\/praha\/\">Contacts for individual local offices<\/a>\u00a0<\/em><\/div>\n<p><strong>\u00a0<\/strong><\/p>\n<h4><strong>Tax Office<\/strong><\/h4>\n<p>Prague 1 Local Office<\/p>\n<p><strong>Address:<\/strong>\u00a0\u0160t\u011bp\u00e1nsk\u00e1 619\/28, 112 33 Prague 1<\/p>\n<p><a href=\"https:\/\/www.financnisprava.cz\/cs\/financni-sprava\/financni-sprava-cr\/organizacni-struktura\/organy-financni-spravy\/uzemni-pracoviste\/2001-uzemni-pracoviste-pro-prahu-1\">Contact information<\/a><\/p>","protected":false},"excerpt":{"rendered":"<p>PRAGUE 1 CITY DISTRICT OFFICE &nbsp; Address: Vodi\u010dkova 18, 115 68 Prague 1 Switchboard tel.: 221 097 111, fax: 222 231 646 Information centre tel.: 221 097 300, 221 097 311, 221 097 280, 221 097 315 (verification) Email: posta@praha1.cz&#8230;<\/p>\n<a class=\"more-block\" href=\"https:\/\/metropolevsech.eu\/en\/kontakty\/urady-v-praze\/mestske-casti\/jednotlive-mestske-casti\/mestska-cast-praha-1\/\">Read more<\/a>","protected":false},"author":7,"featured_media":0,"parent":3406,"menu_order":1,"comment_status":"closed","ping_status":"closed","template":"","meta":[],"acf":[],"_links":{"self":[{"href":"https:\/\/metropolevsech.eu\/en\/wp-json\/wp\/v2\/pages\/3391"}],"collection":[{"href":"https:\/\/metropolevsech.eu\/en\/wp-json\/wp\/v2\/pages"}],"about":[{"href":"https:\/\/metropolevsech.eu\/en\/wp-json\/wp\/v2\/types\/page"}],"author":[{"embeddable":true,"href":"https:\/\/metropolevsech.eu\/en\/wp-json\/wp\/v2\/users\/7"}],"replies":[{"embeddable":true,"href":"https:\/\/metropolevsech.eu\/en\/wp-json\/wp\/v2\/comments?post=3391"}],"version-history":[{"count":5,"href":"https:\/\/metropolevsech.eu\/en\/wp-json\/wp\/v2\/pages\/3391\/revisions"}],"predecessor-version":[{"id":21847,"href":"https:\/\/metropolevsech.eu\/en\/wp-json\/wp\/v2\/pages\/3391\/revisions\/21847"}],"up":[{"embeddable":true,"href":"https:\/\/metropolevsech.eu\/en\/wp-json\/wp\/v2\/pages\/3406"}],"wp:attachment":[{"href":"https:\/\/metropolevsech.eu\/en\/wp-json\/wp\/v2\/media?parent=3391"}],"curies":[{"name":"wp","href":"https:\/\/api.w.org\/{rel}","templated":true}]}}