{"id":3410,"date":"2017-05-14T22:26:14","date_gmt":"2017-05-14T20:26:14","guid":{"rendered":"https:\/\/metropolevsech.eu\/?page_id=3410"},"modified":"2025-02-11T12:14:07","modified_gmt":"2025-02-11T11:14:07","slug":"mestska-cast-praha-2","status":"publish","type":"page","link":"https:\/\/metropolevsech.eu\/en\/kontakty\/urady-v-praze\/mestske-casti\/jednotlive-mestske-casti\/mestska-cast-praha-2\/","title":{"rendered":"Prague 2 City District"},"content":{"rendered":"<p><\/p>\n<h3 style=\"text-align: justify;\"><strong>PRAGUE 2 CITY DISTRICT OFFICE<\/strong><\/h3>\n<p>&nbsp;<\/p>\n<p style=\"text-align: justify;\"><strong>Address:<\/strong> N\u00e1m\u011bst\u00ed M\u00edru 20\/600, 120 39 Prague 2<\/p>\n<p style=\"text-align: justify;\"><strong>Switchboard tel.:<\/strong> 236 044 111<\/p>\n<p style=\"text-align: justify;\"><strong>Information office tel.:<\/strong> 236 044 246, 236 044 215<\/p>\n<p style=\"text-align: justify;\"><strong>Registry tel.:<\/strong> 236 044 230<\/p>\n<p style=\"text-align: justify;\"><strong>Email:\u00a0<\/strong><a href=\"mailto:posta@praha2.cz\">posta@praha2.cz<\/a><\/p>\n<p style=\"text-align: justify;\"><strong>Website:<\/strong>\u00a0<a href=\"http:\/\/www.praha2.cz\">www.praha2.cz<\/a><\/p>\n<p style=\"text-align: justify;\">The Prague 2 City District is located in the central part of the metropolis, on the right bank of the Vltava River and it includes Vy\u0161ehrad, the New Town, Vinohrady and Nusle. Here you can find historical masterpieces and beautiful burgher houses as well as a lot of green areas and civic amenities.<\/p>\n<p>The Prague 2 City District actively promotes the integration of migrants through kindergartens and primary schools in Prague 2 and subsidy schemes focused on extra-curricular activities for children and young people. The Resslova primary school offers free lessons of Czech for children with a different mother tongue which prove very popular.<\/p>\n<p style=\"text-align: justify;\"><div class=\"box-ok\">\u00a0<em>TIP: For more information contact the information office of the city district. Its employees will be able to provide you with contacts for organisations, which help people in difficult situations. They can also arrange a consultation with relevant officials for you and give you information about the office\u2019s activities and cultural events.<\/em><\/p>\n<p><a href=\"https:\/\/www.praha2.cz\/informacni%2Dkancelare\/ms-28105\/p1=28105\">Contact for information offices<\/a><\/p>\n<p>Important information of the Prague 2 City District Office in English is available <a href=\"http:\/\/urad.praha2.cz\/Contact\">here<\/a>.<\/div><\/p>\n<p>&nbsp;<\/p>\n<h4>Other Offices:<\/h4>\n<h4>Labour Office Branch<\/h4>\n<p><a href=\"https:\/\/www.uradprace.cz\/praha-2\">Prague 2<\/a> Contact Point (for Prague 1 and 2)<\/p>\n<p style=\"text-align: justify;\"><a href=\"https:\/\/www.uradprace.cz\/praha-2\">Offices and Contacts<\/a>,\u00a0<a href=\"https:\/\/www.uradprace.cz\/web\/cz\/volna-mista-v-cr\">Job Vacancies<\/a><a href=\"https:\/\/www.uradprace.cz\/web\/cz\/kontakty-na-zamestnance-1\"><\/a><\/p>\n<h4 style=\"text-align: justify;\"><\/h4>\n<h4 style=\"text-align: justify;\"><strong>Prague Social Security Administration (PSSA)<\/strong><\/h4>\n<div class=\"box-ok\">\u00a0<em>The territorial jurisdiction of the office is not limited. You can choose any local office regardless your place of residence or headquarters.<\/em><\/p>\n<p><em><a href=\"http:\/\/www.cssz.cz\/cz\/kontakty\/krajska-a-okresni-pracoviste\/praha\/\">Contacts for individual local offices<\/a>\u00a0<\/em><\/div>\n<p><strong>\u00a0<\/strong><\/p>\n<h4><strong>Tax Office<\/strong><\/h4>\n<p>Prague 2 Local Office<\/p>\n<p><strong>Address:<\/strong>\u00a0Vinohradsk\u00e1 2488\/49, 120 00 Prague 2<\/p>\n<p><a href=\"https:\/\/www.financnisprava.cz\/cs\/financni-sprava\/financni-sprava-cr\/organizacni-struktura\/organy-financni-spravy\/uzemni-pracoviste\/2002-uzemni-pracoviste-pro-prahu-2\">Contact Information<\/a><\/p>","protected":false},"excerpt":{"rendered":"<p>PRAGUE 2 CITY DISTRICT OFFICE &nbsp; Address: N\u00e1m\u011bst\u00ed M\u00edru 20\/600, 120 39 Prague 2 Switchboard tel.: 236 044 111 Information office tel.: 236 044 246, 236 044 215 Registry tel.: 236 044 230 Email:\u00a0posta@praha2.cz Website:\u00a0www.praha2.cz The Prague 2 City District&#8230;<\/p>\n<a class=\"more-block\" href=\"https:\/\/metropolevsech.eu\/en\/kontakty\/urady-v-praze\/mestske-casti\/jednotlive-mestske-casti\/mestska-cast-praha-2\/\">Read more<\/a>","protected":false},"author":7,"featured_media":0,"parent":3406,"menu_order":2,"comment_status":"closed","ping_status":"closed","template":"","meta":[],"acf":[],"_links":{"self":[{"href":"https:\/\/metropolevsech.eu\/en\/wp-json\/wp\/v2\/pages\/3410"}],"collection":[{"href":"https:\/\/metropolevsech.eu\/en\/wp-json\/wp\/v2\/pages"}],"about":[{"href":"https:\/\/metropolevsech.eu\/en\/wp-json\/wp\/v2\/types\/page"}],"author":[{"embeddable":true,"href":"https:\/\/metropolevsech.eu\/en\/wp-json\/wp\/v2\/users\/7"}],"replies":[{"embeddable":true,"href":"https:\/\/metropolevsech.eu\/en\/wp-json\/wp\/v2\/comments?post=3410"}],"version-history":[{"count":4,"href":"https:\/\/metropolevsech.eu\/en\/wp-json\/wp\/v2\/pages\/3410\/revisions"}],"predecessor-version":[{"id":21849,"href":"https:\/\/metropolevsech.eu\/en\/wp-json\/wp\/v2\/pages\/3410\/revisions\/21849"}],"up":[{"embeddable":true,"href":"https:\/\/metropolevsech.eu\/en\/wp-json\/wp\/v2\/pages\/3406"}],"wp:attachment":[{"href":"https:\/\/metropolevsech.eu\/en\/wp-json\/wp\/v2\/media?parent=3410"}],"curies":[{"name":"wp","href":"https:\/\/api.w.org\/{rel}","templated":true}]}}