{"id":3412,"date":"2017-05-14T22:27:09","date_gmt":"2017-05-14T20:27:09","guid":{"rendered":"https:\/\/metropolevsech.eu\/?page_id=3412"},"modified":"2025-04-01T20:46:11","modified_gmt":"2025-04-01T18:46:11","slug":"mestska-cast-praha-3","status":"publish","type":"page","link":"https:\/\/metropolevsech.eu\/en\/kontakty\/urady-v-praze\/mestske-casti\/jednotlive-mestske-casti\/mestska-cast-praha-3\/","title":{"rendered":"Prague 3 City District"},"content":{"rendered":"<p><\/p>\n<h3 style=\"text-align: justify;\"><strong>PRAGUE 3 CITY DISTRICT OFFICE<\/strong><\/h3>\n<p>&nbsp;<\/p>\n<p style=\"text-align: justify;\"><strong>Address:<\/strong> Havl\u00ed\u010dkovo n\u00e1m. 700\/9, 130 85 Prague 3<\/p>\n<p style=\"text-align: justify;\"><strong>Switchboard tel.:<\/strong> 222 116 111<\/p>\n<p style=\"text-align: justify;\"><strong>Email:<\/strong> <a href=\"mailto:podatelna@praha3.cz\">podatelna@praha3.cz<\/a><\/p>\n<p style=\"text-align: justify;\"><strong>Website:\u00a0<\/strong><a href=\"\/\/www.praha3.cz\/\">www.praha3.cz<\/a><\/p>\n<p>&nbsp;<\/p>\n<p>The Prague 3 City District is situated on the right bank of the Vltava River and is made up of \u017di\u017ekov and Vinohrady. It has an agricultural past, memories of Hussite battles, as well as modern architecture. The original burgher houses are now nightlife havens. There are also green spaces for active leisure time.<br \/>\nThe Prague 3 City District actively promotes the integration of migrants. In 2018 it organised courses of the Czech language for foreigners (low-threshold centres\u00a0 and closed courses), a cultural and social event for foreign and Czech families with children Let&#8217;s Meet, Neighbours!, the So Far, so Near 2018 project of the Lup\u00e1\u010dova and Jeseniova primary schools, which made the integration of children of foreingers easier, extra Czech classes at the Jeseniova primary school, Jaroslava Seiferta primary school and kindergarten and Ji\u0159\u00edho z Lobkovic Square primary school and kindergarten, and lectures for raising awareness among the public.<\/p>\n<h4 style=\"text-align: justify;\"><\/h4>\n<p>&nbsp;<\/p>\n<h4 style=\"text-align: justify;\"><strong>Link:<\/strong><\/h4>\n<p style=\"text-align: justify;\">Use the following links for important information in English about the Prague 3 City District Office:<\/p>\n<ul class=\"bullet-links\" style=\"text-align: justify;\">\n<li><a href=\"https:\/\/www.praha3.cz\/urad\/informace-pro-cizince\">Information for Foreign Citizens<\/a><\/li>\n<\/ul>\n<p>&nbsp;<\/p>\n<h3><strong>Other Offices:<\/strong><\/h3>\n<h4>Labour Office Branch<\/h4>\n<p style=\"text-align: justify;\"><a href=\"https:\/\/www.uradprace.cz\/praha-2\">Prague 3<\/a> Contact Point<\/p>\n<p style=\"text-align: justify;\"><a href=\"https:\/\/www.uradprace.cz\/praha-2\">Offices and Contacts<\/a>,\u00a0<a href=\"https:\/\/www.uradprace.cz\/web\/cz\/volna-mista-v-cr\">Job Vacancies<\/a><a href=\"https:\/\/www.uradprace.cz\/web\/cz\/kontakty-na-zamestnance-1\"><\/a><\/p>\n<h4><strong>Prague Social Security Administration (PSSA)<\/strong><\/h4>\n<div class=\"box-ok\"><\/p>\n<p><em>The territorial jurisdiction of the office is not limited. You can choose any local office regardless your place of residence or headquarters.<\/em><\/p>\n<p><em><a href=\"\/\/www.cssz.cz\/cz\/kontakty\/krajska-a-okresni-pracoviste\/praha\/\">Contacts for individual local offices<\/a>\u00a0<\/em><\/div>\n<p>&nbsp;<\/p>\n<h4><strong>Tax Office<\/strong><\/h4>\n<p>Prague 3 Local Office<\/p>\n<p><strong>Address: <\/strong>Drahobejlova 945\/48, 190 21 Prague 9<\/p>\n<p><a href=\"https:\/\/www.financnisprava.cz\/cs\/financni-sprava\/financni-sprava-cr\/organizacni-struktura\/organy-financni-spravy\/uzemni-pracoviste\/2003-uzemni-pracoviste-pro-prahu-3\">Contact information<\/a><\/p>","protected":false},"excerpt":{"rendered":"<p>PRAGUE 3 CITY DISTRICT OFFICE &nbsp; Address: Havl\u00ed\u010dkovo n\u00e1m. 700\/9, 130 85 Prague 3 Switchboard tel.: 222 116 111 Email: podatelna@praha3.cz Website:\u00a0www.praha3.cz &nbsp; The Prague 3 City District is situated on the right bank of the Vltava River and is&#8230;<\/p>\n<a class=\"more-block\" href=\"https:\/\/metropolevsech.eu\/en\/kontakty\/urady-v-praze\/mestske-casti\/jednotlive-mestske-casti\/mestska-cast-praha-3\/\">Read more<\/a>","protected":false},"author":7,"featured_media":0,"parent":3406,"menu_order":3,"comment_status":"closed","ping_status":"closed","template":"","meta":[],"acf":[],"_links":{"self":[{"href":"https:\/\/metropolevsech.eu\/en\/wp-json\/wp\/v2\/pages\/3412"}],"collection":[{"href":"https:\/\/metropolevsech.eu\/en\/wp-json\/wp\/v2\/pages"}],"about":[{"href":"https:\/\/metropolevsech.eu\/en\/wp-json\/wp\/v2\/types\/page"}],"author":[{"embeddable":true,"href":"https:\/\/metropolevsech.eu\/en\/wp-json\/wp\/v2\/users\/7"}],"replies":[{"embeddable":true,"href":"https:\/\/metropolevsech.eu\/en\/wp-json\/wp\/v2\/comments?post=3412"}],"version-history":[{"count":6,"href":"https:\/\/metropolevsech.eu\/en\/wp-json\/wp\/v2\/pages\/3412\/revisions"}],"predecessor-version":[{"id":22415,"href":"https:\/\/metropolevsech.eu\/en\/wp-json\/wp\/v2\/pages\/3412\/revisions\/22415"}],"up":[{"embeddable":true,"href":"https:\/\/metropolevsech.eu\/en\/wp-json\/wp\/v2\/pages\/3406"}],"wp:attachment":[{"href":"https:\/\/metropolevsech.eu\/en\/wp-json\/wp\/v2\/media?parent=3412"}],"curies":[{"name":"wp","href":"https:\/\/api.w.org\/{rel}","templated":true}]}}