{"id":3414,"date":"2017-05-14T22:28:04","date_gmt":"2017-05-14T20:28:04","guid":{"rendered":"https:\/\/metropolevsech.eu\/?page_id=3414"},"modified":"2025-04-01T20:55:02","modified_gmt":"2025-04-01T18:55:02","slug":"mestska-cast-praha-4","status":"publish","type":"page","link":"https:\/\/metropolevsech.eu\/en\/kontakty\/urady-v-praze\/mestske-casti\/jednotlive-mestske-casti\/mestska-cast-praha-4\/","title":{"rendered":"Prague 4 City District"},"content":{"rendered":"<p><\/p>\n<h3 style=\"text-align: justify;\"><strong>PRAGUE 4 CITY DISTRICT OFFICE<\/strong><\/h3>\n<p>&nbsp;<\/p>\n<p style=\"text-align: justify;\"><strong>Address:\u00a0<\/strong>Antala Sta\u0161ka 2059\/80b, 140 46 Prague 4 \u2013 Kr\u010d<\/p>\n<p style=\"text-align: justify;\"><strong>Reception tel.:<\/strong> 800 194 237<\/p>\n<p style=\"text-align: justify;\"><strong>Fax: <\/strong>241 741 743<\/p>\n<p style=\"text-align: justify;\"><strong>Email:<\/strong> <a href=\"mailto:radnice@praha4.cz\">radnice@praha4.cz<\/a>, <strong>registry:<\/strong> <a href=\"mailto:posta@praha4.cz\">posta@praha4.cz<\/a><\/p>\n<p style=\"text-align: justify;\"><strong>Website:<\/strong>\u00a0<a href=\"\/\/www.praha4.cz\">www.praha4.cz<\/a><\/p>\n<p>The Prague 4 City District spreads out in the South of the metropolis, on the right bank of the Vltava River. It consists of the following cadastral municipalities: Nusle, Michle, Podol\u00ed, Bran\u00edk, Hodkovi\u010dky, Kr\u010d, a part of Lhotka and Z\u00e1b\u011bhlice and a few houses in Vinohrady. This city district saw great prosperity at the end of the 19th century and at the beginning of the 20th century in connection with the construction of technical and public buildings. Today, Prague 4 is a popular residential housing area and a place where people like to spend their leisure time.<\/p>\n<p>The Prague 4 City District Office actively supports the integration of migrants who live in Prague 4. Among other events, in 2016 the office organised a multicultural festival called Kaleidoskop, which took place in the central park at Pankr\u00e1c on 11th June 2016. For sure, this year there will also be a lot of opportunities for all Prague 4 inhabitants to meet each other.<\/p>\n<div class=\"box-ok\">\u00a0<em>TIP: Prague 4 offers Czech language courses for children and adults in cooperation with the Integration Centre of Prague (ICP). Foreigners living in Prague 4 can attend these courses for free. The courses have taken place at the Pol\u00e1\u010dkova primary school and the B\u00edtovsk\u00e1 primary school in Prague 4.<\/em><\/p>\n<p><em>For more information, have a look at the <a href=\"\/\/www.praha4.cz\">website of Prague 4<\/a>\u00a0or <a href=\"\/\/www.praha4.cz\/Praha-4-nabizi-kurzy-cestiny-pro-deti-i-dospele-z-rad-cizincu.html\">here<\/a><\/em><em>.\u00a0<\/em><\/div>\n<h4 style=\"text-align: justify;\"><\/h4>\n<h4 style=\"text-align: justify;\"><strong>Link:<\/strong><\/h4>\n<p style=\"text-align: justify;\">On the following website you can find important information about the Prague 4 City District office in English:<\/p>\n<ul class=\"bullet-links\" style=\"text-align: justify;\">\n<li><a href=\"\/\/www.praha4.cz\/file\/cl921\/GUIDE-FOR-FOREIGNERS-ENG.pdf\">Guide for Foreigners<\/a><\/li>\n<\/ul>\n<p>&nbsp;<\/p>\n<h3><strong>Other Offices:<\/strong><\/h3>\n<h4>Labour Office Branch<\/h4>\n<p style=\"text-align: justify;\"><a href=\"https:\/\/www.uradprace.cz\/praha-4\">Prague 4<\/a> Contact Point (for Prague 4, 11 and 12)<\/p>\n<p style=\"text-align: justify;\"><a href=\"https:\/\/www.uradprace.cz\/praha-4\">Offices and Contacts<\/a>,\u00a0<a href=\"https:\/\/www.uradprace.cz\/web\/cz\/volna-mista-v-cr\">Job Vacancies<\/a><a href=\"https:\/\/www.uradprace.cz\/kontakty-na-zamestnance-3\"><\/a><\/p>\n<h4><\/h4>\n<h4><\/h4>\n<h4><strong>Prague Social Security Administration (PSSA)<\/strong><\/h4>\n<div class=\"box-ok\"><\/p>\n<p><em>The territorial jurisdiction of the office is not limited. You can choose any local office regardless your place of residence or headquarters.<\/em><\/p>\n<p><em><a href=\"\/\/www.cssz.cz\/cz\/kontakty\/krajska-a-okresni-pracoviste\/praha\/\">Contacts for individual local offices<\/a>\u00a0<\/em><\/div>\n<p><strong>\u00a0<\/strong><\/p>\n<h4><strong>Tax Office<\/strong><\/h4>\n<p>Prague 4 Local Office<\/p>\n<p><strong>Address:<\/strong> Bud\u011bjovick\u00e1 409\/1, 140 00 Prague 4<\/p>\n<p><a href=\"https:\/\/www.financnisprava.cz\/cs\/financni-sprava\/financni-sprava-cr\/organizacni-struktura\/organy-financni-spravy\/uzemni-pracoviste\/2004-uzemni-pracoviste-pro-prahu-4\">Contact information<\/a><\/p>","protected":false},"excerpt":{"rendered":"<p>PRAGUE 4 CITY DISTRICT OFFICE &nbsp; Address:\u00a0Antala Sta\u0161ka 2059\/80b, 140 46 Prague 4 \u2013 Kr\u010d Reception tel.: 800 194 237 Fax: 241 741 743 Email: radnice@praha4.cz, registry: posta@praha4.cz Website:\u00a0www.praha4.cz The Prague 4 City District spreads out in the South of&#8230;<\/p>\n<a class=\"more-block\" href=\"https:\/\/metropolevsech.eu\/en\/kontakty\/urady-v-praze\/mestske-casti\/jednotlive-mestske-casti\/mestska-cast-praha-4\/\">Read more<\/a>","protected":false},"author":7,"featured_media":0,"parent":3406,"menu_order":4,"comment_status":"closed","ping_status":"closed","template":"","meta":[],"acf":[],"_links":{"self":[{"href":"https:\/\/metropolevsech.eu\/en\/wp-json\/wp\/v2\/pages\/3414"}],"collection":[{"href":"https:\/\/metropolevsech.eu\/en\/wp-json\/wp\/v2\/pages"}],"about":[{"href":"https:\/\/metropolevsech.eu\/en\/wp-json\/wp\/v2\/types\/page"}],"author":[{"embeddable":true,"href":"https:\/\/metropolevsech.eu\/en\/wp-json\/wp\/v2\/users\/7"}],"replies":[{"embeddable":true,"href":"https:\/\/metropolevsech.eu\/en\/wp-json\/wp\/v2\/comments?post=3414"}],"version-history":[{"count":8,"href":"https:\/\/metropolevsech.eu\/en\/wp-json\/wp\/v2\/pages\/3414\/revisions"}],"predecessor-version":[{"id":22417,"href":"https:\/\/metropolevsech.eu\/en\/wp-json\/wp\/v2\/pages\/3414\/revisions\/22417"}],"up":[{"embeddable":true,"href":"https:\/\/metropolevsech.eu\/en\/wp-json\/wp\/v2\/pages\/3406"}],"wp:attachment":[{"href":"https:\/\/metropolevsech.eu\/en\/wp-json\/wp\/v2\/media?parent=3414"}],"curies":[{"name":"wp","href":"https:\/\/api.w.org\/{rel}","templated":true}]}}