{"id":3416,"date":"2017-05-14T22:29:06","date_gmt":"2017-05-14T20:29:06","guid":{"rendered":"https:\/\/metropolevsech.eu\/?page_id=3416"},"modified":"2025-02-11T13:50:57","modified_gmt":"2025-02-11T12:50:57","slug":"mestska-cast-praha-5","status":"publish","type":"page","link":"https:\/\/metropolevsech.eu\/en\/kontakty\/urady-v-praze\/mestske-casti\/jednotlive-mestske-casti\/mestska-cast-praha-5\/","title":{"rendered":"Prague 5 City District"},"content":{"rendered":"<p><\/p>\n<h3 style=\"text-align: justify;\"><strong>PRAGUE 5 CITY DISTRICT OFFICE<\/strong><\/h3>\n<p>&nbsp;<\/p>\n<p style=\"text-align: justify;\"><strong>Address:<\/strong>\u00a014. \u0159\u00edjna Square 381\/4, 150 22 Prague 5<\/p>\n<p style=\"text-align: justify;\"><strong>Switchboard tel.:<\/strong> 257 000 111, 234 378 111<\/p>\n<p style=\"text-align: justify;\"><strong>Free telephone line:<\/strong> 800 800 005<\/p>\n<p style=\"text-align: justify;\"><strong>Email:<\/strong>\u00a0<a href=\"mailto:podatelna@praha5.cz\">podatelna@praha5.cz<\/a><\/p>\n<p style=\"text-align: justify;\"><strong>Website:\u00a0<\/strong><a href=\"http:\/\/www.praha5.cz\/\">www.praha5.cz<\/a><\/p>\n<p>The Prague 5 City District, which is located on the left bank of the Vltava River, is made up of the formerly individual municipalities Sm\u00edchov, Ko\u0161\u00ed\u0159e, Motol, Hlubo\u010depy, Radlice, Jinonice-Butovice and the southern tip of the Lesser Town \u2013 \u00dajezd. What used to be a villa area and a place where the working class lived is now a modern administrative and shopping centre, which meets the demanding requirements of modern living.<\/p>\n<div class=\"box-ok\"> Prague 5 organises Czech language courses and various public events. In 2016 there was for example a celebration of the International Migrants Day.\u00a0<\/div>\n<div class=\"box-ok\">\u00a0At Grafick\u00e1 primary school there is an afternoon club called Imagion. It enables children to spend their leisure time in a meaningful way and learn new things together with their peers in a safe environment. Parents and the public can come to have a look at what their children do in the club. Imagion is also open to cooperation with parents, the school and NGOs. The club is suitable for children who need support in learning Czech. To learn about the current project called <em>Pozn\u00e1vejme se<\/em> (Let&#8217;s get to know each other&#8221;), you can have a look at the information in Czech <a href=\"http:\/\/www.praha5.cz\/cs\/dokument\/212349-praha-5-podporuje-projekt-poznavejme-se\">here<\/a>. <\/div>\n<p>&nbsp;<\/p>\n<h3><strong>Other Offices:<\/strong><\/h3>\n<h4>Labour Office Branch<\/h4>\n<p style=\"text-align: justify;\"><a href=\"https:\/\/www.uradprace.cz\/praha-5\">Prague 5<\/a> Contact Point (for Prague 5, 13 and 16)<\/p>\n<p style=\"text-align: justify;\"><a href=\"https:\/\/www.uradprace.cz\/praha-5\">Offices and Contacts<\/a>,\u00a0<a href=\"https:\/\/www.uradprace.cz\/web\/cz\/volna-mista-v-cr\">Job Vacancies<\/a><a href=\"https:\/\/www.uradprace.cz\/kontakty-na-zamestnance-4\"><\/a><\/p>\n<h4><\/h4>\n<h4><\/h4>\n<h4><strong>Prague Social Security Administration (PSSA)<\/strong><\/h4>\n<div class=\"box-ok\"><\/p>\n<p><em>The territorial jurisdiction of the office is not limited. You can choose any local office regardless your place of residence or headquarters.<\/em><\/p>\n<p><em><a href=\"http:\/\/www.cssz.cz\/cz\/kontakty\/krajska-a-okresni-pracoviste\/praha\/\">Contacts for individual local offices<\/a>\u00a0<\/em><\/div>\n<p><strong>\u00a0<\/strong><\/p>\n<h4><strong>Tax Office<\/strong><\/h4>\n<p>Prague 5 Local Office<\/p>\n<p><strong>Address:<\/strong> Prague 5 (Radlice), Peroutkova 263\/61, 150\u00a000<\/p>\n<p><a href=\"https:\/\/www.financnisprava.cz\/cs\/financni-sprava\/financni-sprava-cr\/organizacni-struktura\/organy-financni-spravy\/uzemni-pracoviste\/2005-uzemni-pracoviste-pro-prahu-5\">Contact information<\/a><\/p>","protected":false},"excerpt":{"rendered":"<p>PRAGUE 5 CITY DISTRICT OFFICE &nbsp; Address:\u00a014. \u0159\u00edjna Square 381\/4, 150 22 Prague 5 Switchboard tel.: 257 000 111, 234 378 111 Free telephone line: 800 800 005 Email:\u00a0podatelna@praha5.cz Website:\u00a0www.praha5.cz The Prague 5 City District, which is located on the&#8230;<\/p>\n<a class=\"more-block\" href=\"https:\/\/metropolevsech.eu\/en\/kontakty\/urady-v-praze\/mestske-casti\/jednotlive-mestske-casti\/mestska-cast-praha-5\/\">Read more<\/a>","protected":false},"author":7,"featured_media":0,"parent":3406,"menu_order":5,"comment_status":"closed","ping_status":"closed","template":"","meta":[],"acf":[],"_links":{"self":[{"href":"https:\/\/metropolevsech.eu\/en\/wp-json\/wp\/v2\/pages\/3416"}],"collection":[{"href":"https:\/\/metropolevsech.eu\/en\/wp-json\/wp\/v2\/pages"}],"about":[{"href":"https:\/\/metropolevsech.eu\/en\/wp-json\/wp\/v2\/types\/page"}],"author":[{"embeddable":true,"href":"https:\/\/metropolevsech.eu\/en\/wp-json\/wp\/v2\/users\/7"}],"replies":[{"embeddable":true,"href":"https:\/\/metropolevsech.eu\/en\/wp-json\/wp\/v2\/comments?post=3416"}],"version-history":[{"count":5,"href":"https:\/\/metropolevsech.eu\/en\/wp-json\/wp\/v2\/pages\/3416\/revisions"}],"predecessor-version":[{"id":21855,"href":"https:\/\/metropolevsech.eu\/en\/wp-json\/wp\/v2\/pages\/3416\/revisions\/21855"}],"up":[{"embeddable":true,"href":"https:\/\/metropolevsech.eu\/en\/wp-json\/wp\/v2\/pages\/3406"}],"wp:attachment":[{"href":"https:\/\/metropolevsech.eu\/en\/wp-json\/wp\/v2\/media?parent=3416"}],"curies":[{"name":"wp","href":"https:\/\/api.w.org\/{rel}","templated":true}]}}