{"id":3418,"date":"2017-05-14T22:29:59","date_gmt":"2017-05-14T20:29:59","guid":{"rendered":"https:\/\/metropolevsech.eu\/?page_id=3418"},"modified":"2025-02-11T13:53:07","modified_gmt":"2025-02-11T12:53:07","slug":"mestska-cast-praha-6","status":"publish","type":"page","link":"https:\/\/metropolevsech.eu\/en\/kontakty\/urady-v-praze\/mestske-casti\/jednotlive-mestske-casti\/mestska-cast-praha-6\/","title":{"rendered":"Prague 6 City District"},"content":{"rendered":"<p><\/p>\n<h3 style=\"text-align: justify;\"><strong>PRAGUE 6 CITY DISTRICT OFFICE<\/strong><\/h3>\n<p>&nbsp;<\/p>\n<p style=\"text-align: justify;\"><strong>Address:\u00a0<\/strong>\u010ceskoslovensk\u00e9 arm\u00e1dy 601\/23, 160 52 Prague 6<\/p>\n<p style=\"text-align: justify;\"><strong>Switchboard tel.:<\/strong> 220 189 111<\/p>\n<p style=\"text-align: justify;\"><strong>Free telephone line:<\/strong> 800 800 001, <strong>registry:<\/strong> 220 189 202<\/p>\n<p style=\"text-align: justify;\"><strong>Telephone:\u00a0<\/strong>220 189 855<\/p>\n<p style=\"text-align: justify;\"><strong>Email:<\/strong>\u00a0<a href=\"mailto:podatelna@praha6.cz\">podatelna@praha6.cz<\/a>,\u00a0<a href=\"mailto:ik-csarmady@praha6.cz\">ik-csarmady@praha6.cz<\/a><\/p>\n<p style=\"text-align: justify;\"><strong>Website:\u00a0<\/strong><a href=\"http:\/\/www.praha6.cz\/\">www.praha6.cz<\/a><\/p>\n<p style=\"text-align: justify;\">The Prague 6 City District comprises the whole cadastral area of Ruzyn\u011b, Liboc, Veleslav\u00edn, Vokovice, Dejvice and St\u0159e\u0161ovice and a part of the cadastral area of B\u0159evnov, Sedlec, Bubene\u010d and Hrad\u010dany. It is one of the districts with both residential and recreational purposes and there is also a lot of universities and secondary schools. Foreign representative offices can be found here too. The V\u00e1clav Havel airport is also located in this city district.<\/p>\n<h3><strong>Other Offices:<\/strong><\/h3>\n<h4>Labour Office Branch<\/h4>\n<p><a href=\"https:\/\/www.uradprace.cz\/praha-6\">Prague 6<\/a> Contact Point (for Prague 6 and 17)<\/p>\n<p style=\"text-align: justify;\"><a href=\"https:\/\/www.uradprace.cz\/praha-6\">Offices and Contacts<\/a>,\u00a0<a href=\"https:\/\/www.uradprace.cz\/web\/cz\/volna-mista-v-cr\">Job Vacancies<\/a><a href=\"https:\/\/www.uradprace.cz\/kontakty-na-zamestnance-5\"><\/a><\/p>\n<h4><strong>Prague Social Security Administration (PSSA)<\/strong><\/h4>\n<div class=\"box-ok\"><\/p>\n<p><em>The territorial jurisdiction of the office is not limited. You can choose any local office regardless your place of residence or headquarters.<\/em><\/p>\n<p><em><a href=\"http:\/\/www.cssz.cz\/cz\/kontakty\/krajska-a-okresni-pracoviste\/praha\/\">Contacts for individual local offices<\/a>\u00a0<\/em><\/div>\n<p><strong>\u00a0<\/strong><\/p>\n<h4><strong>Tax Office<\/strong><\/h4>\n<p><a href=\"http:\/\/portal.mpsv.cz\/upcr\/kp\/pha\/kop\/praha_6\">Prague 6<\/a> Local Office<\/p>\n<p><strong>Address:<\/strong>\u00a0Prague 7 (Hole\u0161ovice), N\u00e1b\u0159e\u017e\u00ed kpt. Jaro\u0161e 1000\/7, 170 00<\/p>\n<p><a href=\"https:\/\/www.financnisprava.cz\/cs\/financni-sprava\/financni-sprava-cr\/organizacni-struktura\/organy-financni-spravy\/uzemni-pracoviste\/2006-uzemni-pracoviste-pro-prahu-6\">Contact information<\/a><\/p>","protected":false},"excerpt":{"rendered":"<p>PRAGUE 6 CITY DISTRICT OFFICE &nbsp; Address:\u00a0\u010ceskoslovensk\u00e9 arm\u00e1dy 601\/23, 160 52 Prague 6 Switchboard tel.: 220 189 111 Free telephone line: 800 800 001, registry: 220 189 202 Telephone:\u00a0220 189 855 Email:\u00a0podatelna@praha6.cz,\u00a0ik-csarmady@praha6.cz Website:\u00a0www.praha6.cz The Prague 6 City District comprises the&#8230;<\/p>\n<a class=\"more-block\" href=\"https:\/\/metropolevsech.eu\/en\/kontakty\/urady-v-praze\/mestske-casti\/jednotlive-mestske-casti\/mestska-cast-praha-6\/\">Read more<\/a>","protected":false},"author":7,"featured_media":0,"parent":3406,"menu_order":6,"comment_status":"closed","ping_status":"closed","template":"","meta":[],"acf":[],"_links":{"self":[{"href":"https:\/\/metropolevsech.eu\/en\/wp-json\/wp\/v2\/pages\/3418"}],"collection":[{"href":"https:\/\/metropolevsech.eu\/en\/wp-json\/wp\/v2\/pages"}],"about":[{"href":"https:\/\/metropolevsech.eu\/en\/wp-json\/wp\/v2\/types\/page"}],"author":[{"embeddable":true,"href":"https:\/\/metropolevsech.eu\/en\/wp-json\/wp\/v2\/users\/7"}],"replies":[{"embeddable":true,"href":"https:\/\/metropolevsech.eu\/en\/wp-json\/wp\/v2\/comments?post=3418"}],"version-history":[{"count":4,"href":"https:\/\/metropolevsech.eu\/en\/wp-json\/wp\/v2\/pages\/3418\/revisions"}],"predecessor-version":[{"id":21857,"href":"https:\/\/metropolevsech.eu\/en\/wp-json\/wp\/v2\/pages\/3418\/revisions\/21857"}],"up":[{"embeddable":true,"href":"https:\/\/metropolevsech.eu\/en\/wp-json\/wp\/v2\/pages\/3406"}],"wp:attachment":[{"href":"https:\/\/metropolevsech.eu\/en\/wp-json\/wp\/v2\/media?parent=3418"}],"curies":[{"name":"wp","href":"https:\/\/api.w.org\/{rel}","templated":true}]}}