{"id":3420,"date":"2017-05-14T22:31:59","date_gmt":"2017-05-14T20:31:59","guid":{"rendered":"https:\/\/metropolevsech.eu\/?page_id=3420"},"modified":"2025-04-01T21:09:47","modified_gmt":"2025-04-01T19:09:47","slug":"mestska-cast-praha-7","status":"publish","type":"page","link":"https:\/\/metropolevsech.eu\/en\/kontakty\/urady-v-praze\/mestske-casti\/jednotlive-mestske-casti\/mestska-cast-praha-7\/","title":{"rendered":"Prague 7 City District"},"content":{"rendered":"<p><\/p>\n<h3><strong>PRAGUE 7 CITY DISTRICT OFFICE<\/strong><\/h3>\n<p>&nbsp;<\/p>\n<p><strong>Address:\u00a0<\/strong>n\u00e1b\u0159e\u017e\u00ed Kapit\u00e1na Jaro\u0161e 1000\/7, 170 00 Prague 7<\/p>\n<p style=\"text-align: justify;\"><strong>Switchboard tel.:<\/strong> 220 141 111<\/p>\n<p style=\"text-align: justify;\"><strong>Email:\u00a0<\/strong><a href=\"mailto:podatelna@p7.mepnet.cz\">podatelna@p7.mepnet.cz<\/a><\/p>\n<p style=\"text-align: justify;\"><strong>Website:<\/strong>\u00a0<a href=\"\/\/www.praha7.cz\">www.praha7.cz<\/a><\/p>\n<p style=\"text-align: justify;\"><strong>Department of Social Integration \u2013 telephone:<\/strong> 220\u00a0144\u00a0190<\/p>\n<p style=\"text-align: justify;\">The Prague 7 City District is situated to the north of the Prague historical centre, mainly on the left bank of the Vltava River. It is made up of almost the whole cadastral area of Hole\u0161ovice, about a half of the Bubene\u010d cadastre and a small part of the Libe\u0148 cadastre. It is a growing part of the city including a residential area with civic amenities and an administrative centre.<\/p>\n<div class=\"box-ok\"><em>In the Prague 7 City District there is a <a href=\"https:\/\/www.praha7.cz\/radnice\/organizacni-struktura\/odbor-zivnostensky\/oddeleni-jednotne-kontaktni-misto\/\">Point of Single Contact<\/a>, where you can get all necessary information about running a business in English.<\/em><\/div>\n<h4 style=\"text-align: justify;\"><\/h4>\n<h4 style=\"text-align: justify;\"><strong>Link:<\/strong><\/h4>\n<p style=\"text-align: justify;\">The link below will provide you with important information about the Prague 7 City District Office in English:<\/p>\n<ul class=\"bullet-links\" style=\"text-align: justify;\">\n<li><a href=\"https:\/\/www.praha7.cz\/temata\/cizinci-a-narodnostni-mensiny\/useful-information-for-foreigners-in-prague-7\/\">Useful Information for Foreigners in Prague 7<\/a><\/li>\n<\/ul>\n<p>&nbsp;<\/p>\n<p>The Department of social integration organises regular Czech lessons for children at schools as well as various cultural events and other activities within the framework of conceptual and social work. This department also arranges accompanied visits to administrative offices, interpreting, intercultural services, and various types of counselling. Employees of the department are also able to recommend the services of other organisations which provide assistance.<\/p>\n<p>&nbsp;<\/p>\n<h3><strong>Other Offices:<\/strong><\/h3>\n<h4>Labour Office Branch<\/h4>\n<p style=\"text-align: justify;\"><a href=\"https:\/\/www.uradprace.cz\/praha-8\">Prague 8<\/a> Contact Point (for Prague 7 and 8)<\/p>\n<p style=\"text-align: justify;\"><a href=\"https:\/\/www.uradprace.cz\/praha-8\">Offices and Contacts<\/a>,\u00a0<a href=\"https:\/\/www.uradprace.cz\/web\/cz\/volna-mista-v-cr\">Job Vacancies<\/a><a href=\"https:\/\/www.uradprace.cz\/kontakty-na-zamestnance-6\"><\/a><\/p>\n<h4><\/h4>\n<h4><strong>Prague Social Security Administration (PSSA)<\/strong><\/h4>\n<div class=\"box-ok\"><\/p>\n<p><em>The territorial jurisdiction of the office is not limited. You can choose any local office regardless your place of residence or headquarters.<\/em><\/p>\n<p><em><a href=\"\/\/www.cssz.cz\/cz\/kontakty\/krajska-a-okresni-pracoviste\/praha\/\">Contacts for individual local offices<\/a>\u00a0<\/em><\/div>\n<p><strong>\u00a0<\/strong><\/p>\n<h4><strong>Tax Office<\/strong><\/h4>\n<p>Prague 7 Local Office<\/p>\n<p><strong>Address: <\/strong>n\u00e1b\u0159. Kpt. Jaro\u0161e 1000\/7, 170 00 Prague 7<\/p>\n<p><a href=\"https:\/\/www.financnisprava.cz\/cs\/financni-sprava\/financni-sprava-cr\/organizacni-struktura\/organy-financni-spravy\/uzemni-pracoviste\/2007-uzemni-pracoviste-pro-prahu-7\">Contact information<\/a><\/p>\n<p>&nbsp;<\/p>","protected":false},"excerpt":{"rendered":"<p>PRAGUE 7 CITY DISTRICT OFFICE &nbsp; Address:\u00a0n\u00e1b\u0159e\u017e\u00ed Kapit\u00e1na Jaro\u0161e 1000\/7, 170 00 Prague 7 Switchboard tel.: 220 141 111 Email:\u00a0podatelna@p7.mepnet.cz Website:\u00a0www.praha7.cz Department of Social Integration \u2013 telephone: 220\u00a0144\u00a0190 The Prague 7 City District is situated to the north of the&#8230;<\/p>\n<a class=\"more-block\" href=\"https:\/\/metropolevsech.eu\/en\/kontakty\/urady-v-praze\/mestske-casti\/jednotlive-mestske-casti\/mestska-cast-praha-7\/\">Read more<\/a>","protected":false},"author":7,"featured_media":0,"parent":3406,"menu_order":7,"comment_status":"closed","ping_status":"closed","template":"","meta":[],"acf":[],"_links":{"self":[{"href":"https:\/\/metropolevsech.eu\/en\/wp-json\/wp\/v2\/pages\/3420"}],"collection":[{"href":"https:\/\/metropolevsech.eu\/en\/wp-json\/wp\/v2\/pages"}],"about":[{"href":"https:\/\/metropolevsech.eu\/en\/wp-json\/wp\/v2\/types\/page"}],"author":[{"embeddable":true,"href":"https:\/\/metropolevsech.eu\/en\/wp-json\/wp\/v2\/users\/7"}],"replies":[{"embeddable":true,"href":"https:\/\/metropolevsech.eu\/en\/wp-json\/wp\/v2\/comments?post=3420"}],"version-history":[{"count":8,"href":"https:\/\/metropolevsech.eu\/en\/wp-json\/wp\/v2\/pages\/3420\/revisions"}],"predecessor-version":[{"id":22419,"href":"https:\/\/metropolevsech.eu\/en\/wp-json\/wp\/v2\/pages\/3420\/revisions\/22419"}],"up":[{"embeddable":true,"href":"https:\/\/metropolevsech.eu\/en\/wp-json\/wp\/v2\/pages\/3406"}],"wp:attachment":[{"href":"https:\/\/metropolevsech.eu\/en\/wp-json\/wp\/v2\/media?parent=3420"}],"curies":[{"name":"wp","href":"https:\/\/api.w.org\/{rel}","templated":true}]}}