{"id":3422,"date":"2017-05-14T22:32:56","date_gmt":"2017-05-14T20:32:56","guid":{"rendered":"https:\/\/metropolevsech.eu\/?page_id=3422"},"modified":"2025-02-11T14:49:33","modified_gmt":"2025-02-11T13:49:33","slug":"mestska-cast-praha-8","status":"publish","type":"page","link":"https:\/\/metropolevsech.eu\/en\/kontakty\/urady-v-praze\/mestske-casti\/jednotlive-mestske-casti\/mestska-cast-praha-8\/","title":{"rendered":"Prague 8 City District"},"content":{"rendered":"<p><\/p>\n<h3 style=\"text-align: justify;\"><strong>PRAGUE 8 CITY DISTRICT OFFICE<\/strong><\/h3>\n<p>&nbsp;<\/p>\n<p style=\"text-align: justify;\"><strong>Address:<\/strong>\u00a0Zenklova 1\/35, 180 48 Prague 8<\/p>\n<p style=\"text-align: justify;\"><strong>Switchboard tel.:<\/strong> 222 805 505<\/p>\n<p style=\"text-align: justify;\"><strong>Email:<\/strong>\u00a0<a href=\"mailto:posta@praha8.cz\">posta@praha8.cz<\/a><\/p>\n<p style=\"text-align: justify;\"><strong>Website:\u00a0<\/strong><a href=\"http:\/\/www.praha8.cz\/\">www.praha8.cz<\/a><\/p>\n<p style=\"text-align: justify;\">The Prague 8 City District consists of nine cadastral areas: four of them are included as a whole (Bohnice, Kobylisy, \u010cimice, Karl\u00edn) and five others partially (Libe\u0148, Troja, St\u0159\u00ed\u017ekov, the New Town and \u017di\u017ekov). Prague 8 is therefore very diverse, both thanks to its area and its character. The southern part \u2013 Karl\u00edn and Libe\u0148 \u2013 are neighbouring quarters of the city centre, Doln\u00ed Chabry and B\u0159ezin\u011bves, on the other hand, are located along the northern border of the city.<\/p>\n<h4 style=\"text-align: justify;\"><strong>Link:<\/strong><\/h4>\n<p style=\"text-align: justify;\">Important information published by the Prague 8 City District Office in English is available here:<\/p>\n<ul class=\"bullet-links\" style=\"text-align: justify;\">\n<li>\u00a0<a href=\"https:\/\/www.praha8.cz\/?l=9\">Prague 8 City District<\/a><\/li>\n<\/ul>\n<h3><\/h3>\n<h3><strong>Other Offices:<\/strong><\/h3>\n<h4>Labour Office Branch<\/h4>\n<p style=\"text-align: justify;\"><a href=\"https:\/\/www.uradprace.cz\/praha-8\">Prague 8<\/a> Contact Point (for Prague 7 and 8)<\/p>\n<p style=\"text-align: justify;\"><a href=\"https:\/\/www.uradprace.cz\/praha-8\">Offices and Contacts<\/a>,\u00a0<a href=\"https:\/\/www.uradprace.cz\/web\/cz\/volna-mista-v-cr\">Job Vacancies<\/a><a href=\"https:\/\/www.uradprace.cz\/kontakty-na-zamestnance-6\"><\/a><\/p>\n<h4><\/h4>\n<h4><strong>Prague Social Security Administration (PSSA)<\/strong><\/h4>\n<div class=\"box-ok\"><\/p>\n<p><em>The territorial jurisdiction of the office is not limited. You can choose any local office regardless your place of residence or headquarters.<\/em><\/p>\n<p><em><a href=\"http:\/\/www.cssz.cz\/cz\/kontakty\/krajska-a-okresni-pracoviste\/praha\/\">Contacts for individual local offices<\/a>\u00a0<\/em><\/div>\n<p><strong>\u00a0<\/strong><\/p>\n<h4><strong>Tax Office<\/strong><\/h4>\n<p>Prague 8 Local Office<\/p>\n<p><strong>Address:<\/strong> Trojsk\u00e1 13a, 180 00 Prague 8<\/p>\n<p><a href=\"https:\/\/www.financnisprava.cz\/cs\/financni-sprava\/financni-sprava-cr\/organizacni-struktura\/organy-financni-spravy\/uzemni-pracoviste\/2008-uzemni-pracoviste-pro-prahu-8\">Contact information<\/a><\/p>","protected":false},"excerpt":{"rendered":"<p>PRAGUE 8 CITY DISTRICT OFFICE &nbsp; Address:\u00a0Zenklova 1\/35, 180 48 Prague 8 Switchboard tel.: 222 805 505 Email:\u00a0posta@praha8.cz Website:\u00a0www.praha8.cz The Prague 8 City District consists of nine cadastral areas: four of them are included as a whole (Bohnice, Kobylisy, \u010cimice,&#8230;<\/p>\n<a class=\"more-block\" href=\"https:\/\/metropolevsech.eu\/en\/kontakty\/urady-v-praze\/mestske-casti\/jednotlive-mestske-casti\/mestska-cast-praha-8\/\">Read more<\/a>","protected":false},"author":7,"featured_media":0,"parent":3406,"menu_order":8,"comment_status":"closed","ping_status":"closed","template":"","meta":[],"acf":[],"_links":{"self":[{"href":"https:\/\/metropolevsech.eu\/en\/wp-json\/wp\/v2\/pages\/3422"}],"collection":[{"href":"https:\/\/metropolevsech.eu\/en\/wp-json\/wp\/v2\/pages"}],"about":[{"href":"https:\/\/metropolevsech.eu\/en\/wp-json\/wp\/v2\/types\/page"}],"author":[{"embeddable":true,"href":"https:\/\/metropolevsech.eu\/en\/wp-json\/wp\/v2\/users\/7"}],"replies":[{"embeddable":true,"href":"https:\/\/metropolevsech.eu\/en\/wp-json\/wp\/v2\/comments?post=3422"}],"version-history":[{"count":4,"href":"https:\/\/metropolevsech.eu\/en\/wp-json\/wp\/v2\/pages\/3422\/revisions"}],"predecessor-version":[{"id":21861,"href":"https:\/\/metropolevsech.eu\/en\/wp-json\/wp\/v2\/pages\/3422\/revisions\/21861"}],"up":[{"embeddable":true,"href":"https:\/\/metropolevsech.eu\/en\/wp-json\/wp\/v2\/pages\/3406"}],"wp:attachment":[{"href":"https:\/\/metropolevsech.eu\/en\/wp-json\/wp\/v2\/media?parent=3422"}],"curies":[{"name":"wp","href":"https:\/\/api.w.org\/{rel}","templated":true}]}}