{"id":3424,"date":"2017-05-14T22:33:57","date_gmt":"2017-05-14T20:33:57","guid":{"rendered":"https:\/\/metropolevsech.eu\/?page_id=3424"},"modified":"2025-02-11T14:53:27","modified_gmt":"2025-02-11T13:53:27","slug":"mestska-cast-praha-9","status":"publish","type":"page","link":"https:\/\/metropolevsech.eu\/en\/kontakty\/urady-v-praze\/mestske-casti\/jednotlive-mestske-casti\/mestska-cast-praha-9\/","title":{"rendered":"Prague 9 City District"},"content":{"rendered":"<p><\/p>\n<h3 style=\"text-align: justify;\"><strong>PRAGUE 9 CITY DISTRICT OFFICE<\/strong><\/h3>\n<p>&nbsp;<\/p>\n<p style=\"text-align: justify;\"><strong>Address:\u00a0<\/strong>Sokolovsk\u00e1 14\/324, 180 49 Prague 9<\/p>\n<p style=\"text-align: justify;\"><strong>Switchboard tel.:<\/strong> 283 091 111<\/p>\n<p style=\"text-align: justify;\"><strong>Information tel.:<\/strong> 283 091 101, 283 091 102<\/p>\n<p style=\"text-align: justify;\"><strong>Email:<\/strong>\u00a0<a href=\"mailto:podatelna@praha9.cz\">podatelna@praha9.cz<\/a><\/p>\n<p style=\"text-align: justify;\"><strong>Website<\/strong>:\u00a0<a href=\"http:\/\/www.praha9.cz\">www.praha9.cz<\/a><\/p>\n<p style=\"text-align: justify;\">Prague 9 consists of several historical quarters: Vyso\u010dany, Prosek, St\u0159\u00ed\u017ekov, Hloub\u011bt\u00edn, Hrdlo\u0159ezy and a part of Libe\u0148. Former working and factory settlements have largely evolved into residential areas and an important railway transport junction.<\/p>\n<h3><strong>Other Offices:<\/strong><\/h3>\n<h4>Labour Office Branch<\/h4>\n<p style=\"text-align: justify;\"><a href=\"https:\/\/www.uradprace.cz\/praha-9\">Prague 9<\/a> Contact Point (for Prague 9, 14, 18, 19, 20 and 21)<\/p>\n<p style=\"text-align: justify;\"><a href=\"https:\/\/www.uradprace.cz\/praha-9\">Offices and Contacts<\/a>,\u00a0<a href=\"https:\/\/www.uradprace.cz\/web\/cz\/volna-mista-v-cr\">Job Vacancies<\/a><a href=\"https:\/\/www.uradprace.cz\/kontakty-na-zamestnance-7\"><\/a><\/p>\n<h4><\/h4>\n<h4><strong>Prague Social Security Administration (PSSA)<\/strong><\/h4>\n<div class=\"box-ok\"><\/p>\n<p><em>The territorial jurisdiction of the office is not limited. You can choose any local office regardless your place of residence or headquarters.<\/em><\/p>\n<p><em><a href=\"http:\/\/www.cssz.cz\/cz\/kontakty\/krajska-a-okresni-pracoviste\/praha\/\">Contacts for individual local offices<\/a>\u00a0<\/em><\/div>\n<p><strong>\u00a0<\/strong><\/p>\n<h4><strong>Tax Office<\/strong><\/h4>\n<p>Prague 9 Local Office<\/p>\n<p><strong>Address:<\/strong> n\u00e1b\u0159. Kpt. Jaro\u0161e 1000\/7, 170 00 Prague 7<\/p>\n<p><a href=\"https:\/\/www.financnisprava.cz\/cs\/financni-sprava\/financni-sprava-cr\/organizacni-struktura\/organy-financni-spravy\/uzemni-pracoviste\/2009-uzemni-pracoviste-pro-prahu-9\">Contact information<\/a><\/p>","protected":false},"excerpt":{"rendered":"<p>PRAGUE 9 CITY DISTRICT OFFICE &nbsp; Address:\u00a0Sokolovsk\u00e1 14\/324, 180 49 Prague 9 Switchboard tel.: 283 091 111 Information tel.: 283 091 101, 283 091 102 Email:\u00a0podatelna@praha9.cz Website:\u00a0www.praha9.cz Prague 9 consists of several historical quarters: Vyso\u010dany, Prosek, St\u0159\u00ed\u017ekov, Hloub\u011bt\u00edn, Hrdlo\u0159ezy and&#8230;<\/p>\n<a class=\"more-block\" href=\"https:\/\/metropolevsech.eu\/en\/kontakty\/urady-v-praze\/mestske-casti\/jednotlive-mestske-casti\/mestska-cast-praha-9\/\">Read more<\/a>","protected":false},"author":7,"featured_media":0,"parent":3406,"menu_order":9,"comment_status":"closed","ping_status":"closed","template":"","meta":[],"acf":[],"_links":{"self":[{"href":"https:\/\/metropolevsech.eu\/en\/wp-json\/wp\/v2\/pages\/3424"}],"collection":[{"href":"https:\/\/metropolevsech.eu\/en\/wp-json\/wp\/v2\/pages"}],"about":[{"href":"https:\/\/metropolevsech.eu\/en\/wp-json\/wp\/v2\/types\/page"}],"author":[{"embeddable":true,"href":"https:\/\/metropolevsech.eu\/en\/wp-json\/wp\/v2\/users\/7"}],"replies":[{"embeddable":true,"href":"https:\/\/metropolevsech.eu\/en\/wp-json\/wp\/v2\/comments?post=3424"}],"version-history":[{"count":5,"href":"https:\/\/metropolevsech.eu\/en\/wp-json\/wp\/v2\/pages\/3424\/revisions"}],"predecessor-version":[{"id":21863,"href":"https:\/\/metropolevsech.eu\/en\/wp-json\/wp\/v2\/pages\/3424\/revisions\/21863"}],"up":[{"embeddable":true,"href":"https:\/\/metropolevsech.eu\/en\/wp-json\/wp\/v2\/pages\/3406"}],"wp:attachment":[{"href":"https:\/\/metropolevsech.eu\/en\/wp-json\/wp\/v2\/media?parent=3424"}],"curies":[{"name":"wp","href":"https:\/\/api.w.org\/{rel}","templated":true}]}}