{"id":3428,"date":"2017-05-14T22:36:38","date_gmt":"2017-05-14T20:36:38","guid":{"rendered":"https:\/\/metropolevsech.eu\/?page_id=3428"},"modified":"2025-04-01T21:19:27","modified_gmt":"2025-04-01T19:19:27","slug":"mestska-cast-praha-11","status":"publish","type":"page","link":"https:\/\/metropolevsech.eu\/en\/kontakty\/urady-v-praze\/mestske-casti\/jednotlive-mestske-casti\/mestska-cast-praha-11\/","title":{"rendered":"Prague 11 City District"},"content":{"rendered":"<p><\/p>\n<h3 style=\"text-align: justify;\"><strong>PRAGUE 11 CITY DISTRICT OFFICE<\/strong><\/h3>\n<p>&nbsp;<\/p>\n<p style=\"text-align: justify;\"><strong>Address:\u00a0<\/strong>Ocel\u00edkova 672\/1, 149 41 Prague 415<\/p>\n<p style=\"text-align: justify;\"><strong>Tel.:<\/strong> 267 902 111<\/p>\n<p><strong>O-line (for inquiries):<\/strong> 800 104 300, <strong>e-mail:<\/strong> <a href=\"mailto:obcanskalinka@praha11.cz\">obcanskalinka@praha11.cz<\/a><\/p>\n<p><strong>Registry:<\/strong> <a href=\"mailto:podatelna@p11.mepnet.cz\">podatelna@p11.mepnet.cz<\/a><\/p>\n<p><strong>Email:<\/strong>\u00a0<a href=\"mailto:podatelna@p11.mepnet.cz\">podatelna@p11.mepnet.cz<\/a><\/p>\n<p style=\"text-align: justify;\"><strong>Website:<\/strong>\u00a0<a href=\"\/\/www.praha11.cz\">www.praha11.cz<\/a><\/p>\n<p style=\"text-align: justify;\">Prague 11 is located to the south\/southeast of central Prague and is composed of the Chodov and H\u00e1je districts. The largest area of Prague 11 is represented by a housing estate \u2013 Ji\u017en\u00ed M\u011bsto I. and Ji\u017en\u00ed M\u011bsto II.<\/p>\n<p>Prague 11 is a municipality with extended powers for the municipalities of Prague &#8211; \u0160eberov, Prague &#8211; \u00dajezd u Pr\u016fhonic, and Prague &#8211; K\u0159eslice.<\/p>\n<p>The coordination of activities aimed at the integration of foreigners is divided between two departments of the Prague 11 City District Office: the Department of Social Affairs and Health (coordinator for the development of social services, external subsidies, and work with foreigners) and the Department of Education and Culture (independent executive officer for education policy and methodology \u2013 for primary, secondary technical and higher vocational schools). Together, they coordinate the integration activities of Prague 11 with the financial support of the Ministry of the Interior and the Prague City Council. The Prague 11 City District Office also provides counselling on the possibilities of funding from external sources to schools.<\/p>\n<p><a><\/a><br \/>\n<em><div class=\"box-ok\">The office has an intercultural professional for Vietnamese speakers from Prague 11:<\/em><\/p>\n<p><em><strong>Van Anh Tranov\u00e1<\/strong><\/em><\/p>\n<p><em>Email: <a target=\"_blank\" href=\"mailto:tranovava@praha11.cz\" rel=\"noopener\">tranovava@praha11.cz<\/a><\/em><br \/>\n<em>Telephone: +420 778 527 939 <\/div><\/em><\/p>\n<p>&nbsp;<\/p>\n<h3><strong>Other Offices:<\/strong><\/h3>\n<h4>Labour Office Branch<\/h4>\n<p style=\"text-align: justify;\"><a href=\"https:\/\/www.uradprace.cz\/praha-4\">Prague 4<\/a> Contact Point (for Prague 4, 11 and 12)<\/p>\n<p style=\"text-align: justify;\"><a href=\"https:\/\/www.uradprace.cz\/praha-4\">Offices and Contacts<\/a>,\u00a0<a href=\"https:\/\/www.uradprace.cz\/web\/cz\/volna-mista-v-cr\">Job Vacancies<\/a><\/p>\n<p>&nbsp;<\/p>\n<h4><strong>Prague Social Security Administration (PSSA)<\/strong><\/h4>\n<div class=\"box-ok\"><\/p>\n<p><em>The territorial jurisdiction of the office is not limited. You can choose any local office regardless your place of residence or headquarters.<\/em><\/p>\n<p><em><a href=\"\/\/www.cssz.cz\/cz\/kontakty\/krajska-a-okresni-pracoviste\/praha\/\">Contacts for individual local offices<\/a>\u00a0<\/em><\/div>\n<p><strong>\u00a0<\/strong><\/p>\n<h4><strong>Tax Office<\/strong><\/h4>\n<p>Prague 4 Local Office<\/p>\n<p><strong>Address:<\/strong> Bud\u011bjovick\u00e1 409\/1, 140 00 Praha 4<\/p>\n<p><a href=\"https:\/\/www.financnisprava.cz\/cs\/financni-sprava\/financni-sprava-cr\/organizacni-struktura\/organy-financni-spravy\/uzemni-pracoviste\/2004-uzemni-pracoviste-pro-prahu-4\">Contact information<\/a><\/p>","protected":false},"excerpt":{"rendered":"<p>PRAGUE 11 CITY DISTRICT OFFICE &nbsp; Address:\u00a0Ocel\u00edkova 672\/1, 149 41 Prague 415 Tel.: 267 902 111 O-line (for inquiries): 800 104 300, e-mail: obcanskalinka@praha11.cz Registry: podatelna@p11.mepnet.cz Email:\u00a0podatelna@p11.mepnet.cz Website:\u00a0www.praha11.cz Prague 11 is located to the south\/southeast of central Prague and is&#8230;<\/p>\n<a class=\"more-block\" href=\"https:\/\/metropolevsech.eu\/en\/kontakty\/urady-v-praze\/mestske-casti\/jednotlive-mestske-casti\/mestska-cast-praha-11\/\">Read more<\/a>","protected":false},"author":7,"featured_media":0,"parent":3406,"menu_order":11,"comment_status":"closed","ping_status":"closed","template":"","meta":[],"acf":[],"_links":{"self":[{"href":"https:\/\/metropolevsech.eu\/en\/wp-json\/wp\/v2\/pages\/3428"}],"collection":[{"href":"https:\/\/metropolevsech.eu\/en\/wp-json\/wp\/v2\/pages"}],"about":[{"href":"https:\/\/metropolevsech.eu\/en\/wp-json\/wp\/v2\/types\/page"}],"author":[{"embeddable":true,"href":"https:\/\/metropolevsech.eu\/en\/wp-json\/wp\/v2\/users\/7"}],"replies":[{"embeddable":true,"href":"https:\/\/metropolevsech.eu\/en\/wp-json\/wp\/v2\/comments?post=3428"}],"version-history":[{"count":9,"href":"https:\/\/metropolevsech.eu\/en\/wp-json\/wp\/v2\/pages\/3428\/revisions"}],"predecessor-version":[{"id":22420,"href":"https:\/\/metropolevsech.eu\/en\/wp-json\/wp\/v2\/pages\/3428\/revisions\/22420"}],"up":[{"embeddable":true,"href":"https:\/\/metropolevsech.eu\/en\/wp-json\/wp\/v2\/pages\/3406"}],"wp:attachment":[{"href":"https:\/\/metropolevsech.eu\/en\/wp-json\/wp\/v2\/media?parent=3428"}],"curies":[{"name":"wp","href":"https:\/\/api.w.org\/{rel}","templated":true}]}}