{"id":3430,"date":"2017-05-14T22:37:47","date_gmt":"2017-05-14T20:37:47","guid":{"rendered":"https:\/\/metropolevsech.eu\/?page_id=3430"},"modified":"2025-04-01T21:51:41","modified_gmt":"2025-04-01T19:51:41","slug":"mestska-cast-praha-12","status":"publish","type":"page","link":"https:\/\/metropolevsech.eu\/en\/kontakty\/urady-v-praze\/mestske-casti\/jednotlive-mestske-casti\/mestska-cast-praha-12\/","title":{"rendered":"Prague 12 City District"},"content":{"rendered":"<p><\/p>\n<ul>\n<li><a href=\"#Prague 12 City District\"><strong>Prague 12 City District<\/strong><\/a><\/li>\n<li><a href=\"#Prague-Libu\u0161 City District\"><strong>Prague-Libu\u0161 City District<\/strong><\/a><\/li>\n<\/ul>\n<p>&nbsp;<\/p>\n<h3><strong>Prague 12 City District<\/strong><\/h3>\n<h3 style=\"text-align: justify;\"><strong>PRAGUE 12 CITY DISTRICT OFFICE<\/strong><\/h3>\n<p style=\"text-align: justify;\"><strong>Address:\u00a0<\/strong>P\u00edskov\u00e1 830\/25, 143 12 Prague 4 \u2013 Mod\u0159any<\/p>\n<p style=\"text-align: justify;\"><strong>Switchboard, information office tel.:<\/strong>\u00a0244 028 111<\/p>\n<p style=\"text-align: justify;\"><strong>Email:<\/strong>\u00a0<a href=\"mailto:podatelna@praha12.cz\">podatelna@praha12.cz<\/a><\/p>\n<p style=\"text-align: justify;\"><strong>Website:\u00a0<\/strong><a href=\"\/\/www.praha12.cz\/\">www.praha12.cz<\/a><\/p>\n<p>Prague 12 consists of five cadastral areas: Mod\u0159any, Komo\u0159any, Cholupice, To\u010dn\u00e1 and Kam\u00fdk.<\/p>\n<p>There are housing estates as well as villas. Along the Vltava River bank there are big industrial companies but equally in Prague 12 there are also nature attractions and unique communities of plants and animals which you can learn about thanks to educational walking trails. There are also forests, meadows and the river which offer various opportunities for relaxing and doing sports.<\/p>\n<p>The Prague 12 City District Office has been actively promoting the integration of migrants into society for a long time. Since 2009, targeted support has been given towards the education of children and pupils in kindergartens and primary schools, cooperation with parents, raising public awareness of the public, and other areas which are in line with the current needs of society.<\/p>\n<p>The Prague 12 City District together with other organisations, supports Czech lessons for children and adults with a different mother tongue. New, attractive methods of teaching Czech, such as using board games are now on the rise. Attention is paid to the education of teachers of Czech for foreigners.<\/p>\n<p>Schools in Prague 12 prepare activities for children and their parents which aim to promote interaction between foreigners and the local community.<\/p>\n<p>Social and legal counselling is now available in Prague 12, too.<\/p>\n<p>Thanks to long-term projects which support the integration of foreigners living in Prague 12, there have also been independent integration projects emerging. One of them is as a Czech-Chinese kindergarten.<\/p>\n<p>The Prague City Hall\u2019s programme Systematic Support of Learning Czech as a Foreign Language has been joined by the ANGEL elementary school and kindergarten in Prague 12.<\/p>\n<p>In Prague 12, international Erasmus students teach school children in extra lessons as a part of a pilot project. This way, children improve their language knowledge and, at the same time, it enables foreigners to integrate \u201cfrom the other side\u201d, which corresponds with Prague 12 City District\u2019s comprehensive framework for integration.<\/p>\n<p><strong>News<\/strong><\/p>\n<p>You can find Brochures for elementary schools and kindergartens 2025\/2026 <a href=\"https:\/\/www.praha12.cz\/brozury-ms-a-zs-v-praze-12-prijdte-se-podivat\/d-87153\">here<\/a>.<\/p>\n<h4 style=\"text-align: justify;\"><strong>Links:<\/strong><\/h4>\n<p style=\"text-align: justify;\">Website of the Prague 12 City District is available in an English\u00a0version:<\/p>\n<ul class=\"bullet-links\" style=\"text-align: justify;\">\n<li><a href=\"https:\/\/www.praha12.cz\/information-for-foreigners\/ds-1432\/p1=67384#en\">Information for Foreigners<\/a><\/li>\n<\/ul>\n<p><span style=\"font-weight: 400;\">\u00a0 \u00a0\u00a0<\/span><\/p>\n<h3><strong>\u00a0<\/strong><strong>Prague-Libu\u0161 City District<\/strong><\/h3>\n<h3 style=\"text-align: justify;\"><strong>PRAGUE-LIBU\u0160 CITY DISTRICT OFFICE<\/strong><\/h3>\n<h3><\/h3>\n<p><strong>Address:<\/strong>\u00a0Libu\u0161sk\u00e1 35\/200, 142 00 Praha 4 \u2013 Libu\u0161<\/p>\n<p><strong>Telephone \u2013 Mayor&#8217;s Office Department and Registry:<\/strong>\u00a0+ 420 244 471\u00a0884<\/p>\n<p><strong>Email:<\/strong>\u00a0<a href=\"mailto:mc.libus@praha-libus.cz\">mc.libus@praha-libus.cz<\/a><\/p>\n<p><strong>Website:<\/strong>\u00a0<a href=\"\/\/www.praha-libus.cz\">www.praha-libus.cz<\/a><\/p>\n<p>&nbsp;<\/p>\n<p>Prague-Libu\u0161 is made up of two cadastral areas: P\u00edsnice and Libu\u0161. The local city district office provides only basic services such as registering permanent residences, issuing fishing permits, permitting the felling of trees growing outside forests, all Czech Point services, the management of fees for local accommodation facilities, recreational stays, keeping dogs and permissions for temporary use of public spaces. The office also deals with administrative delicts.<\/p>\n<div class=\"box-fixa\"> <em>As for the organisation of services for Prague inhabitants, the Prague-Libu\u0161 City District represents a part of the Prague 12 City District administrative unit. That is also where people living in Prague-Libu\u0161 can find other services such as civil registry, issue of ID cards and passports issuance, the <a href=\"https:\/\/www.praha12.cz\/odbor-zivnostensky\/ms-63101\/p1=63101\">trade licensing office<\/a>, the <a href=\"https:\/\/www.praha12.cz\/odbor-socialnich-veci\/ms-63116\/p1=63116\">social affairs department<\/a>, the <a href=\"https:\/\/www.praha12.cz\/odbor-dopravy\/ms-63151\/p1=63151\">transport department<\/a> and the <a href=\"https:\/\/www.praha12.cz\/odbor-zivotniho-prostredi\/ms-63096\/p1=63096\">environment department<\/a>.<\/em> <\/div>\n<p>Prague-Libu\u0161 combines city life and village life. The nearby Mod\u0159ansk\u00e1 Gorge provides opportunities for recreation. In recent years, there have been new business entities emerging in this district. Their diversity has enriched Prague-Libu\u0161 which used to be dominated by a single Vietnamese shopping centre called Sapa.<\/p>\n<p>&nbsp;<\/p>\n<p>The Prague-Libu\u0161 City District has long been active in supporting the integration of migrants into Czech society. Most attention is given to the education of children in kindergartens and primary schools, the education of teenagers and adult foreigners, and community cooperation through the organisation of cultural social events. The city district office uses one-year subsidies granted by the Ministry of the Interior of the CR to provide funding for a system of support measures at schools and kindergartens. These include preparatory courses and activities for children who do not speak Czech before they start attending kindergarten, four parallel intensive evening courses of Czech for teenagers and adults speaking Vietnamese, four big cultural community events and a number of smaller activities such as themed evenings, seminars and workshops for the general public.<\/p>\n<p><em>\u00a0<\/em><\/p>\n<h4><strong>Links:<\/strong><\/h4>\n<p><span data-sheets-root=\"1\">You will find <a target=\"_blank\" href=\"https:\/\/www.praha-libus.cz\/informace-pro-cizince\" rel=\"noopener\" class=\"in-cell-link\">Information for foreigners<\/a> in the M\u010c Praha-Libu\u0161 section.\u00a0<\/span><\/p>\n<p>&nbsp;<\/p>\n<h3><strong>Other Offices:<\/strong><\/h3>\n<h4>Labour Office Branch<\/h4>\n<p style=\"text-align: justify;\"><a href=\"https:\/\/www.uradprace.cz\/praha-4\">Prague 4<\/a> Contact Point (for Prague 4, 11 and 12)<\/p>\n<p style=\"text-align: justify;\"><a href=\"https:\/\/www.uradprace.cz\/praha-4\">Offices and Contacts<\/a>,\u00a0<a href=\"https:\/\/www.uradprace.cz\/web\/cz\/volna-mista-v-cr\">Job Vacancies<\/a><\/p>\n<h4><\/h4>\n<h4><strong>Prague Social Security Administration (PSSA)<\/strong><\/h4>\n<div class=\"box-ok\"><\/p>\n<p><em>The territorial jurisdiction of the office is not limited. You can choose any local office regardless your place of residence or headquarters.<\/em><\/p>\n<p><em><a href=\"\/\/www.cssz.cz\/cz\/kontakty\/krajska-a-okresni-pracoviste\/praha\/\">Contacts for individual local offices<\/a>\u00a0<\/em><\/div>\n<p><strong>\u00a0<\/strong><\/p>\n<h4><strong>Tax Office<\/strong><\/h4>\n<p>Prague 4 Local Office<\/p>\n<p><strong>Address: <\/strong>Bud\u011bjovick\u00e1 409\/1, 140 00 Prague 4<\/p>\n<p><a href=\"https:\/\/www.financnisprava.cz\/cs\/financni-sprava\/financni-sprava-cr\/organizacni-struktura\/organy-financni-spravy\/uzemni-pracoviste\/2004-uzemni-pracoviste-pro-prahu-4\">Contact information<\/a><\/p>\n<h4><strong>\u00a0<\/strong><\/h4>\n<p>&nbsp;<\/p>","protected":false},"excerpt":{"rendered":"<p>Prague 12 City District Prague-Libu\u0161 City District &nbsp; Prague 12 City District PRAGUE 12 CITY DISTRICT OFFICE Address:\u00a0P\u00edskov\u00e1 830\/25, 143 12 Prague 4 \u2013 Mod\u0159any Switchboard, information office tel.:\u00a0244 028 111 Email:\u00a0podatelna@praha12.cz Website:\u00a0www.praha12.cz Prague 12 consists of five cadastral areas:&#8230;<\/p>\n<a class=\"more-block\" href=\"https:\/\/metropolevsech.eu\/en\/kontakty\/urady-v-praze\/mestske-casti\/jednotlive-mestske-casti\/mestska-cast-praha-12\/\">Read more<\/a>","protected":false},"author":7,"featured_media":0,"parent":3406,"menu_order":12,"comment_status":"closed","ping_status":"closed","template":"","meta":[],"acf":[],"_links":{"self":[{"href":"https:\/\/metropolevsech.eu\/en\/wp-json\/wp\/v2\/pages\/3430"}],"collection":[{"href":"https:\/\/metropolevsech.eu\/en\/wp-json\/wp\/v2\/pages"}],"about":[{"href":"https:\/\/metropolevsech.eu\/en\/wp-json\/wp\/v2\/types\/page"}],"author":[{"embeddable":true,"href":"https:\/\/metropolevsech.eu\/en\/wp-json\/wp\/v2\/users\/7"}],"replies":[{"embeddable":true,"href":"https:\/\/metropolevsech.eu\/en\/wp-json\/wp\/v2\/comments?post=3430"}],"version-history":[{"count":10,"href":"https:\/\/metropolevsech.eu\/en\/wp-json\/wp\/v2\/pages\/3430\/revisions"}],"predecessor-version":[{"id":22422,"href":"https:\/\/metropolevsech.eu\/en\/wp-json\/wp\/v2\/pages\/3430\/revisions\/22422"}],"up":[{"embeddable":true,"href":"https:\/\/metropolevsech.eu\/en\/wp-json\/wp\/v2\/pages\/3406"}],"wp:attachment":[{"href":"https:\/\/metropolevsech.eu\/en\/wp-json\/wp\/v2\/media?parent=3430"}],"curies":[{"name":"wp","href":"https:\/\/api.w.org\/{rel}","templated":true}]}}