{"id":3432,"date":"2017-05-14T22:39:02","date_gmt":"2017-05-14T20:39:02","guid":{"rendered":"https:\/\/metropolevsech.eu\/?page_id=3432"},"modified":"2025-02-13T11:41:42","modified_gmt":"2025-02-13T10:41:42","slug":"mestska-cast-praha-13","status":"publish","type":"page","link":"https:\/\/metropolevsech.eu\/en\/kontakty\/urady-v-praze\/mestske-casti\/jednotlive-mestske-casti\/mestska-cast-praha-13\/","title":{"rendered":"Prague 13 City District"},"content":{"rendered":"<p><\/p>\n<h3 style=\"text-align: justify;\"><strong>PRAGUE 13 CITY DISTRICT OFFICE<\/strong><\/h3>\n<p style=\"text-align: justify;\"><strong>Address:<\/strong>\u00a0Slune\u010dn\u00ed n\u00e1m\u011bst\u00ed 2580\/13, 158 00 Prague 5<\/p>\n<p style=\"text-align: justify;\"><strong>Tel.:<\/strong> 800 130 000, 235 011 111<\/p>\n<p style=\"text-align: justify;\"><strong>Website:\u00a0<\/strong><a href=\"http:\/\/www.praha13.cz\/\">www.praha13.cz<\/a><\/p>\n<p style=\"text-align: justify;\">Prague 13 is made up of five complete areas: Stod\u016flky, Lu\u017einy, Nov\u00e9 Butovice, Velk\u00e1 Ohrada and T\u0159ebonice. This district has old buildings as well as panel housing estates and the D5 motorway, which goes to Plze\u0148 and onto Germany, starts here. Prague 13 is well accessible by the B metro line.<\/p>\n<p>The Prague 13 City District is active in promoting the integration of migrants living in Prague 13 into Czech society. The main focus is on the education of children in kindergartens and primary schools and on migrants living alongside the local Czech population.<\/p>\n<p>Since 2010, this district has been organising a project called <strong><em>Common address \u2013 Prague 13<\/em><\/strong>. A regular part of this project is for example an event with an afternoon programme for children and adults called <em>We are no Strangers.<\/em>\u00a0Prague 13 also offers regular Czech courses for adults and afterschool lessons for children at several kindergartens and primary schools. <strong>Information about activities within the\u00a0<em>Common address \u2013 Prague 13\u00a0<\/em>project in Czech is available <a href=\"http:\/\/www.praha13.cz\/Integrace-cizincu\">here<\/a>.<\/strong><\/p>\n<h3><strong>Other Offices:<\/strong><\/h3>\n<h4>Labour Office Branch<\/h4>\n<p style=\"text-align: justify;\"><a href=\"https:\/\/www.uradprace.cz\/praha-5\">Prague 5<\/a> Contact Point (for Prague 5, 13 and 16)<\/p>\n<p style=\"text-align: justify;\"><a href=\"https:\/\/www.uradprace.cz\/praha-5\">Offices and Contacts<\/a>,\u00a0<a href=\"https:\/\/www.uradprace.cz\/web\/cz\/volna-mista-v-cr\">Job Vacancies<\/a><\/p>\n<p>&nbsp;<\/p>\n<h4><strong>Prague Social Security Administration (PSSA)<\/strong><\/h4>\n<div class=\"box-ok\"><\/p>\n<p><em>The territorial jurisdiction of the office is not limited. You can choose any local office regardless your place of residence or headquarters.<\/em><\/p>\n<p><em><a href=\"http:\/\/www.cssz.cz\/cz\/kontakty\/krajska-a-okresni-pracoviste\/praha\/\">Contacts for individual local offices<\/a>\u00a0<\/em><\/div>\n<p><strong>\u00a0<\/strong><\/p>\n<h4><strong>Tax Office<\/strong><\/h4>\n<p>Prague 5 Local Office<\/p>\n<p><strong>Address:<\/strong> Prague 5 (Radlice), Peroutkova 263\/61, 150\u00a000<\/p>\n<p><a href=\"https:\/\/www.financnisprava.cz\/cs\/financni-sprava\/financni-sprava-cr\/organizacni-struktura\/organy-financni-spravy\/uzemni-pracoviste\/2005-uzemni-pracoviste-pro-prahu-5\">Contact information<\/a><\/p>","protected":false},"excerpt":{"rendered":"<p>PRAGUE 13 CITY DISTRICT OFFICE Address:\u00a0Slune\u010dn\u00ed n\u00e1m\u011bst\u00ed 2580\/13, 158 00 Prague 5 Tel.: 800 130 000, 235 011 111 Website:\u00a0www.praha13.cz Prague 13 is made up of five complete areas: Stod\u016flky, Lu\u017einy, Nov\u00e9 Butovice, Velk\u00e1 Ohrada and T\u0159ebonice. This district has&#8230;<\/p>\n<a class=\"more-block\" href=\"https:\/\/metropolevsech.eu\/en\/kontakty\/urady-v-praze\/mestske-casti\/jednotlive-mestske-casti\/mestska-cast-praha-13\/\">Read more<\/a>","protected":false},"author":7,"featured_media":0,"parent":3406,"menu_order":13,"comment_status":"closed","ping_status":"closed","template":"","meta":[],"acf":[],"_links":{"self":[{"href":"https:\/\/metropolevsech.eu\/en\/wp-json\/wp\/v2\/pages\/3432"}],"collection":[{"href":"https:\/\/metropolevsech.eu\/en\/wp-json\/wp\/v2\/pages"}],"about":[{"href":"https:\/\/metropolevsech.eu\/en\/wp-json\/wp\/v2\/types\/page"}],"author":[{"embeddable":true,"href":"https:\/\/metropolevsech.eu\/en\/wp-json\/wp\/v2\/users\/7"}],"replies":[{"embeddable":true,"href":"https:\/\/metropolevsech.eu\/en\/wp-json\/wp\/v2\/comments?post=3432"}],"version-history":[{"count":4,"href":"https:\/\/metropolevsech.eu\/en\/wp-json\/wp\/v2\/pages\/3432\/revisions"}],"predecessor-version":[{"id":21873,"href":"https:\/\/metropolevsech.eu\/en\/wp-json\/wp\/v2\/pages\/3432\/revisions\/21873"}],"up":[{"embeddable":true,"href":"https:\/\/metropolevsech.eu\/en\/wp-json\/wp\/v2\/pages\/3406"}],"wp:attachment":[{"href":"https:\/\/metropolevsech.eu\/en\/wp-json\/wp\/v2\/media?parent=3432"}],"curies":[{"name":"wp","href":"https:\/\/api.w.org\/{rel}","templated":true}]}}