{"id":3434,"date":"2017-05-14T22:40:50","date_gmt":"2017-05-14T20:40:50","guid":{"rendered":"https:\/\/metropolevsech.eu\/?page_id=3434"},"modified":"2025-02-13T13:30:06","modified_gmt":"2025-02-13T12:30:06","slug":"mestska-cast-praha-14","status":"publish","type":"page","link":"https:\/\/metropolevsech.eu\/en\/kontakty\/urady-v-praze\/mestske-casti\/jednotlive-mestske-casti\/mestska-cast-praha-14\/","title":{"rendered":"Prague 14 City District"},"content":{"rendered":"<p><\/p>\n<h3 style=\"text-align: justify;\"><strong>PRAGUE 14 CITY DISTRICT OFFICE<\/strong><\/h3>\n<p>&nbsp;<\/p>\n<p style=\"text-align: justify;\"><strong>Address:\u00a0<\/strong>Brat\u0159\u00ed Vencl\u00edk\u016f 1073\/8, 198 21 Prague 9 \u2013 \u010cern\u00fd Most<\/p>\n<p style=\"text-align: justify;\"><strong>Switchboard tel.:<\/strong> 225 295 101<\/p>\n<p style=\"text-align: justify;\"><strong>Information office tel.:<\/strong> 225 295 270<\/p>\n<p style=\"text-align: justify;\"><strong>Registry tel.:<\/strong> 281 912 861<\/p>\n<p style=\"text-align: justify;\"><strong>Email:<\/strong>\u00a0<a href=\"mailto:podatelna@praha14.cz\">podatelna@praha14.cz<\/a>,\u00a0<a href=\"mailto:informace@praha14.cz\">informace@praha14.cz<\/a><\/p>\n<p style=\"text-align: justify;\"><strong>Website:<\/strong>\u00a0<a href=\"\/\/www.praha14.cz\">www.praha14.cz<\/a><\/p>\n<p>&nbsp;<\/p>\n<p><strong>Contact persons for the area of migration:<\/strong><\/p>\n<p><span style=\"font-weight: 400;\">Franti\u0161ek Brad\u00e1\u010d <\/span><a href=\"mailto:frantisek.bradac@praha14.cz\"><span style=\"font-weight: 400;\">frantisek.bradac@praha14.cz<\/span><\/a><\/p>\n<p><span style=\"font-weight: 400;\">Liudmila Gasina <\/span><a href=\"mailto:liudmila.gasina@praha14.cz\"><span style=\"font-weight: 400;\">liudmila.gasina@praha14.cz<\/span><\/a><span style=\"font-weight: 400;\">\u00a0<\/span><\/p>\n<p><strong>telephone:<\/strong>\u00a0225\u00a0295\u00a0343<\/p>\n<p>&nbsp;<\/p>\n<p>The Prague 14 City District is located in the northeastern outskirts of Prague and includes the historical municipalities Kyje, Hloub\u011bt\u00edn and Hostavice and recently built housing estates \u010cern\u00fd Most I and II.<\/p>\n<p>The Prague 14 City District Office actively promotes the integration of migrants living in Prague 14 into Czech society. Activities of the Prague 14 City District are focused on the following areas:<\/p>\n<p>&nbsp;<\/p>\n<ul class=\"bullet\">\n<li style=\"font-weight: 400;\"><a href=\"#counselling\"><b>Counselling, Information and Support for Foreigners<\/b><\/a><\/li>\n<li style=\"font-weight: 400;\"><a href=\"#support\"><b>Support for Children<\/b><\/a><\/li>\n<li style=\"font-weight: 400;\"><a href=\"#adult\"><b>Adult Education<\/b><\/a><\/li>\n<li style=\"font-weight: 400;\"><a href=\"#expert\"><b>Expert Counselling<\/b><\/a><\/li>\n<li style=\"font-weight: 400;\"><a href=\"#events\"><b>Community Events Fostering Integration<\/b><\/a><\/li>\n<li style=\"font-weight: 400;\"><a href=\"#cultural\"><b>Cultural Life\u00a0<\/b><\/a><\/li>\n<li style=\"font-weight: 400;\"><b><a href=\"#services\">Helpful Services of the Prague 14 Office\u00a0<\/a><\/b><\/li>\n<\/ul>\n<p>&nbsp;<\/p>\n<h2><strong><u>Counselling, Information and Support for Foreigners<\/u><\/strong><\/h2>\n<p><strong>Prague 14 and Social Networks<\/strong><\/p>\n<p>Most news on life in the city district published on the main portals is written in Czech. Prague 14 has therefore decided to run their own social network profiles to be able to share relevant news and invitations to interesting events in Russian (VKontakte), English, and Vietnamese (Facebook).<\/p>\n<p><strong>Prague 14 Neighbours<\/strong><\/p>\n<p><a href=\"\/\/www.facebook.com\/groups\/prague14neighbours\/\">\/\/www.facebook.com\/groups\/prague14neighbours\/<\/a><\/p>\n<p><strong>C\u1ed9ng \u0111\u1ed3ng Praha 14<\/strong><\/p>\n<p><a href=\"\/\/www.facebook.com\/groups\/congdongpraha14\/\">\/\/www.facebook.com\/groups\/congdongpraha14\/<\/a><\/p>\n<p><strong>\u0421\u043e\u0441\u0435\u0434\u0438 \u041f\u0440\u0430\u0433\u0438 14<\/strong><\/p>\n<p><a href=\"\/\/vk.com\/sosediprahy14\">\/\/vk.com\/sosediprahy14<\/a><\/p>\n<p>&nbsp;<\/p>\n<h3><strong>Intercultural and Community Work in Practice<\/strong><\/h3>\n<p>The Prague 14 City District offers free services of intercultural experts who provide assistance to migrants in various areas. Contact our intercultural expert in the following situations:<\/p>\n<ul>\n<li>You have just arrived and need to know basic information on housing, finding a doctor, school, job, etc.<\/li>\n<li>You need legal or social counselling.<\/li>\n<li>You are looking for free Czech courses.<\/li>\n<li>You need an interpreter because your level of Czech does not allow you to communicate freely yet.<\/li>\n<\/ul>\n<p>The intercultural expert also provides information on supporting programmes for migrants organised by the Prague 14 City District and programmes and events of KC Plech\u00e1rna, KC Karda\u0161ovsk\u00e1, KC H55, and KD Kyje cultural centres. You can take an active part in all these events for free or for a minimum fee.<\/p>\n<p>On top of that, we will provide you with information on how to implement community events or your own ideas in Prague 14.<\/p>\n<p>Should you have any questions, please contact:<\/p>\n<p>Liudmila Gasina<\/p>\n<p>Email: <a href=\"mailto:liudmila.gasina@praha14.cz\">liudmila.gasina@praha14.cz\u00a0<\/a><\/p>\n<p>&nbsp;<\/p>\n<h2><strong><u>Support for Pupils with a Different Mother Tongue<\/u><\/strong><\/h2>\n<p>Within the agenda of the integration of foreigners, great emphasis is placed on providing support to migrants\u2019 children in learning Czech. The Prague 14 City District implements a number of programmes aimed at the effective inclusion of children into the Czech milieu.<\/p>\n<p>Teachers and other employees of kindergartens and primary schools provide assistance to every child. Thanks to their rich experience with the integration of foreigners into the Czech milieu, children come to understand the school curriculum and start to communicate with their classmates very quickly. If you want your children to attend a school with an integration programme, contact one of the following:<\/p>\n<ul>\n<li>Prague 9, Lehovec, Chvaletick\u00e1 918 Primary School<\/li>\n<li>Prague 9, \u010cern\u00fd Most, Vyb\u00edralova 964 Primary School<\/li>\n<li>Hloub\u011bt\u00ednsk\u00e1 700, Lehovec Primary School<\/li>\n<li>Brat\u0159\u00ed Vencl\u00edk\u016f Primary School, \u010cern\u00fd Most, B\u0159\u00ed. Vencl\u00edk\u016f 1140<\/li>\n<li>Gener\u00e1la Janou\u0161ka Primary School, \u010cern\u00fd Most, Gen. Janou\u0161ka 1006<\/li>\n<li>Kor\u00e1lek Kindergarten, Bobkova 766<\/li>\n<li>Obl\u00e1\u010dek Kindergarten, \u0160ebelova 874<\/li>\n<li>Vyb\u00edralova 968 Kindergarten<\/li>\n<li>Paculova 1115 Kindergarten<\/li>\n<li>Slun\u00ed\u010dko Kindergarten, \u010cern\u00fd Most, Gen. Janou\u0161ka 1005<\/li>\n<\/ul>\n<p>Participation in all Czech courses is free.<\/p>\n<p>&nbsp;<\/p>\n<h2><strong>Adult Education<\/strong><\/h2>\n<p>The integration of adult migrants is just as important as integration of children and that is why the Prague 14 City District has been committed to the development of this area for several years.<\/p>\n<p>Adults can sign up for courses where they can start learning Czech. They also have an opportunity to take part in informal events where they can meet other people and become acquainted with Czech culture.<\/p>\n<p>Apart from that, we organise socio-cultural courses which foster migrants\u2019 integration into the local milieu and understanding of the rights and obligations of citizens.<\/p>\n<h3><\/h3>\n<h3><strong>Czech Language Courses<\/strong><\/h3>\n<p><strong>Prague 14 Parish Caritas<\/strong><\/p>\n<p>Parish caritas, a branch of the Caritas of the Archdiocese of Prague, organises free courses of Czech.<\/p>\n<p><a href=\"https:\/\/praha14.charita.cz\/jak-pomahame\/\">praha14.charita.cz\/jak-pomahame\/<\/a><\/p>\n<h2><\/h2>\n<h2><strong><u>Expert Counselling<\/u><\/strong><\/h2>\n<p><strong>Organization for Aid to Refugees (OPU)<\/strong><\/p>\n<p>The OPU provides field consultations in Prague 14. This NGO specializes in helping migrants and refugees in legal and social matters. They are always ready to help to those in need.<\/p>\n<p>Within their field level work, a trained social worker along with one of the intercultural experts (Vietnamese and Russian speakers) communicate with migrants and provide them with on-the-spot assistance and counselling.<\/p>\n<p>Contact: Adela Simakova, tel.: +420 730 158 779, email: <a href=\"mailto:opu@opu.cz\">opu@opu.cz<\/a><a href=\"mailto:adela.simakova@opu.cz\"><\/a><\/p>\n<p>&nbsp;<\/p>\n<p><strong>Integration Centre Prague (ICP)<\/strong><\/p>\n<p>The ICP has their own branch in Prague 14, where you can arrange a free consultation with a lawyer or a social worker.<\/p>\n<p>For more information, see <a href=\"\/\/icpraha.com\/en\/\">icpraha.com\/en\/<\/a><\/p>\n<p>Address: Ku\u010derova 727\/3, Prague 14<\/p>\n<p>&nbsp;<\/p>\n<h2><strong><u>Helpful Services of the Prague 14 Office<\/u><\/strong><\/h2>\n<p><strong>Branch of the Labour Office<\/strong><\/p>\n<p>Prague 9 contact office (for Prague 9, 14, 18, 19, 20, and 21)<\/p>\n<p><a href=\"https:\/\/www.uradprace.cz\/kontakty-na-zamestnance-7\">\/\/www.uradprace.cz\/web\/cz\/kontakty-na-zamestnance-9<\/a><\/p>\n<p><a href=\"https:\/\/www.uradprace.cz\/praha-9\">\/\/www.uradprace.cz\/web\/cz\/praha-9<\/a><\/p>\n<p><a href=\"https:\/\/www.uradprace.cz\/web\/cz\/volna-mista-v-cr\">\/\/www.uradprace.cz\/web\/cz\/volna-mista-v-cr<\/a><\/p>\n<p><a href=\"https:\/\/www.uradprace.cz\/praha-9\">Contacts for offices<\/a>,<a href=\"https:\/\/www.uradprace.cz\/web\/cz\/volna-mista-v-cr\"> Job vacancies<\/a><\/p>\n<p><strong>\u00a0<\/strong><br \/>\n<a><\/a><br \/>\n<a><\/a><\/p>\n<h2><strong><u>Cultural Life<\/u><\/strong><\/h2>\n<p>There are 3 houses of culture in the territory of Prague 14. If you are a resident of Prague 14, we recommend that you get to know them and follow their activities, if you haven\u2019t done so yet.<\/p>\n<p>Houses of culture offer a diverse programme (cultural, entertainment, educational and sports events) for a little or no entrance fee. To learn about the many free events and master classes, check the websites of the houses of culture.<\/p>\n<p>H55<\/p>\n<p><a href=\"\/\/www.h55.cz\/\">\/\/www.h55.cz\/<\/a><\/p>\n<p>Plech\u00e1rna<\/p>\n<p><a href=\"http:\/\/www.plecharnacernymost.cz\/cz\">\/\/www.plecharnacernymost.cz\/<\/a><\/p>\n<p>Kyje House of Culture<\/p>\n<p><a href=\"http:\/\/www.kdkyje.cz\/\">\/\/www.kdkyje.cz\/<\/a><\/p>\n<p>&nbsp;<\/p>\n<p>Calendar of events in Prague 14<\/p>\n<p>Don\u2019t know which cultural centre to pick? Use the calendar of Prague 14 and have the information on cultural events sent to your email. Then simply choose what suits your interest and schedule the best.<\/p>\n<p><a href=\"\/\/www.praha14.cz\/zivot-na-praze-14\/akce\/\">\/\/www.praha14.cz\/zivot-na-praze-14\/akce\/<\/a><\/p>\n<p>&nbsp;<\/p>\n<h3><strong>Other Offices:<\/strong><\/h3>\n<h4>Labour Office Branch<\/h4>\n<p style=\"text-align: justify;\"><a href=\"https:\/\/www.uradprace.cz\/praha-9\">Prague 9 <\/a>Contact Point (for Prague 9, 14, 18, 19, 20 and 21)<\/p>\n<p style=\"text-align: justify;\"><a href=\"https:\/\/www.uradprace.cz\/praha-9\">Offices and Contacts<\/a>,\u00a0<a href=\"https:\/\/www.uradprace.cz\/web\/cz\/volna-mista-v-cr\">Job Vacancies<\/a><a href=\"https:\/\/www.uradprace.cz\/kontakty-na-zamestnance-7\"><\/a><\/p>\n<h4><\/h4>\n<h4><strong>Prague Social Security Administration (PSSA)<\/strong><\/h4>\n<div class=\"box-ok\"><\/p>\n<p><em>The territorial jurisdiction of the office is not limited. You can choose any local office regardless your place of residence or headquarters.<\/em><\/p>\n<p><em><a href=\"\/\/www.cssz.cz\/cz\/kontakty\/krajska-a-okresni-pracoviste\/praha\/\">Contacts for individual local offices<\/a>\u00a0<\/em><\/div>\n<p><strong>\u00a0<\/strong><\/p>\n<h4><strong>Tax Office<\/strong><\/h4>\n<p>Prague 9 Local Office<\/p>\n<p><strong>Address:<\/strong>n\u00e1b\u0159. Kpt. Jaro\u0161e 1000\/7, 170 00 Prague 7<\/p>\n<p><a href=\"https:\/\/www.financnisprava.cz\/cs\/financni-sprava\/financni-sprava-cr\/organizacni-struktura\/organy-financni-spravy\/uzemni-pracoviste\/2009-uzemni-pracoviste-pro-prahu-9\">Contact information<\/a><\/p>","protected":false},"excerpt":{"rendered":"<p>PRAGUE 14 CITY DISTRICT OFFICE &nbsp; Address:\u00a0Brat\u0159\u00ed Vencl\u00edk\u016f 1073\/8, 198 21 Prague 9 \u2013 \u010cern\u00fd Most Switchboard tel.: 225 295 101 Information office tel.: 225 295 270 Registry tel.: 281 912 861 Email:\u00a0podatelna@praha14.cz,\u00a0informace@praha14.cz Website:\u00a0www.praha14.cz &nbsp; Contact persons for the area&#8230;<\/p>\n<a class=\"more-block\" href=\"https:\/\/metropolevsech.eu\/en\/kontakty\/urady-v-praze\/mestske-casti\/jednotlive-mestske-casti\/mestska-cast-praha-14\/\">Read more<\/a>","protected":false},"author":7,"featured_media":0,"parent":3406,"menu_order":14,"comment_status":"closed","ping_status":"closed","template":"","meta":[],"acf":[],"_links":{"self":[{"href":"https:\/\/metropolevsech.eu\/en\/wp-json\/wp\/v2\/pages\/3434"}],"collection":[{"href":"https:\/\/metropolevsech.eu\/en\/wp-json\/wp\/v2\/pages"}],"about":[{"href":"https:\/\/metropolevsech.eu\/en\/wp-json\/wp\/v2\/types\/page"}],"author":[{"embeddable":true,"href":"https:\/\/metropolevsech.eu\/en\/wp-json\/wp\/v2\/users\/7"}],"replies":[{"embeddable":true,"href":"https:\/\/metropolevsech.eu\/en\/wp-json\/wp\/v2\/comments?post=3434"}],"version-history":[{"count":6,"href":"https:\/\/metropolevsech.eu\/en\/wp-json\/wp\/v2\/pages\/3434\/revisions"}],"predecessor-version":[{"id":21876,"href":"https:\/\/metropolevsech.eu\/en\/wp-json\/wp\/v2\/pages\/3434\/revisions\/21876"}],"up":[{"embeddable":true,"href":"https:\/\/metropolevsech.eu\/en\/wp-json\/wp\/v2\/pages\/3406"}],"wp:attachment":[{"href":"https:\/\/metropolevsech.eu\/en\/wp-json\/wp\/v2\/media?parent=3434"}],"curies":[{"name":"wp","href":"https:\/\/api.w.org\/{rel}","templated":true}]}}