{"id":3436,"date":"2017-05-14T22:41:51","date_gmt":"2017-05-14T20:41:51","guid":{"rendered":"https:\/\/metropolevsech.eu\/?page_id=3436"},"modified":"2025-02-20T13:07:40","modified_gmt":"2025-02-20T12:07:40","slug":"mestska-cast-praha-15","status":"publish","type":"page","link":"https:\/\/metropolevsech.eu\/en\/kontakty\/urady-v-praze\/mestske-casti\/jednotlive-mestske-casti\/mestska-cast-praha-15\/","title":{"rendered":"Prague 15 City District"},"content":{"rendered":"<p><\/p>\n<h3 style=\"text-align: justify;\"><strong>PRAGUE 15 CITY DISTRICT OFFICE<\/strong><\/h3>\n<p><strong>Address:<\/strong>\u00a0Bolo\u0148sk\u00e1 478\/1, 109 00 Prague 10 \u2013 Horn\u00ed M\u011bcholupy<\/p>\n<p><strong>Switchboard tel.:<\/strong>\u00a0281 003 111<\/p>\n<p><strong>Information office tel.:<\/strong> 281 003 190, 281 003 191<\/p>\n<p><strong>Registry tel.:<\/strong>\u00a0281 003 192, 281 003 193<\/p>\n<p><strong>Email:<\/strong>\u00a0<a href=\"mailto:podatelna@praha15.cz\">podatelna@praha15.cz<\/a><\/p>\n<p><strong>Website:<\/strong>\u00a0<a href=\"\/\/www.praha15.cz\">www.praha15.cz<\/a><\/p>\n<p>&nbsp;<\/p>\n<div class=\"box-fixa\">The Prague 15 City District also performs administrative tasks for the following city districts: Prague-Doln\u00ed M\u011bcholupy, Dube\u010d, Petrovice and \u0160t\u011brboholy.<\/div>\n<p>Prague 15 is situated in the southeast part of the capital. It was established in 1994 by the joining of two cadastral areas \u2013 <strong>Horn\u00ed M\u011bcholupy<\/strong> and <strong>Hostiva\u0159<\/strong> \u2013 which led to creation of a district with a population of more than 30,000 people and an area of 10.2km\u00b2.<\/p>\n<p>In Prague 15 you can find the Hostiva\u0159 Dam with the adjacent forest park as well as a sports complex with an indoor swimming pool and a multipurpose hall. Close to the dam there are the Meanders of Boti\u010d which have acquired the status of protected natural area and the Old Hostiva\u0159 area which has been declared an urban heritage zone. Above the <strong>Hostiva\u0159 Dam<\/strong> there is a <strong>fortified settlement<\/strong> \u2013 a 1<sup>st<\/sup> category archaeological monument. The most significant architectural cultural monument in Hostiva\u0159 is the <strong>Church\u00a0of the Beheading of St. John the Baptist<\/strong> in Domk\u00e1\u0159sk\u00e1 Street, which is one of the oldest sanctuaries in Prague.<\/p>\n<p>Prague 15 has become a very popular residential area and a place to spend leisure time. The city district has seen significant development. Together with the construction of new terraced houses there have also been several new sports grounds and places for recreational purposes built. It is worth mentioning that there is a golf course, bike paths, a rope park, and the newly renovated dam. Inhabitants of Prague 15 can meet and spend their free time together as members of interest groups and organisations such as the House Owners\u2019 Community, the Fishing Association and the Volunteer Fire Brigade. Pensioners can join the Senior Club or the Senior Association \u2013 Prague 15 Active Seniors.<\/p>\n<p>The Prague 15 City District organises Czech language lessons for children of foreigners to help the primary schools which these children attend. There is also close cooperation between the city district office and the Prague Integration Centre to help foreigners resolve their individual issues. Every year, the city district office financially participates in the organisation of cultural events for national minorities within the administrative unit.<\/p>\n<p>&nbsp;<\/p>\n<h3><strong>Other Offices:<\/strong><\/h3>\n<h4>Labour Office Branch<\/h4>\n<p style=\"text-align: justify;\"><a href=\"https:\/\/www.uradprace.cz\/praha-10\">Prague 10<\/a> Contact Point (for Prague 10, 15 and 22)<\/p>\n<p style=\"text-align: justify;\"><a href=\"https:\/\/www.uradprace.cz\/praha-10\">Offices and Contacts<\/a>,\u00a0<a href=\"https:\/\/www.uradprace.cz\/web\/cz\/volna-mista-v-cr\">Job Vacancies<\/a><\/p>\n<h4><\/h4>\n<h4><strong>Prague Social Security Administration (PSSA)<\/strong><\/h4>\n<div class=\"box-ok\"><\/p>\n<p><em>The territorial jurisdiction of the office is not limited. You can choose any local office regardless your place of residence or headquarters.<\/em><\/p>\n<p><em><a href=\"\/\/www.cssz.cz\/cz\/kontakty\/krajska-a-okresni-pracoviste\/praha\/up-pssz-pro-prahu-10.htm\">Contacts for individual local offices<\/a>\u00a0<\/em><\/div>\n<p><strong>\u00a0<\/strong><\/p>\n<h4><strong>Tax Office<\/strong><\/h4>\n<p>Prague 10 Local Office<\/p>\n<p><strong>Address:<\/strong> Praha 10 (Vr\u0161ovice), Petrohradsk\u00e1 6, 101\u00a000<\/p>\n<p><a href=\"https:\/\/www.financnisprava.cz\/cs\/financni-sprava\/financni-sprava-cr\/organizacni-struktura\/organy-financni-spravy\/uzemni-pracoviste\/2010-uzemni-pracoviste-pro-prahu-10\">Contact information<\/a><\/p>","protected":false},"excerpt":{"rendered":"<p>PRAGUE 15 CITY DISTRICT OFFICE Address:\u00a0Bolo\u0148sk\u00e1 478\/1, 109 00 Prague 10 \u2013 Horn\u00ed M\u011bcholupy Switchboard tel.:\u00a0281 003 111 Information office tel.: 281 003 190, 281 003 191 Registry tel.:\u00a0281 003 192, 281 003 193 Email:\u00a0podatelna@praha15.cz Website:\u00a0www.praha15.cz &nbsp; Prague 15 is&#8230;<\/p>\n<a class=\"more-block\" href=\"https:\/\/metropolevsech.eu\/en\/kontakty\/urady-v-praze\/mestske-casti\/jednotlive-mestske-casti\/mestska-cast-praha-15\/\">Read more<\/a>","protected":false},"author":7,"featured_media":0,"parent":3406,"menu_order":15,"comment_status":"closed","ping_status":"closed","template":"","meta":[],"acf":[],"_links":{"self":[{"href":"https:\/\/metropolevsech.eu\/en\/wp-json\/wp\/v2\/pages\/3436"}],"collection":[{"href":"https:\/\/metropolevsech.eu\/en\/wp-json\/wp\/v2\/pages"}],"about":[{"href":"https:\/\/metropolevsech.eu\/en\/wp-json\/wp\/v2\/types\/page"}],"author":[{"embeddable":true,"href":"https:\/\/metropolevsech.eu\/en\/wp-json\/wp\/v2\/users\/7"}],"replies":[{"embeddable":true,"href":"https:\/\/metropolevsech.eu\/en\/wp-json\/wp\/v2\/comments?post=3436"}],"version-history":[{"count":5,"href":"https:\/\/metropolevsech.eu\/en\/wp-json\/wp\/v2\/pages\/3436\/revisions"}],"predecessor-version":[{"id":21917,"href":"https:\/\/metropolevsech.eu\/en\/wp-json\/wp\/v2\/pages\/3436\/revisions\/21917"}],"up":[{"embeddable":true,"href":"https:\/\/metropolevsech.eu\/en\/wp-json\/wp\/v2\/pages\/3406"}],"wp:attachment":[{"href":"https:\/\/metropolevsech.eu\/en\/wp-json\/wp\/v2\/media?parent=3436"}],"curies":[{"name":"wp","href":"https:\/\/api.w.org\/{rel}","templated":true}]}}