{"id":3438,"date":"2017-05-14T22:43:04","date_gmt":"2017-05-14T20:43:04","guid":{"rendered":"https:\/\/metropolevsech.eu\/?page_id=3438"},"modified":"2025-02-20T12:18:15","modified_gmt":"2025-02-20T11:18:15","slug":"mestska-cast-praha-17","status":"publish","type":"page","link":"https:\/\/metropolevsech.eu\/en\/kontakty\/urady-v-praze\/mestske-casti\/jednotlive-mestske-casti\/mestska-cast-praha-17\/","title":{"rendered":"Prague 17 City District"},"content":{"rendered":"<p><\/p>\n<h3 style=\"text-align: justify;\"><strong>PRAGUE 17 CITY DISTRICT OFFICE<\/strong><\/h3>\n<p>&nbsp;<\/p>\n<p style=\"text-align: justify;\"><strong>Address:<\/strong>\u00a0\u017dalansk\u00e9ho 291\/12b, 163 00 Prague-\u0158epy<\/p>\n<p style=\"text-align: justify;\"><strong>Switchboard tel.:<\/strong> 234 683 111, 235 300 005<\/p>\n<p style=\"text-align: justify;\"><strong>Fax:<\/strong> 235 300 129<\/p>\n<p style=\"text-align: justify;\"><strong>Email:<\/strong>\u00a0<a href=\"mailto:podatelna@praha17.cz\">podatelna@praha17.cz<\/a><\/p>\n<p style=\"text-align: justify;\"><strong>Website:<\/strong>\u00a0<a href=\"\/\/www.repy.cz\">www.repy.cz<\/a><\/p>\n<div class=\"box-fixa\"><em>This independent administrative unit was created in 2001 and performs administrative tasks for the cadastral areas of \u0158epy, Zli\u010d\u00edn and a part of T\u0159ebonice.<\/em><\/div>\n<p>The Prague 17 City District consists of the \u0158epy cadastral area within the Prague 6 administrative region. \u0158epy can be found in the west of Prague, north of the place where the D5 motorway enters Prague. The first written mention of \u0158epy was made in the founding charter of the B\u0159evnov monastery and it dates back to 993.<\/p>\n<p>In 2016, Prague 17 used a subsidy programme for the first time to support the integration of foreigners. Thanks to this programme, kindergartens and primary schools in the area were offered accredited education programmes for teachers, educational workshops for pupils and a Czech language course for pre-schoolers. Kindergartens and primary schools could also make use of assistance in the form of translation and interpreting during enrolment days, class meetings, and other situations which require interpreting and mediation.<\/p>\n<p>Other useful information about project activities in 2016, contacts for related services and links to other institutions and organisations concerned with the integration of foreigners are available on the following websites:<\/p>\n<ul class=\"bullet-links\">\n<li><a href=\"\/\/www.repy.cz\/mc\/integrace-cizincu-v-mestske-casti-praha-17?highlightWords=integrace+cizinc%C5%AF\">Prague 17 City District<\/a><\/li>\n<li><a href=\"\/\/www.repy.cz\/mc\/projekt-jsme-sousede\">&#8220;We Are Neighbours&#8221; Project<\/a><\/li>\n<\/ul>\n<p>&nbsp;<\/p>\n<h3><strong>Other Offices:<\/strong><\/h3>\n<h4>Labour Office Branch<\/h4>\n<p style=\"text-align: justify;\"><a href=\"https:\/\/www.uradprace.cz\/praha-6\">Prague 6<\/a> Contact Point (for Prague 6 and 17)<\/p>\n<p style=\"text-align: justify;\"><a href=\"https:\/\/www.uradprace.cz\/praha-6\">Offices and Contacts<\/a>,\u00a0<a href=\"https:\/\/www.uradprace.cz\/web\/cz\/volna-mista-v-cr\">Job Vacancies<\/a><\/p>\n<h4><\/h4>\n<h4><strong>Prague Social Security Administration (PSSA)<\/strong><\/h4>\n<div class=\"box-ok\"><\/p>\n<p><em>The territorial jurisdiction of the office is not limited. You can choose any local office regardless your place of residence or headquarters.<\/em><\/p>\n<p><em><a href=\"\/\/www.cssz.cz\/cz\/kontakty\/krajska-a-okresni-pracoviste\/praha\/\">Contacts for individual local offices<\/a>\u00a0<\/em><\/div>\n<p><strong>\u00a0<\/strong><\/p>\n<h4><strong>Tax Office<\/strong><\/h4>\n<p>Prague 6 Local Office<\/p>\n<p><strong>Address:<\/strong> Prague 7 (Hole\u0161ovice), N\u00e1b\u0159e\u017e\u00ed kpt. Jaro\u0161e 1000\/7, 170 00<\/p>\n<p><a href=\"https:\/\/www.financnisprava.cz\/cs\/financni-sprava\/financni-sprava-cr\/organizacni-struktura\/organy-financni-spravy\/uzemni-pracoviste\/2006-uzemni-pracoviste-pro-prahu-6\">Contact information<\/a><\/p>","protected":false},"excerpt":{"rendered":"<p>PRAGUE 17 CITY DISTRICT OFFICE &nbsp; Address:\u00a0\u017dalansk\u00e9ho 291\/12b, 163 00 Prague-\u0158epy Switchboard tel.: 234 683 111, 235 300 005 Fax: 235 300 129 Email:\u00a0podatelna@praha17.cz Website:\u00a0www.repy.cz The Prague 17 City District consists of the \u0158epy cadastral area within the Prague 6&#8230;<\/p>\n<a class=\"more-block\" href=\"https:\/\/metropolevsech.eu\/en\/kontakty\/urady-v-praze\/mestske-casti\/jednotlive-mestske-casti\/mestska-cast-praha-17\/\">Read more<\/a>","protected":false},"author":7,"featured_media":0,"parent":3406,"menu_order":17,"comment_status":"closed","ping_status":"closed","template":"","meta":[],"acf":[],"_links":{"self":[{"href":"https:\/\/metropolevsech.eu\/en\/wp-json\/wp\/v2\/pages\/3438"}],"collection":[{"href":"https:\/\/metropolevsech.eu\/en\/wp-json\/wp\/v2\/pages"}],"about":[{"href":"https:\/\/metropolevsech.eu\/en\/wp-json\/wp\/v2\/types\/page"}],"author":[{"embeddable":true,"href":"https:\/\/metropolevsech.eu\/en\/wp-json\/wp\/v2\/users\/7"}],"replies":[{"embeddable":true,"href":"https:\/\/metropolevsech.eu\/en\/wp-json\/wp\/v2\/comments?post=3438"}],"version-history":[{"count":4,"href":"https:\/\/metropolevsech.eu\/en\/wp-json\/wp\/v2\/pages\/3438\/revisions"}],"predecessor-version":[{"id":21905,"href":"https:\/\/metropolevsech.eu\/en\/wp-json\/wp\/v2\/pages\/3438\/revisions\/21905"}],"up":[{"embeddable":true,"href":"https:\/\/metropolevsech.eu\/en\/wp-json\/wp\/v2\/pages\/3406"}],"wp:attachment":[{"href":"https:\/\/metropolevsech.eu\/en\/wp-json\/wp\/v2\/media?parent=3438"}],"curies":[{"name":"wp","href":"https:\/\/api.w.org\/{rel}","templated":true}]}}