{"id":3442,"date":"2017-05-14T22:45:21","date_gmt":"2017-05-14T20:45:21","guid":{"rendered":"https:\/\/metropolevsech.eu\/?page_id=3442"},"modified":"2025-02-20T12:29:40","modified_gmt":"2025-02-20T11:29:40","slug":"mestska-cast-praha-18","status":"publish","type":"page","link":"https:\/\/metropolevsech.eu\/en\/kontakty\/urady-v-praze\/mestske-casti\/jednotlive-mestske-casti\/mestska-cast-praha-18\/","title":{"rendered":"Prague 18 City District"},"content":{"rendered":"<p><\/p>\n<h3 style=\"text-align: justify;\"><strong>PRAGUE 18 CITY DISTRICT OFFICE<\/strong><\/h3>\n<p>&nbsp;<\/p>\n<p style=\"text-align: justify;\"><strong>Address:\u00a0<\/strong>Bechy\u0148sk\u00e1 639, 199 00 Prague 9<\/p>\n<p style=\"text-align: justify;\"><strong>Registry tel.:<\/strong> 284 028 111<\/p>\n<p style=\"text-align: justify;\"><strong>Email:<\/strong>\u00a0<a href=\"mailto:epodatelna@letnany.cz\">epodatelna@letnany.cz<\/a><\/p>\n<p style=\"text-align: justify;\"><strong>Website:<\/strong>\u00a0<a href=\"http:\/\/www.praha18.cz\/\">www.praha18.cz<\/a><\/p>\n<p style=\"text-align: justify;\">The district of Let\u0148any acquired its character during the era of the first Czechoslovak Republic. At that time, the aircraft factory Letov was created. In the 1970s and 1980s, the first panel housing estate was built here. Due to its construction, a large part of the old Let\u0148any was razed to the ground. A milestone in the development of Let\u0148any was the construction of the Let\u0148any Shopping Centre by Tesco. It is the largest shopping centre in the Czech Republic. It includes a multiplex cinema with 12 screening rooms and the Let\u0148any Lagoon aquatics centre.<\/p>\n<h3><strong>Other Offices:<\/strong><\/h3>\n<h4>Labour Office Branch<\/h4>\n<p style=\"text-align: justify;\"><a href=\"https:\/\/www.uradprace.cz\/web\/cz\/praha-9#praha-20\">Prague 9<\/a> Contact Point (for Prague 9, 14, 18, 19, 20 and 21)<\/p>\n<p style=\"text-align: justify;\"><a href=\"https:\/\/www.uradprace.cz\/web\/cz\/praha-9#praha-20\">Offices and Contacts<\/a>,\u00a0<a href=\"https:\/\/www.uradprace.cz\/web\/cz\/volna-mista-v-cr\">Job Vacancies<\/a><\/p>\n<h4><\/h4>\n<h4><strong>Prague Social Security Administration (PSSA)<\/strong><\/h4>\n<div class=\"box-ok\"><\/p>\n<p><em>The territorial jurisdiction of the office is not limited. You can choose any local office regardless your place of residence or headquarters.<\/em><\/p>\n<p><em><a href=\"http:\/\/www.cssz.cz\/cz\/kontakty\/krajska-a-okresni-pracoviste\/praha\/\">Contacts for individual local offices<\/a>\u00a0<\/em><\/div>\n<p><strong>\u00a0<\/strong><\/p>\n<h4><strong>Tax Office<\/strong><\/h4>\n<p>Prague 9 Local Office<\/p>\n<p><strong>Address:<\/strong> n\u00e1b\u0159. Kpt. Jaro\u0161e 1000\/7, 170 00 Prague 7<\/p>\n<p><a href=\"https:\/\/www.financnisprava.cz\/cs\/financni-sprava\/financni-sprava-cr\/organizacni-struktura\/organy-financni-spravy\/uzemni-pracoviste\/2009-uzemni-pracoviste-pro-prahu-9\">Contact information<\/a><\/p>","protected":false},"excerpt":{"rendered":"<p>PRAGUE 18 CITY DISTRICT OFFICE &nbsp; Address:\u00a0Bechy\u0148sk\u00e1 639, 199 00 Prague 9 Registry tel.: 284 028 111 Email:\u00a0epodatelna@letnany.cz Website:\u00a0www.praha18.cz The district of Let\u0148any acquired its character during the era of the first Czechoslovak Republic. At that time, the aircraft factory&#8230;<\/p>\n<a class=\"more-block\" href=\"https:\/\/metropolevsech.eu\/en\/kontakty\/urady-v-praze\/mestske-casti\/jednotlive-mestske-casti\/mestska-cast-praha-18\/\">Read more<\/a>","protected":false},"author":7,"featured_media":0,"parent":3406,"menu_order":18,"comment_status":"closed","ping_status":"closed","template":"","meta":[],"acf":[],"_links":{"self":[{"href":"https:\/\/metropolevsech.eu\/en\/wp-json\/wp\/v2\/pages\/3442"}],"collection":[{"href":"https:\/\/metropolevsech.eu\/en\/wp-json\/wp\/v2\/pages"}],"about":[{"href":"https:\/\/metropolevsech.eu\/en\/wp-json\/wp\/v2\/types\/page"}],"author":[{"embeddable":true,"href":"https:\/\/metropolevsech.eu\/en\/wp-json\/wp\/v2\/users\/7"}],"replies":[{"embeddable":true,"href":"https:\/\/metropolevsech.eu\/en\/wp-json\/wp\/v2\/comments?post=3442"}],"version-history":[{"count":5,"href":"https:\/\/metropolevsech.eu\/en\/wp-json\/wp\/v2\/pages\/3442\/revisions"}],"predecessor-version":[{"id":21907,"href":"https:\/\/metropolevsech.eu\/en\/wp-json\/wp\/v2\/pages\/3442\/revisions\/21907"}],"up":[{"embeddable":true,"href":"https:\/\/metropolevsech.eu\/en\/wp-json\/wp\/v2\/pages\/3406"}],"wp:attachment":[{"href":"https:\/\/metropolevsech.eu\/en\/wp-json\/wp\/v2\/media?parent=3442"}],"curies":[{"name":"wp","href":"https:\/\/api.w.org\/{rel}","templated":true}]}}