{"id":3444,"date":"2017-05-14T22:46:37","date_gmt":"2017-05-14T20:46:37","guid":{"rendered":"https:\/\/metropolevsech.eu\/?page_id=3444"},"modified":"2025-02-20T12:44:40","modified_gmt":"2025-02-20T11:44:40","slug":"mestska-cast-praha-19","status":"publish","type":"page","link":"https:\/\/metropolevsech.eu\/en\/kontakty\/urady-v-praze\/mestske-casti\/jednotlive-mestske-casti\/mestska-cast-praha-19\/","title":{"rendered":"Prague 19 City District"},"content":{"rendered":"<p><\/p>\n<h3 style=\"text-align: justify;\"><strong>PRAGUE 19 CITY DISTRICT OFFICE<\/strong><\/h3>\n<p>&nbsp;<\/p>\n<p style=\"text-align: justify;\"><strong>Address:\u00a0<\/strong>Semilsk\u00e1 43\/1, 197 00 Prague 9<\/p>\n<p style=\"text-align: justify;\"><strong>Switchboard tel.:<\/strong> 284 080 811<\/p>\n<p style=\"text-align: justify;\"><strong>Email:\u00a0<\/strong><a href=\"mailto:info@kbely.mepnet.cz\">info@kbely.mepnet.cz<\/a><\/p>\n<p style=\"text-align: justify;\"><strong>Website:<\/strong>\u00a0<a href=\"http:\/\/www.praha19.cz\">www.praha19.cz<\/a><\/p>\n<p>The Prague 19 City District consists of the Kbely cadastral area. As for the administrative division, there are also offices in Prague 19 for the Prague-Vino\u0159 City District and the Prague-Satalice City District. The Kbely district was joined to Prague in 1968 but its development started much earlier, back in the 18<sup>th<\/sup> century. The most dominant building of Kbely is a 43-meter high lighthouse with a water tower which was made of reinforced concrete in 1928. The lighthouse is located at the Kbely airport and it has been given the status of a cultural monument.<\/p>\n<h3><strong>Other Offices:<\/strong><\/h3>\n<h4>Labour Office Branch<\/h4>\n<p style=\"text-align: justify;\"><a href=\"https:\/\/www.uradprace.cz\/web\/cz\/praha-9#praha-20\">Prague 9<\/a>\u00a0Contact Point (for Prague 9, 14, 18, 19, 20 and 21)<\/p>\n<p style=\"text-align: justify;\"><a href=\"https:\/\/www.uradprace.cz\/web\/cz\/praha-9#praha-20\">Offices and Contacts<\/a>,\u00a0<a href=\"https:\/\/www.uradprace.cz\/web\/cz\/volna-mista-v-cr\">Job Vacancies<\/a><\/p>\n<h4><\/h4>\n<h4><strong>Prague Social Security Administration (PSSA)<\/strong><\/h4>\n<div class=\"box-ok\"><\/p>\n<p><em>The territorial jurisdiction of the office is not limited. You can choose any local office regardless your place of residence or headquarters.<\/em><\/p>\n<p><em><a href=\"http:\/\/www.cssz.cz\/cz\/kontakty\/krajska-a-okresni-pracoviste\/praha\/\">Contacts for individual local offices<\/a>\u00a0<\/em><\/div>\n<p><strong>\u00a0<\/strong><\/p>\n<h4><strong>Tax Office<\/strong><\/h4>\n<p>Prague 9 Local Office<\/p>\n<p><strong>Address: <\/strong>n\u00e1b\u0159. Kpt. Jaro\u0161e 1000\/7, 170 00 Prague 7<\/p>\n<p><a href=\"https:\/\/www.financnisprava.cz\/cs\/financni-sprava\/financni-sprava-cr\/organizacni-struktura\/organy-financni-spravy\/uzemni-pracoviste\/2009-uzemni-pracoviste-pro-prahu-9\">Contact information<\/a><\/p>","protected":false},"excerpt":{"rendered":"<p>PRAGUE 19 CITY DISTRICT OFFICE &nbsp; Address:\u00a0Semilsk\u00e1 43\/1, 197 00 Prague 9 Switchboard tel.: 284 080 811 Email:\u00a0info@kbely.mepnet.cz Website:\u00a0www.praha19.cz The Prague 19 City District consists of the Kbely cadastral area. As for the administrative division, there are also offices in&#8230;<\/p>\n<a class=\"more-block\" href=\"https:\/\/metropolevsech.eu\/en\/kontakty\/urady-v-praze\/mestske-casti\/jednotlive-mestske-casti\/mestska-cast-praha-19\/\">Read more<\/a>","protected":false},"author":7,"featured_media":0,"parent":3406,"menu_order":19,"comment_status":"closed","ping_status":"closed","template":"","meta":[],"acf":[],"_links":{"self":[{"href":"https:\/\/metropolevsech.eu\/en\/wp-json\/wp\/v2\/pages\/3444"}],"collection":[{"href":"https:\/\/metropolevsech.eu\/en\/wp-json\/wp\/v2\/pages"}],"about":[{"href":"https:\/\/metropolevsech.eu\/en\/wp-json\/wp\/v2\/types\/page"}],"author":[{"embeddable":true,"href":"https:\/\/metropolevsech.eu\/en\/wp-json\/wp\/v2\/users\/7"}],"replies":[{"embeddable":true,"href":"https:\/\/metropolevsech.eu\/en\/wp-json\/wp\/v2\/comments?post=3444"}],"version-history":[{"count":6,"href":"https:\/\/metropolevsech.eu\/en\/wp-json\/wp\/v2\/pages\/3444\/revisions"}],"predecessor-version":[{"id":21911,"href":"https:\/\/metropolevsech.eu\/en\/wp-json\/wp\/v2\/pages\/3444\/revisions\/21911"}],"up":[{"embeddable":true,"href":"https:\/\/metropolevsech.eu\/en\/wp-json\/wp\/v2\/pages\/3406"}],"wp:attachment":[{"href":"https:\/\/metropolevsech.eu\/en\/wp-json\/wp\/v2\/media?parent=3444"}],"curies":[{"name":"wp","href":"https:\/\/api.w.org\/{rel}","templated":true}]}}