{"id":3446,"date":"2017-05-14T22:47:53","date_gmt":"2017-05-14T20:47:53","guid":{"rendered":"https:\/\/metropolevsech.eu\/?page_id=3446"},"modified":"2025-02-20T12:44:15","modified_gmt":"2025-02-20T11:44:15","slug":"mestska-cast-praha-20","status":"publish","type":"page","link":"https:\/\/metropolevsech.eu\/en\/kontakty\/urady-v-praze\/mestske-casti\/jednotlive-mestske-casti\/mestska-cast-praha-20\/","title":{"rendered":"Prague 20 City District"},"content":{"rendered":"<p><\/p>\n<h3 style=\"text-align: justify;\"><strong>PRAGUE 20 CITY DISTRICT OFFICE<\/strong><\/h3>\n<p style=\"text-align: justify;\"><strong>Address:<\/strong>\u00a0J\u00edvansk\u00e1 647\/10, 193 21 Prague 9 \u2013 Horn\u00ed Po\u010dernice<\/p>\n<p style=\"text-align: justify;\"><strong>Switchboard:<\/strong> 271 071 611, 271 071 711<\/p>\n<p style=\"text-align: justify;\"><strong>Email:<\/strong>\u00a0<a href=\"mailto:urad@pocernice.cz\">urad@pocernice.cz<\/a><\/p>\n<p style=\"text-align: justify;\"><strong>Website:<\/strong>\u00a0<a href=\"http:\/\/www.pocernice.cz\">www.pocernice.cz<\/a><\/p>\n<h3><\/h3>\n<p>The area of the Prague 20 City District \u2013 Horn\u00ed Po\u010dernice is located on the eastern outskirts of the capital. Originally, there were three municipalities: Chvaly, Sv\u00e9pravice and Horn\u00ed Po\u010dernice. In the territory of Prague there is a lot of ponds and reservoirs. A significant area is taken up by agricultural land and large green spaces, forest stands and parks.<\/p>\n<p>&nbsp;<\/p>\n<h3><strong>Other Offices:<\/strong><\/h3>\n<h4>Labour Office Branch<\/h4>\n<p style=\"text-align: justify;\"><a href=\"https:\/\/www.uradprace.cz\/web\/cz\/praha-9#praha-20\">Prague 9<\/a>\u00a0Contact Point (for Prague 9, 14, 18, 19, 20 and 21)<\/p>\n<p style=\"text-align: justify;\"><a href=\"https:\/\/www.uradprace.cz\/web\/cz\/praha-9#praha-20\">Offices and Contacts<\/a>,\u00a0<a href=\"https:\/\/www.uradprace.cz\/web\/cz\/volna-mista-v-cr\">Job Vacancies<\/a><\/p>\n<h4><\/h4>\n<h4><strong>Prague Social Security Administration (PSSA)<\/strong><\/h4>\n<div class=\"box-ok\"><\/p>\n<p><em>The territorial jurisdiction of the office is not limited. You can choose any local office regardless your place of residence or headquarters.<\/em><\/p>\n<p><em><a href=\"http:\/\/www.cssz.cz\/cz\/kontakty\/krajska-a-okresni-pracoviste\/praha\/\">Contacts for individual local offices<\/a>\u00a0<\/em><\/div>\n<p><strong>\u00a0<\/strong><\/p>\n<h4><strong>Tax Office<\/strong><\/h4>\n<p>Prague 9 Local Office<\/p>\n<p><strong>Address: <\/strong>n\u00e1b\u0159. Kpt. Jaro\u0161e 1000\/7, 170 00 Prague 7<\/p>\n<p><a href=\"https:\/\/www.financnisprava.cz\/cs\/financni-sprava\/financni-sprava-cr\/organizacni-struktura\/organy-financni-spravy\/uzemni-pracoviste\/2009-uzemni-pracoviste-pro-prahu-9\">Contact information<\/a><\/p>","protected":false},"excerpt":{"rendered":"<p>PRAGUE 20 CITY DISTRICT OFFICE Address:\u00a0J\u00edvansk\u00e1 647\/10, 193 21 Prague 9 \u2013 Horn\u00ed Po\u010dernice Switchboard: 271 071 611, 271 071 711 Email:\u00a0urad@pocernice.cz Website:\u00a0www.pocernice.cz The area of the Prague 20 City District \u2013 Horn\u00ed Po\u010dernice is located on the eastern outskirts&#8230;<\/p>\n<a class=\"more-block\" href=\"https:\/\/metropolevsech.eu\/en\/kontakty\/urady-v-praze\/mestske-casti\/jednotlive-mestske-casti\/mestska-cast-praha-20\/\">Read more<\/a>","protected":false},"author":7,"featured_media":0,"parent":3406,"menu_order":20,"comment_status":"closed","ping_status":"closed","template":"","meta":[],"acf":[],"_links":{"self":[{"href":"https:\/\/metropolevsech.eu\/en\/wp-json\/wp\/v2\/pages\/3446"}],"collection":[{"href":"https:\/\/metropolevsech.eu\/en\/wp-json\/wp\/v2\/pages"}],"about":[{"href":"https:\/\/metropolevsech.eu\/en\/wp-json\/wp\/v2\/types\/page"}],"author":[{"embeddable":true,"href":"https:\/\/metropolevsech.eu\/en\/wp-json\/wp\/v2\/users\/7"}],"replies":[{"embeddable":true,"href":"https:\/\/metropolevsech.eu\/en\/wp-json\/wp\/v2\/comments?post=3446"}],"version-history":[{"count":4,"href":"https:\/\/metropolevsech.eu\/en\/wp-json\/wp\/v2\/pages\/3446\/revisions"}],"predecessor-version":[{"id":21910,"href":"https:\/\/metropolevsech.eu\/en\/wp-json\/wp\/v2\/pages\/3446\/revisions\/21910"}],"up":[{"embeddable":true,"href":"https:\/\/metropolevsech.eu\/en\/wp-json\/wp\/v2\/pages\/3406"}],"wp:attachment":[{"href":"https:\/\/metropolevsech.eu\/en\/wp-json\/wp\/v2\/media?parent=3446"}],"curies":[{"name":"wp","href":"https:\/\/api.w.org\/{rel}","templated":true}]}}