{"id":3448,"date":"2017-05-14T22:49:05","date_gmt":"2017-05-14T20:49:05","guid":{"rendered":"https:\/\/metropolevsech.eu\/?page_id=3448"},"modified":"2025-02-20T12:52:49","modified_gmt":"2025-02-20T11:52:49","slug":"mestska-cast-praha-21","status":"publish","type":"page","link":"https:\/\/metropolevsech.eu\/en\/kontakty\/urady-v-praze\/mestske-casti\/jednotlive-mestske-casti\/mestska-cast-praha-21\/","title":{"rendered":"Prague 21 City District"},"content":{"rendered":"<p><\/p>\n<h3 style=\"text-align: justify;\"><strong>PRAGUE 21 CITY DISTRICT OFFICE<\/strong><\/h3>\n<p>&nbsp;<\/p>\n<p style=\"text-align: justify;\"><strong>Address:\u00a0<\/strong>Starokl\u00e1novick\u00e1 260, 190 16 Prague 9<\/p>\n<p style=\"text-align: justify;\"><strong>Registry tel.:<\/strong> 281 01 29 11<\/p>\n<p style=\"text-align: justify;\"><strong>Email:\u00a0<\/strong><a href=\"mailto:podatelna@praha21.cz\">podatelna@praha21.cz<\/a><\/p>\n<p style=\"text-align: justify;\"><strong>Website:<\/strong>\u00a0<a href=\"http:\/\/www.praha21.cz\">www.praha21.cz<\/a><\/p>\n<p style=\"text-align: justify;\">The Prague 21 City District consists of the \u00dajezd nad Lesy cadastral area and is situated near the eastern border of the capital. In the early 20th century the municipality started to grow as a lot of family villas and houses were built here together with roads, pavements and a multifunctional centre. This district is characterised by its vast forests, making it an interesting natural area.<\/p>\n<h3><strong>Other Offices:<\/strong><\/h3>\n<h4>Labour Office Branch<\/h4>\n<p style=\"text-align: justify;\"><a href=\"https:\/\/www.uradprace.cz\/praha-9\">Prague 9<\/a>\u00a0Contact Point (for Prague 9, 14, 18, 19, 20 and 21)<\/p>\n<p style=\"text-align: justify;\"><a href=\"https:\/\/www.uradprace.cz\/praha-9\">Offices and Contacts<\/a>,\u00a0<a href=\"https:\/\/www.uradprace.cz\/web\/cz\/volna-mista-v-cr\">Job Vacancies<\/a><\/p>\n<h4><\/h4>\n<h4><strong>Prague Social Security Administration (PSSA)<\/strong><\/h4>\n<div class=\"box-ok\"><\/p>\n<p><em>The territorial jurisdiction of the office is not limited. You can choose any local office regardless your place of residence or headquarters.<\/em><\/p>\n<p><em><a href=\"http:\/\/www.cssz.cz\/cz\/kontakty\/krajska-a-okresni-pracoviste\/praha\/\">Contacts for individual local offices<\/a>\u00a0<\/em><\/div>\n<p><strong>\u00a0<\/strong><\/p>\n<h4><strong>Tax Office<\/strong><\/h4>\n<p>Prague 9 Local Office<\/p>\n<p><strong>Address:<\/strong> n\u00e1b\u0159. Kpt. Jaro\u0161e 1000\/7, 170 00 Prague 7<\/p>\n<p><a href=\"https:\/\/www.financnisprava.cz\/cs\/financni-sprava\/financni-sprava-cr\/organizacni-struktura\/organy-financni-spravy\/uzemni-pracoviste\/2009-uzemni-pracoviste-pro-prahu-9\">Contact information<\/a><\/p>","protected":false},"excerpt":{"rendered":"<p>PRAGUE 21 CITY DISTRICT OFFICE &nbsp; Address:\u00a0Starokl\u00e1novick\u00e1 260, 190 16 Prague 9 Registry tel.: 281 01 29 11 Email:\u00a0podatelna@praha21.cz Website:\u00a0www.praha21.cz The Prague 21 City District consists of the \u00dajezd nad Lesy cadastral area and is situated near the eastern border&#8230;<\/p>\n<a class=\"more-block\" href=\"https:\/\/metropolevsech.eu\/en\/kontakty\/urady-v-praze\/mestske-casti\/jednotlive-mestske-casti\/mestska-cast-praha-21\/\">Read more<\/a>","protected":false},"author":7,"featured_media":0,"parent":3406,"menu_order":21,"comment_status":"closed","ping_status":"closed","template":"","meta":[],"acf":[],"_links":{"self":[{"href":"https:\/\/metropolevsech.eu\/en\/wp-json\/wp\/v2\/pages\/3448"}],"collection":[{"href":"https:\/\/metropolevsech.eu\/en\/wp-json\/wp\/v2\/pages"}],"about":[{"href":"https:\/\/metropolevsech.eu\/en\/wp-json\/wp\/v2\/types\/page"}],"author":[{"embeddable":true,"href":"https:\/\/metropolevsech.eu\/en\/wp-json\/wp\/v2\/users\/7"}],"replies":[{"embeddable":true,"href":"https:\/\/metropolevsech.eu\/en\/wp-json\/wp\/v2\/comments?post=3448"}],"version-history":[{"count":4,"href":"https:\/\/metropolevsech.eu\/en\/wp-json\/wp\/v2\/pages\/3448\/revisions"}],"predecessor-version":[{"id":21913,"href":"https:\/\/metropolevsech.eu\/en\/wp-json\/wp\/v2\/pages\/3448\/revisions\/21913"}],"up":[{"embeddable":true,"href":"https:\/\/metropolevsech.eu\/en\/wp-json\/wp\/v2\/pages\/3406"}],"wp:attachment":[{"href":"https:\/\/metropolevsech.eu\/en\/wp-json\/wp\/v2\/media?parent=3448"}],"curies":[{"name":"wp","href":"https:\/\/api.w.org\/{rel}","templated":true}]}}