{"id":3450,"date":"2017-05-14T22:51:03","date_gmt":"2017-05-14T20:51:03","guid":{"rendered":"https:\/\/metropolevsech.eu\/?page_id=3450"},"modified":"2025-02-20T13:03:38","modified_gmt":"2025-02-20T12:03:38","slug":"mestska-cast-praha-22","status":"publish","type":"page","link":"https:\/\/metropolevsech.eu\/en\/kontakty\/urady-v-praze\/mestske-casti\/jednotlive-mestske-casti\/mestska-cast-praha-22\/","title":{"rendered":"Prague 22 City District"},"content":{"rendered":"<p><\/p>\n<h3 style=\"text-align: justify;\"><strong>PRAGUE 22 CITY DISTRICT OFFICE<\/strong><\/h3>\n<p>&nbsp;<\/p>\n<p style=\"text-align: justify;\"><strong>Address:<\/strong>\u00a0Nov\u00e9 n\u00e1m\u011bst\u00ed 1250\/10, 104 00 Prague 114<\/p>\n<p style=\"text-align: justify;\"><strong>Information centre:<\/strong> 271 071 812<\/p>\n<p style=\"text-align: justify;\"><strong>Email:<\/strong>\u00a0<a href=\"mailto:podatelna@praha22.cz\">podatelna@praha22.cz<\/a><\/p>\n<p style=\"text-align: justify;\"><strong>Website:<\/strong>\u00a0<a href=\"http:\/\/www.praha22.cz\">www.praha22.cz<\/a><\/p>\n<p style=\"text-align: justify;\">Prague 22 is located on the southeastern edge of the capital and is one of the largest Prague districts. It consists of three cadastral areas: Uh\u0159\u00edn\u011bves, Pitkovice and H\u00e1jek.<\/p>\n<h4 style=\"text-align: justify;\"><\/h4>\n<h3><strong>Other Offices:<\/strong><\/h3>\n<h4>Labour Office Branch<\/h4>\n<p style=\"text-align: justify;\"><a href=\"https:\/\/www.uradprace.cz\/praha-10\">Prague 10<\/a> Contact Point (for Prague 10, 15 and 22)<\/p>\n<p style=\"text-align: justify;\"><a href=\"https:\/\/www.uradprace.cz\/praha-10\">Offices and Contacts<\/a>,\u00a0<a href=\"https:\/\/www.uradprace.cz\/web\/cz\/volna-mista-v-cr\">Job Vacancies<\/a><\/p>\n<h4><\/h4>\n<h4><strong>Prague Social Security Administration (PSSA)<\/strong><\/h4>\n<div class=\"box-ok\"><\/p>\n<p><em>The territorial jurisdiction of the office is not limited. You can choose any local office regardless your place of residence or headquarters.<\/em><\/p>\n<p><em><a href=\"http:\/\/www.cssz.cz\/cz\/kontakty\/krajska-a-okresni-pracoviste\/praha\/\">Contacts for individual local offices<\/a>\u00a0<\/em><\/p>\n<p><\/div>\n<p><strong>\u00a0<\/strong><\/p>\n<h4><strong>Tax Office<\/strong><\/h4>\n<p>Prague 10 Local Office<\/p>\n<p><strong>Address:<\/strong> Prague 10 (Vr\u0161ovice), Petrohradsk\u00e1 6, 101\u00a000<\/p>\n<p><a href=\"https:\/\/www.financnisprava.cz\/cs\/financni-sprava\/financni-sprava-cr\/organizacni-struktura\/organy-financni-spravy\/uzemni-pracoviste\/2010-uzemni-pracoviste-pro-prahu-10\">Contact information<\/a><\/p>","protected":false},"excerpt":{"rendered":"<p>PRAGUE 22 CITY DISTRICT OFFICE &nbsp; Address:\u00a0Nov\u00e9 n\u00e1m\u011bst\u00ed 1250\/10, 104 00 Prague 114 Information centre: 271 071 812 Email:\u00a0podatelna@praha22.cz Website:\u00a0www.praha22.cz Prague 22 is located on the southeastern edge of the capital and is one of the largest Prague districts. It&#8230;<\/p>\n<a class=\"more-block\" href=\"https:\/\/metropolevsech.eu\/en\/kontakty\/urady-v-praze\/mestske-casti\/jednotlive-mestske-casti\/mestska-cast-praha-22\/\">Read more<\/a>","protected":false},"author":7,"featured_media":0,"parent":3406,"menu_order":22,"comment_status":"closed","ping_status":"closed","template":"","meta":[],"acf":[],"_links":{"self":[{"href":"https:\/\/metropolevsech.eu\/en\/wp-json\/wp\/v2\/pages\/3450"}],"collection":[{"href":"https:\/\/metropolevsech.eu\/en\/wp-json\/wp\/v2\/pages"}],"about":[{"href":"https:\/\/metropolevsech.eu\/en\/wp-json\/wp\/v2\/types\/page"}],"author":[{"embeddable":true,"href":"https:\/\/metropolevsech.eu\/en\/wp-json\/wp\/v2\/users\/7"}],"replies":[{"embeddable":true,"href":"https:\/\/metropolevsech.eu\/en\/wp-json\/wp\/v2\/comments?post=3450"}],"version-history":[{"count":4,"href":"https:\/\/metropolevsech.eu\/en\/wp-json\/wp\/v2\/pages\/3450\/revisions"}],"predecessor-version":[{"id":21915,"href":"https:\/\/metropolevsech.eu\/en\/wp-json\/wp\/v2\/pages\/3450\/revisions\/21915"}],"up":[{"embeddable":true,"href":"https:\/\/metropolevsech.eu\/en\/wp-json\/wp\/v2\/pages\/3406"}],"wp:attachment":[{"href":"https:\/\/metropolevsech.eu\/en\/wp-json\/wp\/v2\/media?parent=3450"}],"curies":[{"name":"wp","href":"https:\/\/api.w.org\/{rel}","templated":true}]}}