{"id":478,"date":"2016-12-18T18:00:35","date_gmt":"2016-12-18T17:00:35","guid":{"rendered":"https:\/\/metropolevsech.eu\/?page_id=478"},"modified":"2025-05-24T23:15:44","modified_gmt":"2025-05-24T21:15:44","slug":"mestska-knihovna-v-praze","status":"publish","type":"page","link":"https:\/\/metropolevsech.eu\/en\/praha\/472-2\/mestska-knihovna-v-praze\/","title":{"rendered":"Municipal Library"},"content":{"rendered":"<p><\/p>\n<h3>A public library for everyone!<\/h3>\n<p><em>A total of 44 library branches located throughout Prague offer a wide range of services and activities, many of which are available for free and without registration. The offer is even wider for registered users: apart from borrowing books, they can take part in creative activities, use computers, and a lot more.<\/em><\/p>\n<p><strong><em>Anyone<\/em><\/strong><em>\u00a0can become a registered library member, including migrants legally residing in the Czech Republic. Read on to learn where to find the individual branches, what the library has to offer and how to register.<\/em><\/p>\n<h4>Library branches<\/h4>\n<p>The <a href=\"https:\/\/www.mlp.cz\/cz\/pobocky\/ustredni-knihovna\/\">Central Library<\/a>\u00a0is situated on Mari\u00e1nsk\u00e9 n\u00e1m\u011bst\u00ed, near the Old Town Square and the Starom\u011bstsk\u00e1 metro station. Places which are too remote from <a href=\"https:\/\/www.mlp.cz\/cz\/pobocky\/ustredni-knihovna\/\">brick-and-mortar libraries<\/a> are served by mobile libraries called <a href=\"https:\/\/www.mlp.cz\/cz\/pobocky\/pojizdna-knihovna\/\">bibliobuses<\/a>. A list of all branches, including addresses and contacts, can be found on the <a href=\"https:\/\/www.mlp.cz\/cz\/pobocky\/pojizdna-knihovna\/\">website of the library<\/a>.<\/p>\n<p><strong>Contacts:<\/strong> website:<a href=\"https:\/\/www.mlp.cz\/cz\/\"> mlp.cz<\/a> , e-mail: knihovna@mlp.cz, telephone: 222 113 555<\/p>\n<p>Information leaflet about library services in Prague<a href=\"https:\/\/metropolevsech.eu\/wp-content\/uploads\/2022\/12\/Obecny_letak_AJ.pdf\">\u00a0in English<\/a>.<\/p>\n<ul class=\"bullet\">\n<li><a href=\"#withoutacard\">Visiting without a library card<\/a><\/li>\n<li><a href=\"#libraryregistration\">Library registration<\/a><\/li>\n<\/ul>\n<img loading=\"lazy\" class=\"alignnone wp-image-18923 size-content-image\" src=\"https:\/\/metropolevsech.eu\/wp-content\/uploads\/2023\/04\/plakat_A2_PROVSECHNY_tisk_page-0001-670x933.jpg\" alt=\"\" width=\"670\" height=\"933\" srcset=\"https:\/\/metropolevsech.eu\/wp-content\/uploads\/2023\/04\/plakat_A2_PROVSECHNY_tisk_page-0001-670x933.jpg 670w, https:\/\/metropolevsech.eu\/wp-content\/uploads\/2023\/04\/plakat_A2_PROVSECHNY_tisk_page-0001-215x300.jpg 215w, https:\/\/metropolevsech.eu\/wp-content\/uploads\/2023\/04\/plakat_A2_PROVSECHNY_tisk_page-0001-747x1040.jpg 747w, https:\/\/metropolevsech.eu\/wp-content\/uploads\/2023\/04\/plakat_A2_PROVSECHNY_tisk_page-0001-768x1070.jpg 768w, https:\/\/metropolevsech.eu\/wp-content\/uploads\/2023\/04\/plakat_A2_PROVSECHNY_tisk_page-0001-1103x1536.jpg 1103w, https:\/\/metropolevsech.eu\/wp-content\/uploads\/2023\/04\/plakat_A2_PROVSECHNY_tisk_page-0001-1471x2048.jpg 1471w, https:\/\/metropolevsech.eu\/wp-content\/uploads\/2023\/04\/plakat_A2_PROVSECHNY_tisk_page-0001-scaled.jpg 1838w\" sizes=\"(max-width: 670px) 100vw, 670px\" \/>\n<p><em>Source:<\/em><a href=\"https:\/\/ipk.nkp.cz\/odborne-cinnosti\/interkulturni-knihovnictvi\"> <em>website of the National Library in Prague<\/em><\/a><\/p>\n<h3 id=\"withoutacard\"><b>Visiting without a library card<\/b><\/h3>\n<p><strong>Services offered to all users of the library for free and without registration:<\/strong><\/p>\n<ul class=\"bullet\">\n<li>Newspapers, magazines, books (in Czech and other languages, especially English, Russian, Ukrainian and Polish) for on-site reading<\/li>\n<li>Wi-Fi<\/li>\n<li>A quiet environment for self-study<\/li>\n<li>E-books in Czech and English \u2013<a href=\"https:\/\/www.mlp.cz\/cz\/katalog-on-line\/eknihy\/\"> e-knihovna.cz<\/a><\/li>\n<li>Online access to Czech and international newspapers and magazines \u2013 PressReader app at the Central Library (<a href=\"https:\/\/www.pressreader.com\/\">pressreader.com<\/a>)<\/li>\n<li><strong>Public events:<\/strong> lectures, workshops, programs for children, film screenings, concerts, etc. The current program can be found on the website:<a href=\"https:\/\/www.mlp.cz\/cz\/akce\/\"> mlp.cz\/akce<\/a>. Most events are free; admission fee applies to films, concerts and also some workshops requiring specific material.<\/li>\n<li><strong>Tutoring for children of foreigners and other activities for foreigners <\/strong>(e.g. conversation clubs) \u2013 for more information see the<a href=\"http:\/\/mlp.cz\"> website of the library<\/a> or ask at any library branch.<\/li>\n<li>Space you can use to organise your own activities<\/li>\n<\/ul>\n<p><i><span style=\"font-weight: 400;\"><div class=\"box-ok\"><\/span><\/i><strong><em>Are you interested in tutoring for children of foreigners at the library? Keep an eye on the <a href=\"https:\/\/metropolevsech.eu\/en\/events\/\">Events<\/a> and <a href=\"https:\/\/metropolevsech.eu\/en\/news\/\">News<\/a> sections, which is where new information is posted on a regular basis, and follow us on<\/em><\/strong><a href=\"https:\/\/www.facebook.com\/metropolevsech\"> <strong><em>Facebook<\/em><\/strong><\/a><strong><em>.<\/em><\/strong><i><span style=\"font-weight: 400;\">\u00a0<\/div><\/span><\/i><\/p>\n<p><i><span style=\"font-weight: 400;\"><div class=\"box-ok\"><\/span><\/i><\/p>\n<p><em>Are you looking for a place where your club, your study group or just you and your language teacher can meet? The library offers nice and quiet areas free of charge where you can work, have a discussion or exchange ideas.<\/em><\/p>\n<p><strong><em>After prior arrangement, the areas can be used at these branches:<\/em><\/strong><\/p>\n<ul>\n<li>B\u0159evnov, B\u011blohorsk\u00e1 1666\/56, Prague 6, tel. +420 770 130 235<\/li>\n<li>Dittrichova, Dittrichova 1543\/2, Prague 2, tel. +420 770 130 251<\/li>\n<li>D\u016fm \u010dten\u00ed, Rusk\u00e1 1455\/192, Prague 10, tel. +420 770 130 256<\/li>\n<li>Jezerka, Nuselsk\u00e1 94, Prague 4, tel. +420 770 130 224<\/li>\n<li>Korunn\u00ed, Korunn\u00ed 68, Prague 10, tel. +420 770 130 218<\/li>\n<li>Lu\u017einy, Archeologick\u00e1 2256\/1, Prague 13, tel. +420 770 130 281<\/li>\n<li>Male\u0161ice, Po\u010dernick\u00e1 524\/64, Prague 10, tel. +420 770 130 261<\/li>\n<li>Opatov, Opatovsk\u00e1 1754\/14, Prague 11, tel. +420 770 130 258<\/li>\n<li>Sedmi\u010dka, Tusarova 35, Prague 7, tel. +420 770 130 205<\/li>\n<li>Sm\u00edchov, N\u00e1m\u011bst\u00ed 14.\u0159\u00edjna 83\/15, Prague 5, tel. +420 770 130 229<\/li>\n<li>\u00dast\u0159edn\u00ed knihovna, D\u00edlna, Mari\u00e1nsk\u00e9 n\u00e1m\u011bst\u00ed 98\/1, Prague 1, tel. +420 222 113 387<\/li>\n<li>Zahradn\u00ed M\u011bsto, Topolov\u00e1 2961\/12a, Prague 10, tel. +420 770 130 247<\/li>\n<li>Z\u00e1h\u0159ebsk\u00e1, Z\u00e1h\u0159ebsk\u00e1 158\/20, Prague 2, tel. +420 770 130 265<\/li>\n<\/ul>\n<p><i><span style=\"font-weight: 400;\"><\/div><\/span><\/i><\/p>\n<p><i><span style=\"font-weight: 400;\"><div class=\"box-ok\"><\/span><\/i><em>On<\/em><a href=\"https:\/\/www.mlp.cz\/cz\/katalog-on-line\/eknihy\/\"> <em>e-knihovna.cz<\/em><\/a><em> you can choose from over 1700 books free for download. You will find there Czech and world fiction, detective stories, children\u2019s books and school reading, plays and poetry. Literary works are available in 3 formats suitable for reading on mobile phones and tablets as well as computer monitors and book readers.<\/em><i><\/i><i><span style=\"font-weight: 400;\">\u00a0<\/div><\/span><\/i><\/p>\n<h3 id=\"libraryregistration\"><b>Library registration<\/b><\/h3>\n<p><strong>The following services are available to registered library users:<\/strong><\/p>\n<ul>\n<li>Off-site loans: books, magazines, music CDs, language textbooks, sheet music, board games, pictures<\/li>\n<li>PC with Internet access available for booking for 1 hour a day<\/li>\n<li>Sewing machines at the Jezerka Studio<\/li>\n<li>Carpentry workshop at DOK16<\/li>\n<li>Suter\u00e9n creative workshop at the Central Library \u2013 3D printing, lamination, pyrography, lettering etc.<\/li>\n<li>\u201cSilent piano\u201d for playing music through headphones at the Central Library<\/li>\n<\/ul>\n<p><strong>How to register?<\/strong><\/p>\n<p>Registration for the library can be done at any library branch. The library card is valid in all branches. A yearly registration costs CZK 80 (free for users under 15 and over 70).<\/p>\n<p>EU citizens need to present an identity document issued by an EU state to be able to register. Citizens of other countries have to produce their residence permit in the CR. If they are not residence permit holders, they can pay a deposit of CZK 1000 or register in the presence of a guarantor.<\/p>\n<p>Read more in an <a href=\"https:\/\/metropolevsech.eu\/wp-content\/uploads\/2022\/12\/OMJ_AJ_A5.pdf\">English information leaflet<\/a> for parents of child readers.<\/p>\n<p><i><span style=\"font-weight: 400;\"><div class=\"box-fixa\"><\/span><\/i><\/p>\n<p><em>Books can be borrowed for the period of 4 weeks with the possibility of extending the period by another 4 weeks. If you fail to extend your loan in time, there is a fee of CZK 5 per book and per library open day for exceeding the loan period (late fee). The loan period can also be extended online before it expires.\u00a0<\/em><\/p>\n<p><i><span style=\"font-weight: 400;\"><\/div><\/span><\/i><\/p>\n<p><strong>Creative Library Centres<\/strong><\/p>\n<p>The library is not just books, it is also a place where you can spend your creative time! Just visit one of the creative centres.<\/p>\n<p><strong><a href=\"http:\/\/www.mlp.cz\/dok16\">DOK 16\u00a0<\/a><\/strong><\/p>\n<p>A neighbourhood workshop on the Sm\u00edchov embankment for everyone who wants to work on their own project and lacks tools or space.<\/p>\n<p>Reader\u2019s card holders can borrow hand and power tools for free. The workshop organises workshops and courses in working with wood and paper, lectures (not only) on crafts and sustainable lifestyle, Saturday activities for families with children, community events, swaps, and more.<\/p>\n<p>Address: Cell No. 16, Ho\u0159ej\u0161\u00ed n\u00e1b\u0159e\u017e\u00ed, Prague 5 \u2013 Sm\u00edchov<\/p>\n<p>Follow the workshop on<a href=\"http:\/\/wwww.facebook.com\/dok16\"> Facebook<\/a>!<\/p>\n<p><strong><a href=\"http:\/\/www.mlp.cz\/jezerka\">Jezerka Studio<\/a><\/strong><\/p>\n<p>Does your clothes need adjustment? Do you want to learn to sew? The Jezerka Studio has equipment for working with textiles as well as experienced consultants!<\/p>\n<p>Address: Pobo\u010dka Jezerka, Nuselsk\u00e1 603\/94, Praha 4<\/p>\n<p><strong><a href=\"http:\/\/www.mlp.cz\/suteren\">Suter\u00e9n<\/a><\/strong><\/p>\n<p>A shared workspace where you can work on your own projects or learn something new! Suter\u00e9n holds workshops in bookbinding, calligraphy and lettering, 3D modelling for printing, and pyrography. In Suter\u00e9n you can use programs for photo and video editing, equipment for printing, lamination and mechanical binding as well as 3D printing.<\/p>\n<p>Address: Central Library \u2013 Suter\u00e9n, Mari\u00e1nsk\u00e9 n\u00e1m\u011bst\u00ed 1, Prague 1<\/p>\n<p>Read more in an <a href=\"https:\/\/metropolevsech.eu\/wp-content\/uploads\/2022\/04\/MKP_2022_kreativni-centra_eng.pdf\">English information leaflet<\/a> about the Municipal Library creative centres.<\/p>\n<p>&nbsp;<\/p>","protected":false},"excerpt":{"rendered":"<p>A public library for everyone! A total of 44 library branches located throughout Prague offer a wide range of services and activities, many of which are available for free and without registration. The offer is even wider for registered users:&#8230;<\/p>\n<a class=\"more-block\" href=\"https:\/\/metropolevsech.eu\/en\/praha\/472-2\/mestska-knihovna-v-praze\/\">Read more<\/a>","protected":false},"author":7,"featured_media":7876,"parent":472,"menu_order":1,"comment_status":"closed","ping_status":"closed","template":"","meta":[],"acf":[],"_links":{"self":[{"href":"https:\/\/metropolevsech.eu\/en\/wp-json\/wp\/v2\/pages\/478"}],"collection":[{"href":"https:\/\/metropolevsech.eu\/en\/wp-json\/wp\/v2\/pages"}],"about":[{"href":"https:\/\/metropolevsech.eu\/en\/wp-json\/wp\/v2\/types\/page"}],"author":[{"embeddable":true,"href":"https:\/\/metropolevsech.eu\/en\/wp-json\/wp\/v2\/users\/7"}],"replies":[{"embeddable":true,"href":"https:\/\/metropolevsech.eu\/en\/wp-json\/wp\/v2\/comments?post=478"}],"version-history":[{"count":40,"href":"https:\/\/metropolevsech.eu\/en\/wp-json\/wp\/v2\/pages\/478\/revisions"}],"predecessor-version":[{"id":22930,"href":"https:\/\/metropolevsech.eu\/en\/wp-json\/wp\/v2\/pages\/478\/revisions\/22930"}],"up":[{"embeddable":true,"href":"https:\/\/metropolevsech.eu\/en\/wp-json\/wp\/v2\/pages\/472"}],"wp:featuredmedia":[{"embeddable":true,"href":"https:\/\/metropolevsech.eu\/en\/wp-json\/wp\/v2\/media\/7876"}],"wp:attachment":[{"href":"https:\/\/metropolevsech.eu\/en\/wp-json\/wp\/v2\/media?parent=478"}],"curies":[{"name":"wp","href":"https:\/\/api.w.org\/{rel}","templated":true}]}}