{"id":616,"date":"2017-01-01T12:06:12","date_gmt":"2017-01-01T11:06:12","guid":{"rendered":"https:\/\/metropolevsech.eu\/?page_id=616"},"modified":"2026-01-23T17:51:01","modified_gmt":"2026-01-23T16:51:01","slug":"jednotne-kontaktni-misto","status":"publish","type":"page","link":"https:\/\/metropolevsech.eu\/en\/potrebuji-resit\/podnikani\/jednotne-kontaktni-misto\/","title":{"rendered":"Points of Single Contact"},"content":{"rendered":"<p><em>The Point of Single Contact (PSC) offers free information necessary for starting a business in the Czech Republic or anywhere in the European Union. The PSC also facilitates contact with the competent authorities in the CR and in the EU responsible for the authorisation of the specific activity and forwards your application for a trade license or recognition of professional qualification to relevant authorities. All formalities necessary for starting a business can thus be completed at one place. PSCs are set up by the state on the basis of <\/em><a href=\"https:\/\/www.mpo.cz\/assets\/dokumenty\/31182\/34462\/370481\/priloha001.pdf\"><em>European Union legislation<\/em><\/a>. <em>The information they provide is verified and updated.<\/em><\/p>\n<p>In the Czech Republic there are 15 Points of Single Contact. The full list and the contacts for the individual PSCs are available on <a href=\"https:\/\/www.businessinfo.cz\/navody\/adresy-jednotnych-kontaktnich-mist-jkm\/#b14\">BusinessINFO<\/a>.<\/p>\n<p><em><div class=\"box-ok\">In Prague you can use the services of two PSCs: one at the Prague 1 Trade Licensing Office, the other at the Prague 7 Trade Licensing Office.<\/div><\/em><\/p>\n<h4><strong>Prague 1 City District Office \u2013 Municipal Trade Licensing Office<\/strong><\/h4>\n<p><strong>Address:<\/strong> Vodi\u010dkova 681\/18, 115 68, Prague 1 \u2013 Nov\u00e9 M\u011bsto<\/p>\n<p><strong>Telephone:<\/strong> + 420 221 097 139, + 420 221 097 394, + 420 221 097 366<\/p>\n<p><strong>Email: <\/strong>jkm@praha1.cz<\/p>\n<p><strong>Website: <\/strong><a href=\"http:\/\/www.praha1.cz\">www.praha1.cz<\/a><\/p>\n<h4><strong>Prague 7 City District Office \u2013 Municipal Trade Licensing Office<\/strong><\/h4>\n<p><strong>Address:<\/strong> N\u00e1b\u0159e\u017e\u00ed kpt. Jaro\u0161e 1000, 170 00 Prague 7<\/p>\n<p><strong>Telephone:<\/strong> + 420 220 144 164<\/p>\n<p><strong>Email:<\/strong> jkm@praha7.cz<\/p>\n<p><strong>Website: <\/strong><a href=\"http:\/\/www.praha7.cz\">www.praha7.cz<\/a><\/p>\n<p><strong><em><div class=\"box-ok\">Electronic form<\/em><\/strong><\/p>\n<p><em>Inquiries on business in the CR and the EU can also be submitted online via a form available on <\/em><a href=\"https:\/\/www.businessinfo.cz\/nastroje\/dotaz-podnikatele\/\"><em>BusinessINFO.cz<\/em><\/a>.<em><\/div><\/em><\/p>\n<p>For a complete list of information about PSCs and their services, see <a href=\"http:\/\/www.businessinfo.cz\">BusinessINFO.cz<\/a>.<\/p>\n<p><em><div class=\"box-ok\">At the Points of Single Contact, you can communicate in Czech as well as in English.<\/div><\/em><\/p>\n<p style=\"text-align: right;\"><em>Last update: 4 March 2025<\/em><\/p>\n<p>&nbsp;<\/p>","protected":false},"excerpt":{"rendered":"<p>The Point of Single Contact (PSC) offers free information necessary for starting a business in the Czech Republic or anywhere in the European Union. The PSC also facilitates contact with the competent authorities in the CR and in the EU&#8230;<\/p>\n<a class=\"more-block\" href=\"https:\/\/metropolevsech.eu\/en\/potrebuji-resit\/podnikani\/jednotne-kontaktni-misto\/\">Read more<\/a>","protected":false},"author":7,"featured_media":0,"parent":603,"menu_order":5,"comment_status":"closed","ping_status":"closed","template":"","meta":[],"acf":[],"_links":{"self":[{"href":"https:\/\/metropolevsech.eu\/en\/wp-json\/wp\/v2\/pages\/616"}],"collection":[{"href":"https:\/\/metropolevsech.eu\/en\/wp-json\/wp\/v2\/pages"}],"about":[{"href":"https:\/\/metropolevsech.eu\/en\/wp-json\/wp\/v2\/types\/page"}],"author":[{"embeddable":true,"href":"https:\/\/metropolevsech.eu\/en\/wp-json\/wp\/v2\/users\/7"}],"replies":[{"embeddable":true,"href":"https:\/\/metropolevsech.eu\/en\/wp-json\/wp\/v2\/comments?post=616"}],"version-history":[{"count":11,"href":"https:\/\/metropolevsech.eu\/en\/wp-json\/wp\/v2\/pages\/616\/revisions"}],"predecessor-version":[{"id":24550,"href":"https:\/\/metropolevsech.eu\/en\/wp-json\/wp\/v2\/pages\/616\/revisions\/24550"}],"up":[{"embeddable":true,"href":"https:\/\/metropolevsech.eu\/en\/wp-json\/wp\/v2\/pages\/603"}],"wp:attachment":[{"href":"https:\/\/metropolevsech.eu\/en\/wp-json\/wp\/v2\/media?parent=616"}],"curies":[{"name":"wp","href":"https:\/\/api.w.org\/{rel}","templated":true}]}}