{"id":666,"date":"2017-01-01T13:03:13","date_gmt":"2017-01-01T12:03:13","guid":{"rendered":"https:\/\/metropolevsech.eu\/?page_id=666"},"modified":"2026-02-02T21:56:25","modified_gmt":"2026-02-02T20:56:25","slug":"krizove-situace","status":"publish","type":"page","link":"https:\/\/metropolevsech.eu\/en\/potrebuji-resit\/krizove-situace-2\/krizove-situace\/","title":{"rendered":"Difficult Life Situations"},"content":{"rendered":"<p><\/p>\n<p data-start=\"320\" data-end=\"627\"><em>Anyone can fall into a difficult situation that they are not able to solve themselves and may need advice or a helping hand from someone else. In the Czech Republic, there is a well-developed and fairly well-functioning social system that helps prevent individuals from slipping through the net.<\/em><\/p>\n<p data-start=\"629\" data-end=\"850\"><em>In this chapter, you will learn whom to contact if you find yourself in a crisis situation and where to seek help. We hope that you will never have to use these services, but it is good to know they exist nonetheless.<\/em><\/p>\n<ul class=\"bullet\">\n<li><a href=\"#Loss of Housing; Homelessness\"><strong>Loss of Housing &amp; Homelessness<\/strong><\/a><\/li>\n<li><a href=\"#Drug Addiction\"><strong>Drug Addiction<\/strong><\/a><\/li>\n<li><a href=\"#Labour Exploitation\"><strong>Labour Exploitation<\/strong><\/a><\/li>\n<li><a href=\"#Domestic Violence\"><strong>Domestic Violence<\/strong><\/a><\/li>\n<li><a href=\"#Gambling\"><strong>Gambling<\/strong><\/a><\/li>\n<li><strong><a href=\"#Debts and Bankruptcy\">Debts and Bankruptcy<\/a><\/strong><\/li>\n<\/ul>\n<p>&nbsp;<\/p>\n<h3 id=\"Loss of Housing; Homelessness\"><strong>Loss of Housing &amp; Homelessness<\/strong><\/h3>\n<p>You can lose your place of living and become homeless quite quickly. Most often, the reason is some kind of hardship related to a divorce, a serious illness, a job loss (together with a loss of regular income), seizure of assets etc.<\/p>\n<p>If you get into a situation where you \u201close the roof over your head\u201d, contact the following organisations which offer advisory services as well as overnight stays, basic sanitation, food and clothing.<\/p>\n<p>The national umbrella organisation which unites entities that deal with the issue of homelessness is the <strong>S.A.D.<\/strong> platform (S\u00ed\u0165 akt\u00e9r\u016f pro domov, z.s.). On their <a href=\"\/\/sad-cr.cz\/\">website<\/a> there is a map of entities which provide services to people in need.<\/p>\n<h4><strong>Link:<\/strong><\/h4>\n<p>Some Prague-based organisations which help homeless people can be found on <a href=\"https:\/\/www.bezdomovectvi.cz\/organizace\/\">here<\/a>.<strong>\u00a0\u00a0\u00a0\u00a0\u00a0\u00a0\u00a0\u00a0\u00a0\u00a0\u00a0 <\/strong><br \/>\n<a><\/a><\/p>\n<p>&nbsp;<\/p>\n<h3 id=\"Drug Addiction\"><strong>Drug Addiction<\/strong><\/h3>\n<p>The following organisations provide information about drug issues, help with addiction treatment and provide free syringe exchanges, so that the spread of illnesses among drug users can be prevented.<\/p>\n<p>&nbsp;<\/p>\n<h4><strong>Drop In, o. p. s. <\/strong><\/h4>\n<p>Karol\u00edny Sv\u011btl\u00e9 18, 110 00 Prague 1<\/p>\n<p>+420 222 221 124<\/p>\n<p><a href=\"mailto:stredisko@dropin.cz\">stredisko@dropin.cz<\/a><\/p>\n<p><a href=\"\/\/www.dropin.cz\">www.dropin.cz<\/a><\/p>\n<p>&nbsp;<\/p>\n<h4><strong>Sananim, o. s.<\/strong><\/h4>\n<p>Na Skalce 819\/15, 150 00 Prague 5<\/p>\n<p><span style=\"font-weight: 400;\">+420 283 872 186<\/span><\/p>\n<p><a href=\"mailto:kacko@sananim.cz\">kacko@sananim.cz <\/a><\/p>\n<p><a href=\"\/\/www.sananim.cz\">www.sananim.cz<\/a><\/p>\n<p>&nbsp;<\/p>\n<h4><strong>Prev-Centrum <\/strong><\/h4>\n<p>Mezi\u0161kolsk\u00e1 1120\/2, 169 00 Prague 6<\/p>\n<p>+420 233 355 459 +420 777 161 138<\/p>\n<p><a href=\"mailto:poradna@prevcentrum.cz\">poradna@prevcentrum.cz<\/a><\/p>\n<p><a href=\"\/\/www.prevcentrum.cz\">www.prevcentrum.cz<\/a><\/p>\n<p>&nbsp;<\/p>\n<p>&nbsp;<\/p>\n<h3 id=\"Labour Exploitation\"><strong>Labour Exploitation<\/strong><\/h3>\n<p>Unfortunately, migrants often become victims of labour exploitation. Victims are lured by a false promise of well-paid work and then abused, most often through forced labour. Very often, the victims are also obliged to pay back debts for job mediation, borrowed work equipment etc. This is called human trafficking. It includes labour as well as sexual exploitation.<\/p>\n<p>&nbsp;<\/p>\n<h4><em><strong> How do you know that you have become a victim of human trafficking?<\/strong><\/em><\/h4>\n<ul>\n<li>&#8211; \u00a0Your employer does not make a work contract with you.<\/li>\n<li>&#8211; \u00a0Your employer makes you perform work which does not fall within your job description.<\/li>\n<li>&#8211; \u00a0Your employer makes you perform dangerous, life-threatening work.<\/li>\n<li>&#8211; \u00a0You work in an environment, which is life-threatening or you have not been provided with sufficient protective equipment.<\/li>\n<li>&#8211; \u00a0Your employer does not allow you to have a break to eat, drink or go to the toilet.<\/li>\n<li>&#8211; \u00a0Your employer does not pay you the agreed wage or pays only a part of it.<\/li>\n<li>&#8211; \u00a0You are in a situation of forced sexual exploitation (mainly concerning women).<\/li>\n<li>&#8211; \u00a0Other\u2026<\/li>\n<\/ul>\n<p>&nbsp;<\/p>\n<p>If you have any concerns that you or someone you know may be a victim of exploitation, contact the following NGOs which will provide help and advice:<\/p>\n<p>&nbsp;<\/p>\n<h4><strong>La Strada<\/strong><\/h4>\n<h4><span style=\"font-weight: 400;\">P.O. Box 305, Prague 1, 111 21<\/span><\/h4>\n<p><span style=\"font-weight: 400;\">+420 222 717 171, <\/span><span style=\"font-weight: 400;\">mobile phone: +420 603 153 465 (available 24\/7<\/span><span style=\"font-weight: 400;\">)<\/span><\/p>\n<p><a href=\"mailto:pomoc@strada.cz\"><span style=\"font-weight: 400;\">pomoc@strada.cz<\/span><\/a><\/p>\n<p><a href=\"\/\/www.strada.cz\">www.strada.cz<\/a><\/p>\n<p>&nbsp;<\/p>\n<h4><strong>Caritas of the Archdiocese of Prague &#8211; <b>Magdala project\u00a0<\/b><\/strong><\/h4>\n<p>Lond\u00fdnsk\u00e1 44, 120 00 Prague 2<\/p>\n<p><span style=\"font-weight: 400;\">+420 736 764 706<\/span><\/p>\n<p><a href=\"mailto:magdala@caritas.cz\"><span style=\"font-weight: 400;\">magdala@caritas.cz<\/span><\/a><\/p>\n<p><a href=\"https:\/\/praha.charita.cz\/magdala\/\"><span style=\"font-weight: 400;\">www.caritas.cz<\/span><\/a><\/p>\n<p>&nbsp;<\/p>\n<h4><b>ROZKO\u0160 bez RIZIKA<\/b><\/h4>\n<p><span style=\"font-weight: 400;\">Bolzanova 1, 110 00 Praha 1<\/span><\/p>\n<p><span style=\"font-weight: 400;\">+420 224 234 453<\/span><\/p>\n<p><a href=\"mailto:kancelar@rozkosbezrizika.cz\"><span style=\"font-weight: 400;\">kancelar@rozkosbezrizika.cz<\/span><\/a><\/p>\n<p><a href=\"https:\/\/rozkosbezrizika.cz\/\"><span style=\"font-weight: 400;\">www.rozkosbezrizika.cz<\/span><\/a><\/p>\n<div class=\"box-fixa\"><\/p>\n<p><em>You can also contact the Police of the CR directly by calling 158!<\/em><\/p>\n<p><\/div>\n<p>&nbsp;<\/p>\n<h3 id=\"Domestic Violence\"><strong>Domestic Violence<\/strong><\/h3>\n<p>Any kind of violence, including violence within the family, is an offence. Domestic violence is not only physical violence but also long-term humiliation or verbal abuse.<\/p>\n<p>Domestic violence knows no limits. It can take place between people of the same nationality, as well as in a mixed couple of a Czech person and a migrant. Migrants who become victims of domestic violence feel the same pain and humiliation as other people, but compared with Czech citizens, their position is often even more disadvantaged. Their vulnerability is caused by a lack of knowledge of the Czech language, limited awareness of their rights, social isolation, and restrictions on their residence in the CR. For these reasons, they are easy targets. They may not know how to defend themselves effectively or may be afraid to do so. They are usually dependent on a family member who uses violence against them. Often, it is also difficult for them to access professional services, or they may not trust such services.<\/p>\n<div class=\"box-fixa\"><br \/>\nIf you become a victim of domestic violence or know someone who may be a victim, contact the Police of the CR directly (tel. 158) or one of the following specialised NGOs:<br \/>\n<\/div>\n<h4><\/h4>\n<h4><strong>SIMI (Association for Integration and Migration)<\/strong><\/h4>\n<p>Baranova 33, Prague 3<\/p>\n<p>+420 224 224 379, 603 547 450<\/p>\n<p><a href=\"mailto:poradna@refug.cz\">poradna@refug.cz<\/a><\/p>\n<p><a href=\"\/\/www.migrace.com\/en\/\">www.migrace.com<\/a><\/p>\n<p>SIMI provides legal, social and psychosocial counselling free of charge in Czech, Russian, English and French. Other languages can be provided through interpreting by an intercultural worker.<\/p>\n<p>&nbsp;<\/p>\n<h4><strong>ACORUS &#8211; a centre for people endangered by domestic violence<\/strong><\/h4>\n<p>D\u011blnick\u00e1 213\/12, Prague 7 (only personal consultations; accommodation is provided elsewhere at a private address)<\/p>\n<p><a href=\"mailto:info@acorus.cz\">info@acorus.cz<\/a><\/p>\n<p><a href=\"\/\/www.acorus.cz\/\">www.acorus.cz<\/a><\/p>\n<p>NONSTOP telephone line: 283 892 772<\/p>\n<p>ACORUS provides emergency assistance \u2013 emergency accommodation at a private address, asylum accommodation at a private address, counselling for people endangered by domestic violence, legal information for victims of crimes commited in connection with domestic violence, flats of subsequent accomodation assistance at a private address. Services are provided in Czech; other languages are available in cooperation with SIMI and intercultural workers.<\/p>\n<p>&nbsp;<\/p>\n<h4><strong>White Circle of Safety<\/strong><\/h4>\n<p>U Trojice 2, 150 00 Prague 5<\/p>\n<p>+420 257 317 100<\/p>\n<p><a href=\"mailto:bkb.praha@bkb.cz\">bkb.praha@bkb.cz<\/a><\/p>\n<p><a href=\"\/\/www.bkb.cz\/en\/\">www.bkb.cz<\/a><\/p>\n<p>&nbsp;<\/p>\n<h4><strong>Intervention Centre Prague <\/strong><\/h4>\n<p>Chel\u010dick\u00e9ho 39, 130 00 Prague 3<\/p>\n<p>+420 281 911 883, +420 734 510 292<\/p>\n<p><a href=\"mailto:icpraha@csspraha.cz\">icpraha@csspraha.cz<\/a><\/p>\n<p><a href=\"\/\/www.intervencnicentrum.cz\">www.csspraha.cz\/intervencni-centrum<\/a><\/p>\n<p>&nbsp;<\/p>\n<h4><strong>proFem, o. p. s. <\/strong><\/h4>\n<p>Plze\u0148sk\u00e1 66, 150 00 Prague 5<\/p>\n<p>+420 608 22 22 77<\/p>\n<p><a href=\"mailto:poradna@profem.cz\">poradna@profem.cz<\/a><\/p>\n<p><a href=\"https:\/\/www.profem.cz\/en\">\/\/www.profem.cz\/english.aspx<\/a><\/p>\n<p>&nbsp;<\/p>\n<h4><strong>Rosa, o. s. <\/strong><\/h4>\n<p>Podolsk\u00e1 242\/25, 147 00 Prague 4<\/p>\n<p>+420 241 432 466<\/p>\n<p>SOS line: +420 602 246 102<\/p>\n<p><a href=\"mailto:info@rosa-os.cz\">info@rosa-os.cz<\/a><\/p>\n<p><a href=\"\/\/www.rosa-os.cz\">www.rosa-os.cz<\/a><\/p>\n<p>&nbsp;<\/p>\n<p>&nbsp;<\/p>\n<h3 id=\"Gambling\"><strong>Gambling<\/strong><\/h3>\n<p>Gambling, or addiction to it, is an illness that can lead to debts of hundreds of thousands or even millions of Czech crowns, loss of employment, friends, and family, and serious health issues.<\/p>\n<p>Most often, gamblers are addicted to slotmachines or card games (including online versions).<\/p>\n<p>For advice and help, contact the following organisation:<\/p>\n<p>&nbsp;<\/p>\n<h4><strong>Stop z\u00e1vislosti, o. s. (\u201cStop Addiction\u201d)<\/strong><\/h4>\n<p>+420 775 122 273<\/p>\n<p><a href=\"mailto:info@stopzavislosti.cz\">info@stopzavislosti.cz<\/a><\/p>\n<p><a href=\"https:\/\/stopzavislosti.cz\/\">www.stopzavislosti.cz<\/a><\/p>\n<p>&nbsp;<\/p>\n<h3 id=\"Debts and Bankruptcy\"><strong>Debts and Bankruptcy<\/strong><\/h3>\n<p>Anyone can get into financial difficulties that may culminate in debts or seizure of assets. If you find yourself in such a situation, contact the following NGOs, which provide information about resolving debts, payment scheduling, personal bankruptcy, etc.<\/p>\n<p>&nbsp;<\/p>\n<h4><strong>Maltese Aid<\/strong><\/h4>\n<p>L\u00e1ze\u0148sk\u00e1 2, 118 00 Prague 1<\/p>\n<p>+420 736 620 894<\/p>\n<p><a href=\"mailto:lidevnouzi@maltezskapomoc.cz\">lidevnouzi@maltezskapomoc.cz<\/a><\/p>\n<p><a href=\"https:\/\/maltezskapomoc.cz\/?gad_campaignid=1742750586\">www.maltezskapomoc.cz<\/a><\/p>\n<p>&nbsp;<\/p>\n<h4><strong>Counselling in Stringency<\/strong><\/h4>\n<p>Americk\u00e1 22, 120 00 Prague 2<\/p>\n<p>+420 222 922 240<\/p>\n<p><a href=\"mailto:poradna@financnitisen.cz\">poradna@financnitisen.cz<\/a><\/p>\n<p><a href=\"https:\/\/www.financnitisen.cz\/english_resume.php\">www.financnitisen.cz<\/a><\/p>","protected":false},"excerpt":{"rendered":"<p>Anyone can fall into a difficult situation that they are not able to solve themselves and may need advice or a helping hand from someone else. In the Czech Republic, there is a well-developed and fairly well-functioning social system that&#8230;<\/p>\n<a class=\"more-block\" href=\"https:\/\/metropolevsech.eu\/en\/potrebuji-resit\/krizove-situace-2\/krizove-situace\/\">Read more<\/a>","protected":false},"author":7,"featured_media":0,"parent":3099,"menu_order":2,"comment_status":"closed","ping_status":"closed","template":"","meta":[],"acf":[],"_links":{"self":[{"href":"https:\/\/metropolevsech.eu\/en\/wp-json\/wp\/v2\/pages\/666"}],"collection":[{"href":"https:\/\/metropolevsech.eu\/en\/wp-json\/wp\/v2\/pages"}],"about":[{"href":"https:\/\/metropolevsech.eu\/en\/wp-json\/wp\/v2\/types\/page"}],"author":[{"embeddable":true,"href":"https:\/\/metropolevsech.eu\/en\/wp-json\/wp\/v2\/users\/7"}],"replies":[{"embeddable":true,"href":"https:\/\/metropolevsech.eu\/en\/wp-json\/wp\/v2\/comments?post=666"}],"version-history":[{"count":4,"href":"https:\/\/metropolevsech.eu\/en\/wp-json\/wp\/v2\/pages\/666\/revisions"}],"predecessor-version":[{"id":24887,"href":"https:\/\/metropolevsech.eu\/en\/wp-json\/wp\/v2\/pages\/666\/revisions\/24887"}],"up":[{"embeddable":true,"href":"https:\/\/metropolevsech.eu\/en\/wp-json\/wp\/v2\/pages\/3099"}],"wp:attachment":[{"href":"https:\/\/metropolevsech.eu\/en\/wp-json\/wp\/v2\/media?parent=666"}],"curies":[{"name":"wp","href":"https:\/\/api.w.org\/{rel}","templated":true}]}}