{"id":891,"date":"2017-01-16T10:32:48","date_gmt":"2017-01-16T09:32:48","guid":{"rendered":"https:\/\/metropolevsech.eu\/?page_id=891"},"modified":"2026-01-24T14:28:46","modified_gmt":"2026-01-24T13:28:46","slug":"kurzy-ceskeho-jazyka","status":"publish","type":"page","link":"https:\/\/metropolevsech.eu\/en\/potrebuji-resit\/vzdelavani-a-nostrifikace-diplomu\/kurzy-ceskeho-jazyka\/","title":{"rendered":"Czech Language Courses"},"content":{"rendered":"<p><\/p>\n<ul class=\"bullet\">\n<li><a href=\"#kurzycz\">Czech courses for foreigners in Prague<\/a><\/li>\n<li><a href=\"#tpcz\">Czech exams for permanent residence and for Czech citizenship<\/a><\/li>\n<\/ul>\n<h2 id=\"kurzycz\"><b>Czech courses for foreigners in Prague<\/b><\/h2>\n<p><em>In this section, you will learn which organisations and schools organise Czech language courses. You will find an overview of different types of courses, usually divided by language level and the age of learners, along with some useful contacts. You will also find information on whom to contact if you want to learn professional Czech terminology or study at a Czech university in the Czech language.<\/em><\/p>\n<p>To fully participate in life in Prague, it is important to know Czech. Friends, relatives, or paid interpreters may help you communicate at the beginning, but from a long-term perspective, learning Czech yourself is much more beneficial. It will help you better understand the people around you, avoid misunderstandings, and significantly expand your job opportunities, allowing you to make full use of your skills and qualifications.<\/p>\n<p><a href=\"#newinprague\">Are you new in Prague and do not yet speak Czech well?<\/a><\/p>\n<p><a href=\"#preparingforstudy\">Are you preparing for university studies?<\/a><\/p>\n<h3 id=\"newinprague\"><strong>Are you new in Prague and do not yet speak Czech well?<\/strong><\/h3>\n<p>In Prague, you can attend Czech language courses offered by various providers \u2013 the Integration Centre Prague, city districts, non-governmental non-profit organisations (NGOs), language schools, and other institutions.<\/p>\n<p>The Integration Centre Prague and NGOs working with migrants have extensive experience in providing Czech language courses for foreigners. Courses are available for both children and adults. Some courses are free of charge, while others are paid. You can usually choose from several language levels \u2013 beginner, intermediate, and advanced. To get an overview of available courses, see the basic list below. For detailed information on currently open courses, contact the relevant organisation directly.<\/p>\n<div class=\"box-ok\"><\/p>\n<p>Please note that courses (especially those that are free of charge) fill up very quickly, so make sure to register for your chosen course in time. We also recommend following the organisations\u2019 Facebook pages, where you can find up-to-date information, for example about newly available places in Czech language courses.<\/div>\n<p>Please note that free courses tend to fill up very quickly, so timely registration is essential.<\/p>\n<h4><strong>Integration Centre Prague (ICP)<\/strong><\/h4>\n<p>The ICP offers Czech language courses for adults. Czech language courses are\u00a0<strong>primarily<\/strong> intended for third-country nationals who have a legal stay in the territory of the Czech Republic for a period exceeding 90 days. <strong>None<\/strong>\u00a0of the courses are meant for\u00a0<strong>applicants<\/strong> for international protection. The ICP also provides Czech language courses for children.<\/p>\n<p>Courses organised by the ICP take place in various places in Prague. For an up-to-date list of local courses, visit the <a href=\"https:\/\/icpraha.com\/en\/czech-language-courses\/\">ICP website<\/a>.<\/p>\n<h4>Contact:<\/h4>\n<p>Integra\u010dn\u00ed centrum Praha, o. p. s.<\/p>\n<p>\u017ditn\u00e1 1574\/51, 110 00 Prague 1<\/p>\n<p>Tel: +420 252\u00a0543\u00a0846<\/p>\n<p>Email: <a href=\"mailto:edu@icpraha.com\">edu@icpraha.com<\/a><\/p>\n<p>ICP&#8217;s <a href=\"https:\/\/icpraha.com\/en\">website<\/a><\/p>\n<p>ICP on<a href=\"https:\/\/www.facebook.com\/ICPraha?_rdr\">Facebook\u00a0<\/a><\/p>\n<h3><strong>Non-Governmental Non-Profit Organisations<\/strong><\/h3>\n<h4><strong>Centre for the Integration of Foreigners<\/strong><\/h4>\n<p>The Centre for the Integration of Foreigners provides for example these courses:<\/p>\n<p>Low-threshold Czech language courses for foreigners \u2013 basic level;<br data-start=\"122\" data-end=\"125\" \/>Preparation courses for the permanent residence and citizenship exams;<br data-start=\"195\" data-end=\"198\" \/>Family Czech language courses (for parents and children) and Czech courses for parents of school-age children;<br data-start=\"308\" data-end=\"311\" \/>Intensive Czech language courses for young people;<br data-start=\"361\" data-end=\"364\" \/>Intensive Czech language courses (4-week duration);<br data-start=\"415\" data-end=\"418\" \/>Semester-long Czech language courses \u2013 basic and advanced levels.<\/p>\n<h4>Contact:<\/h4>\n<p><span style=\"font-weight: 400;\">Pernerova 10\/32, Prague 8, 180 00<\/span><\/p>\n<p>courses also take place in <span style=\"font-weight: 400;\">Prague 3, Prague 4, Prague 13, and online<\/span><\/p>\n<p>Tel: <span style=\"font-weight: 400;\">+420 735 173 738<\/span><\/p>\n<p>Email:\u00a0<a href=\"mailto:npk@cicpraha.org\">npk@cicpraha.org<\/a><\/p>\n<p>Courses on the <a href=\"https:\/\/www.cicops.cz\/en\/czech-courses\">website<\/a><\/p>\n<p><span style=\"font-weight: 400;\">CIC on <a href=\"https:\/\/www.facebook.com\/centrumprointegracicizincu\">Facebook<\/a><\/span><\/p>\n<h4><strong>Nov\u00e1 \u0161kola, o. p. s. \u2013 the ROZLETY Programme (\u201cStarting to Fly\u201d)<\/strong><\/h4>\n<p>Nov\u00e1 \u0161kola offers additional lessons for primary and secondary school students. Lessons take place at least three times a week in the afternoon. The schedule is arranged according to students\u2019 needs and classroom capacity. One lesson lasts 60 minutes, and the overall duration of the course is not fixed. Children can join at any time during the school year.<\/p>\n<p>The aim of these lessons is to improve children\u2019s academic success. Groups are small and include both foreign and Czech children. Nov\u00e1 \u0161kola provides extra lessons in Czech as well as mathematics and English; other subjects can be arranged if needed.<\/p>\n<p>Lessons are free of charge.<\/p>\n<h4>Contact:<\/h4>\n<p>Nov\u00e1 \u0161kola, o. p. s.<\/p>\n<p>K\u0159i\u017e\u00edkova 344\/6, Prague 8 \u2013 Karl\u00edn, 186 00 (at the premises of Nov\u00e1 \u0161kola or by individual arrangement)<\/p>\n<p>Email: <a href=\"mailto:novaskola@novaskolaops.cz\">novaskola@novaskolaops.cz<\/a><\/p>\n<p><strong>Links: <\/strong><\/p>\n<ul class=\"bullet-links\">\n<li><a href=\"\/\/www.novaskolaops.cz\/\">Nov\u00e1 \u0161kola, o. p. s.<\/a>\u00a0(Czech)<\/li>\n<li><a href=\"\/\/www.asistentpedagoga.cz\/\">Portal for school assistants and teachers&#8217; assistants<\/a> (Czech)<\/li>\n<li><a href=\"\/\/www.ctenarskekluby.cz\">Readers&#8217; clubs<\/a> (Czech)<\/li>\n<\/ul>\n<h4><strong>Counselling Centre for Integration \/ Czech In Centre<\/strong><\/h4>\n<p>The Counselling Centre for Integration offers Czech language courses for adults at beginner, intermediate, and advanced levels. Participants can join even after the semester has started, with the price adjusted accordingly.<\/p>\n<p data-start=\"4480\" data-end=\"4651\">The Centre also provides courses for children at various levels. The levels are as follows: young school children \u2013 advanced, young school children \u2013 beginners\/intermediate, older school children \u2013 advanced, older school children \u2013 beginners\/intermediate. Children may also join after the semester has started, with adjusted fees.<\/p>\n<p data-start=\"4653\" data-end=\"4857\">In addition, the Centre offers preparatory courses for permanent residence and citizenship exams, individual lessons for children and adults, and intensive courses for children (and adults upon interest).<\/p>\n<h4>Contact:<\/h4>\n<p>Opletalova 6, entry from the Opletalka passage, Prague 1, 110 00<\/p>\n<p>Tel: +420 734 154 229<\/p>\n<p>Email: <a href=\"mailto:praha@p-p-i.cz\">praha@p-p-i.cz<\/a><\/p>\n<p>Czech In Center&#8217;s <a href=\"https:\/\/centrumczechin.cz\/en\/home\/\">website<\/a>, Counselling Centre&#8217;s <a href=\"https:\/\/p-p-i.cz\/?lang=en\">website<\/a><\/p>\n<p>Counselling Centre for Integration on <a href=\"https:\/\/www.facebook.com\/PoradnaprointegraciPraha\/?locale=cs_CZ\">Facebook<\/a><\/p>\n<h4><strong>InBaze<\/strong><\/h4>\n<p>InBaze offers courses for adults at beginner, intermediate and advanced levels. It is possible to join the course even after the semester has started. The price is then calculated accordingly.<\/p>\n<p>InBaze also offers courses for children. They can choose from the following levels: young school children \u2013 advanced, young school children \u2013 beginner\/intermediate, older school children \u2013 advanced, older school children \u2013 beginner\/intermediate. It is possible to join the course even after the semester has started. The price is then calculated accordingly.<\/p>\n<p>Preparatory courses for permanent residence and citizenship exams are offered as well, along with individual lessons and intensive courses.<\/p>\n<h4>Contact:<\/h4>\n<p>InB\u00e1ze<\/p>\n<p>Legerova 50, 120 00 Prague 2<\/p>\n<p>Tel: 739 037 353<\/p>\n<p>Email: <a href=\"mailto:info@inbaze.cz\"><u>info@inbaze.cz<\/u><\/a><\/p>\n<p>InBaze&#8217;s <a href=\"https:\/\/inbaze.cz\/\">website<\/a><\/p>\n<p>InBaze of <a href=\"https:\/\/www.facebook.com\/InBaze\">Facebook<\/a><\/p>\n<h4><strong>META<\/strong><\/h4>\n<div class=\"flex flex-col text-sm pb-25\">\n<article class=\"text-token-text-primary w-full focus:outline-none [--shadow-height:45px] has-data-writing-block:pointer-events-none has-data-writing-block:-mt-(--shadow-height) has-data-writing-block:pt-(--shadow-height) [&amp;:has([data-writing-block])&gt;*]:pointer-events-auto [content-visibility:auto] supports-[content-visibility:auto]:[contain-intrinsic-size:auto_100lvh] scroll-mt-[calc(var(--header-height)+min(200px,max(70px,20svh)))]\" dir=\"auto\" tabindex=\"-1\" data-turn-id=\"request-WEB:73a6b46f-9b1e-4083-9b0e-c6c182a6e370-0\" data-testid=\"conversation-turn-2\" data-scroll-anchor=\"true\" data-turn=\"assistant\">\n<div class=\"text-base my-auto mx-auto pb-10 [--thread-content-margin:--spacing(4)] @w-sm\/main:[--thread-content-margin:--spacing(6)] @w-lg\/main:[--thread-content-margin:--spacing(16)] px-(--thread-content-margin)\">\n<div class=\"[--thread-content-max-width:40rem] @w-lg\/main:[--thread-content-max-width:48rem] mx-auto max-w-(--thread-content-max-width) flex-1 group\/turn-messages focus-visible:outline-hidden relative flex w-full min-w-0 flex-col agent-turn\" tabindex=\"-1\">\n<div class=\"flex max-w-full flex-col grow\">\n<div class=\"min-h-8 text-message relative flex w-full flex-col items-end gap-2 text-start break-words whitespace-normal [.text-message+&amp;]:mt-1\" dir=\"auto\" data-message-author-role=\"assistant\" data-message-id=\"a1068f0b-d56e-40db-9354-86d0ffedf2bd\" data-message-model-slug=\"gpt-5-2\">\n<div class=\"flex w-full flex-col gap-1 empty:hidden first:pt-[1px]\">\n<div class=\"markdown prose dark:prose-invert w-full break-words light markdown-new-styling\">\n<p data-start=\"0\" data-end=\"216\" data-is-last-node=\"\" data-is-only-node=\"\">META offers Czech language courses at various levels and in different formats for children and students who have moved from abroad. The country of origin and the type of residence in the Czech Republic do not matter.<\/p>\n<\/div>\n<\/div>\n<\/div>\n<\/div>\n<\/div>\n<\/div>\n<\/article>\n<\/div>\n<h4>Contact:<\/h4>\n<p>META<\/p>\n<p>\u017derot\u00ednova 1124\/35, 130 00 Praha 3, \u017di\u017ekov<\/p>\n<p>Tel: 773 304 534<\/p>\n<p>Email: <a href=\"mailto:cjkurzy@meta-ops.cz\"><u>cjkurzy@meta-ops.cz<\/u><\/a>, <a href=\"mailto:info@meta-ops.cz\"><u>info@meta-ops.cz<\/u><\/a><\/p>\n<p>META&#8217;s <a href=\"https:\/\/meta-ops.eu\/what-are-we-doing-who-do-we-help\/\">website<\/a>, <a href=\"https:\/\/meta-ops.eu\/cizinci\/czech-language-courses-2\/\">Czech language courses<\/a><\/p>\n<p>META on <a href=\"https:\/\/www.facebook.com\/metavzdelavani\">Facebook<\/a><\/p>\n<h3><strong>Language Schools<\/strong><\/h3>\n<p>Some language schools also offer Czech language courses for foreigners. The City of Prague is the founder of the Language School of the Capital City of Prague with Accreditation for State Language Examination. To find out more about their Czech courses, see their <a href=\"https:\/\/www.sjs.cz\/czech-for-foreigners.html\">website<\/a>.<\/p>\n<p>There are many language schools in Prague and quite a lot of them offer Czech language courses. Check what they offer as well.<\/p>\n<div class=\"box-fixa\"> <em>Do you already know the basics of Czech and need to improve? Look for courses for intermediate learners. From time to time, some NGOs offer language courses focused on a specific field (Czech in healthcare, Czech for accountants and economists, Czech for business etc.). Some language schools also offer specialised Czech language courses.<\/em><\/div>\n<p><i><div class=\"box-fixa\">Keep an eye on the activities organised by your city district. A new Czech language course may be available close to your home!<\/div><\/i><\/p>\n<h4 id=\"preparingforstudy\"><strong>Are you preparing for university studies?<\/strong><\/h4>\n<p>If you want to study at a Czech university, you need a good command of the Czech language. Some universities require foreign nationals to take Czech language exams. The Institute of Language and Preparatory Studies of Charles University in Prague offers a wide range of Czech courses for foreigners. You can choose between intensive one-year or semester-long courses that prepare you to reach the level required for university studies. You will also learn specialised terminology needed for admission exams. You can attend courses based on your field of study (economics, humanities, medicine and natural sciences, technical fields, artistic fields, architecture etc.).<\/p>\n<h4><strong>Link:<\/strong><\/h4>\n<p>Information about preparatory courses for university studies is available on the website of the Institute of Language and Preparatory Studies:<\/p>\n<ul class=\"bullet-links\">\n<li><a href=\"\/\/ujop.cuni.cz\/en\/courses\/preparatory-courses-for-university-study\">Preparatory Courses<\/a><\/li>\n<\/ul>\n<h2 id=\"tpcz\"><b>Czech Exams for Permanent Residence and for Czech Citizenship<\/b><\/h2>\n<p><em>One of the main reasons for learning Czech is the requirement to pass Czech language exams for foreign nationals. These exams are necessary to obtain a permanent residence permit or Czech citizenship. Czech language exams are nationally standardised and can be taken throughout the Czech Republic.<br \/>\n<\/em><\/p>\n<p>All relevant information about Czech language exams can be found on the official website <a href=\"https:\/\/cestina-pro-cizince.cz\/?hl=en_US\">cestina-pro-cizince.cz<\/a>. The website is multilingual and provides details about the exams, preparation materials, fees, deadlines, and the application process for permanent residence or Czech citizenship.<\/p>\n<p>At level A2 \u2013 the level of the Czech exam for permanent residence &#8211; you can understand sentences and frequently used expressions related to areas of immediate relevance (e.g. basic personal and family information, shopping, local geography, employment). You can communicate in simple and routine tasks that require a direct exchange of information on familiar matters. You can describe aspects of your background, immediate environment, and basic needs in simple terms.<\/p>\n<p><strong>Links:\u00a0<\/strong><\/p>\n<ul>\n<li>Description of level A2 in Czech is available <a href=\"https:\/\/www.jazykove-urovne.cz\/uroven-a2\/\">here<\/a>.<\/li>\n<li>Information on the language exam for permanent residence is available <a href=\"https:\/\/cestina-pro-cizince.cz\/trvaly-pobyt\/a1\/en\/?hl=cs_CZ\">here<\/a>.<\/li>\n<\/ul>\n<h4><strong>Czech for state citizenship of the CR<\/strong><\/h4>\n<p data-start=\"3425\" data-end=\"3544\">To obtain Czech citizenship, you need to demonstrate Czech language proficiency at level B1 and pass the required exam.<\/p>\n<p data-start=\"3546\" data-end=\"3852\">At level B1, you can understand the main points of clear standard Czech texts on familiar topics such as work, study, or leisure. You can handle most situations that may arise while travelling. You can write simple, coherent texts on familiar topics and describe experiences, events, wishes, and ambitions.<\/p>\n<p data-start=\"3854\" data-end=\"3969\">In addition to the Czech language exam, you must also pass a test on Czech life and institutions. This test covers: basic information about Czech life and institutions, basic geographical information on the Czech Republic, and basic history and culture of the Czech Republic<\/p>\n<p><strong>Links:\u00a0<\/strong><\/p>\n<ul>\n<li>Description of level B1 is available <a href=\"https:\/\/www.jazykove-urovne.cz\/uroven-b1\/\">here.<\/a><\/li>\n<li>Information on the language exam for Czech citizenship is available <a href=\"https:\/\/obcanstvi.cestina-pro-cizince.cz\/?p=&amp;hl=en_US\">here<\/a><\/li>\n<\/ul>\n<h4>Where to take the exam in Prague<\/h4>\n<p>There are four locations in Prague where you can take the Czech language exam:<\/p>\n<p><strong>Charles University, Institute of Language and Preparatory Studies<\/strong><\/p>\n<p><strong>Study Centre Prague \u2013 Albertov\u00a0<\/strong><\/p>\n<p>Albertov 7\/3a<\/p>\n<p>128 00 Prague 2<\/p>\n<p>Tel: +420 224 918 775<\/p>\n<p><strong>Language School of the City of Prague with Language Exam Rights<\/strong><\/p>\n<p>\u0160kolsk\u00e1 15<\/p>\n<p>116 72 Prague 1<\/p>\n<p>Tel: +420 222 232 235, +420 773 949 159<\/p>\n<p><strong>Charles University, Institute for Language and Preparatory Studies<\/strong><\/p>\n<p><strong>Study Centre Prague \u2013 Hostiva\u0159<\/strong><\/p>\n<p>Weilova 1453\/2i<\/p>\n<p>102 00 Prague 10 Hostiva\u0159<\/p>\n<p>(building No.8)<\/p>\n<p>Tel. +420 267 215 412<\/p>\n<p><strong>Charles University, Institute for Language and Preparatory Studies<\/strong><\/p>\n<p><strong>Study Centre Prague \u2013 Krystal\u00a0<\/strong><\/p>\n<p>Jos\u00e9 Mart\u00edho 407\/2<\/p>\n<p>162 00 Prague 6<\/p>\n<p>Tel: +420 235 358\u00a0557<\/p>\n<p style=\"text-align: right;\"><em>Last update: 4 March 2025<\/em><\/p>\n<p><\/p>","protected":false},"excerpt":{"rendered":"<p>Czech courses for foreigners in Prague Czech exams for permanent residence and for Czech citizenship Czech courses for foreigners in Prague In this section, you will learn which organisations and schools organise Czech language courses. You will find an overview&#8230;<\/p>\n<a class=\"more-block\" href=\"https:\/\/metropolevsech.eu\/en\/potrebuji-resit\/vzdelavani-a-nostrifikace-diplomu\/kurzy-ceskeho-jazyka\/\">Read more<\/a>","protected":false},"author":7,"featured_media":7344,"parent":633,"menu_order":0,"comment_status":"closed","ping_status":"closed","template":"","meta":[],"acf":[],"_links":{"self":[{"href":"https:\/\/metropolevsech.eu\/en\/wp-json\/wp\/v2\/pages\/891"}],"collection":[{"href":"https:\/\/metropolevsech.eu\/en\/wp-json\/wp\/v2\/pages"}],"about":[{"href":"https:\/\/metropolevsech.eu\/en\/wp-json\/wp\/v2\/types\/page"}],"author":[{"embeddable":true,"href":"https:\/\/metropolevsech.eu\/en\/wp-json\/wp\/v2\/users\/7"}],"replies":[{"embeddable":true,"href":"https:\/\/metropolevsech.eu\/en\/wp-json\/wp\/v2\/comments?post=891"}],"version-history":[{"count":33,"href":"https:\/\/metropolevsech.eu\/en\/wp-json\/wp\/v2\/pages\/891\/revisions"}],"predecessor-version":[{"id":24564,"href":"https:\/\/metropolevsech.eu\/en\/wp-json\/wp\/v2\/pages\/891\/revisions\/24564"}],"up":[{"embeddable":true,"href":"https:\/\/metropolevsech.eu\/en\/wp-json\/wp\/v2\/pages\/633"}],"wp:featuredmedia":[{"embeddable":true,"href":"https:\/\/metropolevsech.eu\/en\/wp-json\/wp\/v2\/media\/7344"}],"wp:attachment":[{"href":"https:\/\/metropolevsech.eu\/en\/wp-json\/wp\/v2\/media?parent=891"}],"curies":[{"name":"wp","href":"https:\/\/api.w.org\/{rel}","templated":true}]}}