{"id":895,"date":"2017-01-16T10:34:34","date_gmt":"2017-01-16T09:34:34","guid":{"rendered":"https:\/\/metropolevsech.eu\/?page_id=895"},"modified":"2026-02-01T17:52:48","modified_gmt":"2026-02-01T16:52:48","slug":"kontakty","status":"publish","type":"page","link":"https:\/\/metropolevsech.eu\/en\/kontakty\/","title":{"rendered":"Contacts"},"content":{"rendered":"<p><\/p>\n<ul class=\"bullet\">\n<li><strong><a href=\"#Prague City Hall\">Prague City Hall<\/a><\/strong><\/li>\n<li><strong><a href=\"\/\/metropolevsech.eu\/en\/urady-v-praze\/jednotlive-mestske-casti\/\">City Districts Offices<\/a><\/strong><\/li>\n<li><strong><a href=\"#Integration Centre of Prague, o.p.s.\">Integration Centre of Prague, o.p.s.<\/a><\/strong><\/li>\n<li><strong><a href=\"\/\/metropolevsech.eu\/en\/sluzby-pro-migranty\/\">Non-Governmental Non-Profit Organisations<\/a><\/strong><\/li>\n<li><strong><a href=\"\/\/metropolevsech.eu\/en\/sluzby-pro-migranty\/interkulturni-pracovnici-a-komunitni-tlumocnici\/\">Intercultural Professionals and Community Interpreters<\/a><\/strong><\/li>\n<li><strong><a href=\"\/\/metropolevsech.eu\/en\/sluzby-pro-migranty\/migrantske-a-komunitni-organizace\/\">Migrant Organisations<\/a><\/strong><\/li>\n<li><strong><a href=\"#House of National Minorities - Prague\">House of National Minorities &#8211; Prague<\/a><\/strong><\/li>\n<li><strong><a href=\"#Ministry of the Interior of the Czech Republic, Department of Asylum and Migration Policy (OAMP)\">Ministry of the Interior of the Czech Republic, Department of Asylum and Migration Policy (OAMP)<\/a><\/strong><\/li>\n<li><strong><a href=\"#Police of the Czech Republic \u2013 Foreign Police Service\">Police of the Czech Republic \u2013 Foreign Police Service<\/a><\/strong><\/li>\n<\/ul>\n<p>&nbsp;<\/p>\n<p><div class=\"box-ok\"> <em>Other useful contacts are available on the website of the Ministry of the Interior of the CR:<\/em><\/p>\n<ul class=\"bullet-links\">\n<li><em><a href=\"\/\/www.cizinci.cz\/web\/cz\/adresar-organizaci-a-instituci\">Directory of Organisations and Institutions<\/a><\/em><\/div><\/li>\n<\/ul>\n<p>&nbsp;<\/p>\n<p>&nbsp;<\/p>\n<h3><\/h3>\n<h3><strong>Prague City Hall<\/strong><\/h3>\n<h4>Division of National Minorities and Foreigners<\/h4>\n<p>Within the Prague City Hall there is a Division of National Minorities and Foreigners which deals with integration and which is a part of the Office of the Chief Executive of the Prague City Hall department.<\/p>\n<p>&nbsp;<\/p>\n<h4>Contacts:<\/h4>\n<p><strong>Office of the Director of the City Hall \u2013 Division of National Minorities and Foreigners<\/strong><\/p>\n<p><a href=\"\/\/wgp.praha-mesto.cz\/tms\/html\/wgp_imb\/index.php?autolog_anonymous=1&amp;client_type=map_html&amp;strange_opener=0&amp;interface=tmv&amp;MAP=TMS_WGP_IMB&amp;client_type=map_html&amp;m_map_size=middle_map&amp;Values=30015&amp;Theme=stavebni_objekty_ui&amp;Field=IDBUD&amp;Command=SelByFld&amp;Zoom=ToExtent&amp;interface=tmv&amp;Project=TMS_WGP_IMB&amp;strange_opener=0&amp;client_lang=cz_iso&amp;cacheID=1163413428687\">\u0160kod\u016fv pal\u00e1c<\/a> \u2013 Jungmannova 35 \/ 29, 110 01 Prague 1<\/p>\n<p>Telephone: +420 236 00 2599<\/p>\n<p>Email: <a href=\"mailto:integrace@praha.eu\">integrace@praha.eu<\/a><\/p>\n<p>Website:\u00a0<a href=\"\/\/www.praha.eu\/jnp\/en\/index.html\">\/\/www.praha.eu\/jnp\/en\/index.html<\/a><\/p>\n<p>This division coordinates the implementation of activities and measures related to the integration of foreigners as defined by the Policy of the City of Prague for Integration of Foreign Nationals. It cooperates with individual departments of the Prague City Hall, ensures communication and cooperation with institutions, city districts, NGOs and other relevant organisations.<\/p>\n<p>&nbsp;<\/p>\n<h3><\/h3>\n<p>&nbsp;<\/p>\n<h3><strong>Integration Centre of Prague, o.p.s.<\/strong><\/h3>\n<p>If you are a migrant living in Prague and you are seeking advice, looking for a Czech language course or another type of course, want to get involved in or just come to one of the cultural, community or sports events, contact the Integration Centre of Prague.<\/p>\n<p><a href=\"\/\/icpraha.com\"><strong>The Integration Centre of Prague, o. p. s.<\/strong><\/a> was established by the Prague City Hall. Its task is to carry out systematic and comprehensive work in the area of integration of migrants. The slogan of the Integration Centre of Prague is \u201cMetropolis for All\u201d, which refers to one of its main aims: to create conditions which will allow migrants living in Prague to feel like fully-fledged citizens of our metropolis and participate in its public life.<\/p>\n<p>&nbsp;<\/p>\n<h4><strong>Contacts:<\/strong><\/h4>\n<p>Address: \u017ditn\u00e1 1574\/51, 110 00 Prague 1<\/p>\n<p>Tel.: +420 252 543 846<\/p>\n<p>Email: <a href=\"mailto:info@icpraha.com\">info@icpraha.com<\/a><\/p>\n<p>&nbsp;<\/p>\n<h3><\/h3>\n<p>&nbsp;<\/p>\n<h3><strong>House of National Minorities\u00a0<\/strong><strong>\u2013\u00a0<\/strong><strong>Prague<\/strong><\/h3>\n<p>Address: Vocelova 602\/3, 120 00 Prague 2<\/p>\n<p>Tel.: +420 221 419 800<\/p>\n<p>&nbsp;<\/p>\n<h3><\/h3>\n<p>&nbsp;<\/p>\n<h3><strong>Ministry of the Interior of the Czech Republic, Department of Asylum and Migration Policy (OAMP)<\/strong><\/h3>\n<p>Address: Nad \u0160tolou 3, 170\u00a034 Prague 7 (post box 21)<\/p>\n<p>Email: <a href=\"mailto:opu@mvcr.cz\">opu@mvcr.cz<\/a><\/p>\n<p>Email: <a href=\"mailto:pobyty@mvcr.cz\">pobyty@mvcr.cz<\/a> (general information line)<\/p>\n<p>Tel.: (Monday\u2013Thursday 8:00 a.m.\u2013 4:00 p.m.. Friday\u00a0 9:00 a.m \u2013 12 noon): +420 974 801 801 (general information line)<\/p>\n<p>Contacts for individual regional offices of the Department of Asylum and Migration Policy of the CR are available <a href=\"\/\/www.mvcr.cz\/mvcren\/article\/contacts.aspx\">here<\/a>.<\/p>\n<p>&nbsp;<\/p>\n<h3><\/h3>\n<p>&nbsp;<\/p>\n<h3><strong>Police of the Czech Republic \u2013 Foreign Police Service<\/strong><\/h3>\n<p>Address: Ol\u0161ansk\u00e1 2, 130\u00a051 Prague 3 (post box 78)<\/p>\n<p>Tel: +420\u00a0974\u00a0841\u00a0219 \u2013 secretariat of the director, fax: +420\u00a0974\u00a0841\u00a0093<\/p>\n<p>Email: <a href=\"mailto:pp.rscp.sekretariat@pcr.cz\">pp.rscp.sekretariat@pcr.cz<\/a><\/p>\n<p>Electronic registry (for documents with electronic signature): <a href=\"mailto:epodatelna.policie@pcr.cz\">epodatelna.policie@pcr.cz<\/a><\/p>\n<p>Website:\u00a0<a href=\"\/\/www.policie.cz\/sluzba-cizinecke-policie.aspx\">\/\/www.policie.cz\/sluzba-cizinecke-policie.aspx<\/a><\/p>\n<p>Contacts for the individual Foreign Police regional offices are available <a href=\"\/\/www.policie.cz\/clanek\/oddeleni-pobytovych-agend.aspx\">here<\/a>.<\/p>","protected":false},"excerpt":{"rendered":"<p>Prague City Hall City Districts Offices Integration Centre of Prague, o.p.s. Non-Governmental Non-Profit Organisations Intercultural Professionals and Community Interpreters Migrant Organisations House of National Minorities &#8211; Prague Ministry of the Interior of the Czech Republic, Department of Asylum and Migration&#8230;<\/p>\n<a class=\"more-block\" href=\"https:\/\/metropolevsech.eu\/en\/kontakty\/\">Read more<\/a>","protected":false},"author":7,"featured_media":3600,"parent":0,"menu_order":7,"comment_status":"closed","ping_status":"closed","template":"","meta":[],"acf":[],"_links":{"self":[{"href":"https:\/\/metropolevsech.eu\/en\/wp-json\/wp\/v2\/pages\/895"}],"collection":[{"href":"https:\/\/metropolevsech.eu\/en\/wp-json\/wp\/v2\/pages"}],"about":[{"href":"https:\/\/metropolevsech.eu\/en\/wp-json\/wp\/v2\/types\/page"}],"author":[{"embeddable":true,"href":"https:\/\/metropolevsech.eu\/en\/wp-json\/wp\/v2\/users\/7"}],"replies":[{"embeddable":true,"href":"https:\/\/metropolevsech.eu\/en\/wp-json\/wp\/v2\/comments?post=895"}],"version-history":[{"count":6,"href":"https:\/\/metropolevsech.eu\/en\/wp-json\/wp\/v2\/pages\/895\/revisions"}],"predecessor-version":[{"id":24836,"href":"https:\/\/metropolevsech.eu\/en\/wp-json\/wp\/v2\/pages\/895\/revisions\/24836"}],"wp:featuredmedia":[{"embeddable":true,"href":"https:\/\/metropolevsech.eu\/en\/wp-json\/wp\/v2\/media\/3600"}],"wp:attachment":[{"href":"https:\/\/metropolevsech.eu\/en\/wp-json\/wp\/v2\/media?parent=895"}],"curies":[{"name":"wp","href":"https:\/\/api.w.org\/{rel}","templated":true}]}}